{"id":100,"date":"2022-04-14T01:06:55","date_gmt":"2022-04-14T01:06:55","guid":{"rendered":"https:\/\/securitybytestech.com\/?page_id=100"},"modified":"2024-06-26T21:55:21","modified_gmt":"2024-06-26T21:55:21","slug":"contactenos","status":"publish","type":"page","link":"https:\/\/securitybytestech.com\/en\/contact-us\/","title":{"rendered":"Contact Us"},"content":{"rendered":"<div data-elementor-type=\"wp-page\" data-elementor-id=\"100\" class=\"elementor elementor-100\" data-elementor-post-type=\"page\">\n\t\t\t\t\t\t<section class=\"elementor-section elementor-top-section elementor-element elementor-element-efbd925 elementor-section-full_width elementor-section-height-default elementor-section-height-default\" data-id=\"efbd925\" data-element_type=\"section\">\n\t\t\t\t\t\t<div class=\"elementor-container elementor-column-gap-no\">\n\t\t\t\t\t<div class=\"elementor-column elementor-col-50 elementor-top-column elementor-element elementor-element-a36d199\" data-id=\"a36d199\" data-element_type=\"column\">\n\t\t\t<div class=\"elementor-widget-wrap elementor-element-populated\">\n\t\t\t\t\t\t<div class=\"elementor-element elementor-element-eefbb34 de_scroll_animation_no elementor-widget elementor-widget-heading\" data-id=\"eefbb34\" data-element_type=\"widget\" data-widget_type=\"heading.default\">\n\t\t\t\t<div class=\"elementor-widget-container\">\n\t\t\t\t\t<h1 class=\"elementor-heading-title elementor-size-default\">Contact Us\n\n\n\n<\/h1>\t\t\t\t<\/div>\n\t\t\t\t<\/div>\n\t\t\t\t\t<\/div>\n\t\t<\/div>\n\t\t\t\t<div class=\"elementor-column elementor-col-50 elementor-top-column elementor-element elementor-element-334d555 elementor-hidden-tablet elementor-hidden-phone\" data-id=\"334d555\" data-element_type=\"column\" data-settings=\"{&quot;background_background&quot;:&quot;classic&quot;}\">\n\t\t\t<div class=\"elementor-widget-wrap\">\n\t\t\t\t\t\t\t<\/div>\n\t\t<\/div>\n\t\t\t\t\t<\/div>\n\t\t<\/section>\n\t\t\t\t<section class=\"elementor-section elementor-top-section elementor-element elementor-element-9efe766 elementor-section-boxed elementor-section-height-default elementor-section-height-default\" data-id=\"9efe766\" data-element_type=\"section\">\n\t\t\t\t\t\t<div class=\"elementor-container elementor-column-gap-default\">\n\t\t\t\t\t<div class=\"elementor-column elementor-col-50 elementor-top-column elementor-element elementor-element-9592024\" data-id=\"9592024\" data-element_type=\"column\">\n\t\t\t<div class=\"elementor-widget-wrap elementor-element-populated\">\n\t\t\t\t\t\t<div class=\"elementor-element elementor-element-7c0ea6d de_scroll_animation_no elementor-invisible elementor-widget elementor-widget-image\" data-id=\"7c0ea6d\" data-element_type=\"widget\" data-settings=\"{&quot;_animation&quot;:&quot;fadeInRight&quot;}\" data-widget_type=\"image.default\">\n\t\t\t\t<div class=\"elementor-widget-container\">\n\t\t\t\t\t\t\t\t\t\t\t\t\t\t\t\t<a href=\"https:\/\/securitybytestech.com\/en\/\">\n\t\t\t\t\t\t\t<img fetchpriority=\"high\" decoding=\"async\" width=\"700\" height=\"137\" src=\"https:\/\/securitybytestech.com\/wp-content\/uploads\/2022\/04\/LOGO-BLANCO.png\" class=\"elementor-animation-shrink attachment-large size-large wp-image-993\" alt=\"\" srcset=\"https:\/\/securitybytestech.com\/wp-content\/uploads\/2022\/04\/LOGO-BLANCO.png 700w, https:\/\/securitybytestech.com\/wp-content\/uploads\/2022\/04\/LOGO-BLANCO-300x59.png 300w, https:\/\/securitybytestech.com\/wp-content\/uploads\/2022\/04\/LOGO-BLANCO-18x4.png 18w\" sizes=\"(max-width: 700px) 100vw, 700px\" \/>\t\t\t\t\t\t\t\t<\/a>\n\t\t\t\t\t\t\t\t\t\t\t\t\t\t\t<\/div>\n\t\t\t\t<\/div>\n\t\t\t\t<div class=\"elementor-element elementor-element-de797ba elementor-view-stacked elementor-shape-square elementor-position-top elementor-mobile-position-top de_scroll_animation_no elementor-invisible elementor-widget elementor-widget-icon-box\" data-id=\"de797ba\" data-element_type=\"widget\" data-settings=\"{&quot;_animation&quot;:&quot;fadeInRight&quot;}\" data-widget_type=\"icon-box.default\">\n\t\t\t\t<div class=\"elementor-widget-container\">\n\t\t\t\t\t\t\t<div class=\"elementor-icon-box-wrapper\">\n\n\t\t\t\t\t\t<div class=\"elementor-icon-box-icon\">\n\t\t\t\t<span  class=\"elementor-icon\">\n\t\t\t\t<i aria-hidden=\"true\" class=\"fas fa-unlock\"><\/i>\t\t\t\t<\/span>\n\t\t\t<\/div>\n\t\t\t\n\t\t\t\t\t\t<div class=\"elementor-icon-box-content\">\n\n\t\t\t\t\t\t\t\t\t<p class=\"elementor-icon-box-title\">\n\t\t\t\t\t\t<span  >\n\t\t\t\t\t\t\tLet's do technology together\t\t\t\t\t\t<\/span>\n\t\t\t\t\t<\/p>\n\t\t\t\t\n\t\t\t\t\t\t\t\t\t<p class=\"elementor-icon-box-description\">\n\t\t\t\t\t\tContact Security Bytes Tech Limited immediately to start improving your business.\nOur team is always here to help you. You can contact us. \n\nComplete this form to schedule a call and one of our consultants will contact you within 24 hours.\n\t\t\t\t\t<\/p>\n\t\t\t\t\n\t\t\t<\/div>\n\t\t\t\n\t\t<\/div>\n\t\t\t\t\t\t<\/div>\n\t\t\t\t<\/div>\n\t\t\t\t\t<\/div>\n\t\t<\/div>\n\t\t\t\t<div class=\"elementor-column elementor-col-50 elementor-top-column elementor-element elementor-element-d106ece\" data-id=\"d106ece\" data-element_type=\"column\">\n\t\t\t<div class=\"elementor-widget-wrap elementor-element-populated\">\n\t\t\t\t\t\t<div class=\"elementor-element elementor-element-1916591 elementor-view-stacked elementor-shape-square elementor-position-top elementor-mobile-position-top de_scroll_animation_no elementor-invisible elementor-widget elementor-widget-icon-box\" data-id=\"1916591\" data-element_type=\"widget\" data-settings=\"{&quot;_animation&quot;:&quot;fadeInLeft&quot;}\" data-widget_type=\"icon-box.default\">\n\t\t\t\t<div class=\"elementor-widget-container\">\n\t\t\t\t\t\t\t<div class=\"elementor-icon-box-wrapper\">\n\n\t\t\t\t\t\t<div class=\"elementor-icon-box-icon\">\n\t\t\t\t<span  class=\"elementor-icon\">\n\t\t\t\t<i aria-hidden=\"true\" class=\"icon icon-email\"><\/i>\t\t\t\t<\/span>\n\t\t\t<\/div>\n\t\t\t\n\t\t\t\t\t\t<div class=\"elementor-icon-box-content\">\n\n\t\t\t\t\n\t\t\t\t\t\t\t\t\t<p class=\"elementor-icon-box-description\">\n\t\t\t\t\t\t\nEmail:servicioalcliente@securitybytestech.com\n\t\t\t\t\t<\/p>\n\t\t\t\t\n\t\t\t<\/div>\n\t\t\t\n\t\t<\/div>\n\t\t\t\t\t\t<\/div>\n\t\t\t\t<\/div>\n\t\t\t\t<div class=\"elementor-element elementor-element-9b94c2d elementor-view-stacked elementor-shape-square elementor-position-top elementor-mobile-position-top de_scroll_animation_no elementor-invisible elementor-widget elementor-widget-icon-box\" data-id=\"9b94c2d\" data-element_type=\"widget\" data-settings=\"{&quot;_animation&quot;:&quot;fadeInLeft&quot;}\" data-widget_type=\"icon-box.default\">\n\t\t\t\t<div class=\"elementor-widget-container\">\n\t\t\t\t\t\t\t<div class=\"elementor-icon-box-wrapper\">\n\n\t\t\t\t\t\t<div class=\"elementor-icon-box-icon\">\n\t\t\t\t<span  class=\"elementor-icon\">\n\t\t\t\t<i aria-hidden=\"true\" class=\"dticon dticon-location-outline\"><\/i>\t\t\t\t<\/span>\n\t\t\t<\/div>\n\t\t\t\n\t\t\t\t\t\t<div class=\"elementor-icon-box-content\">\n\n\t\t\t\t\n\t\t\t\t\t\t\t\t\t<p class=\"elementor-icon-box-description\">\n\t\t\t\t\t\t\nDirecci\u00f3n:Cowork -  Oficentro ejecutivo la Sabana<br>\nEdificio 6 piso 7 -  Oficina #804   Sabana, San Jose Costa Rica\t\t\t\t\t<\/p>\n\t\t\t\t\n\t\t\t<\/div>\n\t\t\t\n\t\t<\/div>\n\t\t\t\t\t\t<\/div>\n\t\t\t\t<\/div>\n\t\t\t\t<div class=\"elementor-element elementor-element-a928e1a elementor-view-stacked elementor-shape-square elementor-position-top elementor-mobile-position-top de_scroll_animation_no elementor-invisible elementor-widget elementor-widget-icon-box\" data-id=\"a928e1a\" data-element_type=\"widget\" data-settings=\"{&quot;_animation&quot;:&quot;fadeInLeft&quot;}\" data-widget_type=\"icon-box.default\">\n\t\t\t\t<div class=\"elementor-widget-container\">\n\t\t\t\t\t\t\t<div class=\"elementor-icon-box-wrapper\">\n\n\t\t\t\t\t\t<div class=\"elementor-icon-box-icon\">\n\t\t\t\t<span  class=\"elementor-icon\">\n\t\t\t\t<i aria-hidden=\"true\" class=\"dticon dticon-phone-portrait-outline\"><\/i>\t\t\t\t<\/span>\n\t\t\t<\/div>\n\t\t\t\n\t\t\t\t\t\t<div class=\"elementor-icon-box-content\">\n\n\t\t\t\t\n\t\t\t\t\t\t\t\t\t<p class=\"elementor-icon-box-description\">\n\t\t\t\t\t\t\nPhone: +506 2291-2651\t\t\t\t\t<\/p>\n\t\t\t\t\n\t\t\t<\/div>\n\t\t\t\n\t\t<\/div>\n\t\t\t\t\t\t<\/div>\n\t\t\t\t<\/div>\n\t\t\t\t\t<\/div>\n\t\t<\/div>\n\t\t\t\t\t<\/div>\n\t\t<\/section>\n\t\t\t\t<section class=\"elementor-section elementor-top-section elementor-element elementor-element-1c5c81f elementor-hidden-tablet elementor-hidden-mobile elementor-section-boxed elementor-section-height-default elementor-section-height-default\" data-id=\"1c5c81f\" data-element_type=\"section\">\n\t\t\t\t\t\t<div class=\"elementor-container elementor-column-gap-default\">\n\t\t\t\t\t<div class=\"elementor-column elementor-col-100 elementor-top-column elementor-element elementor-element-349ba15\" data-id=\"349ba15\" data-element_type=\"column\">\n\t\t\t<div class=\"elementor-widget-wrap elementor-element-populated\">\n\t\t\t\t\t\t<div class=\"elementor-element elementor-element-3c1c250 de_scroll_animation_no elementor-widget elementor-widget-text-editor\" data-id=\"3c1c250\" data-element_type=\"widget\" data-widget_type=\"text-editor.default\">\n\t\t\t\t<div class=\"elementor-widget-container\">\n\t\t\t\t\t\t\t\t\t<div>Hello<\/div><div>\u00a0<\/div><div><div>Dear<\/div><\/div><div>\u00a0<\/div><div><div>Thank you for contacting us through our online form.<\/div><div>\u00a0<\/div><div><div><div>We have received your message and want to assure you that our team is working to get back to you as soon as possible.<\/div><\/div><\/div><div>\u00a0<\/div><div>Your inquiry is important to us and we are committed to providing you with the attention you deserve.<\/div><div>\u00a0<\/div><div>A representative of our team will contact you as soon as possible.<\/div><div>\u00a0<\/div><div>We appreciate your patience and trust in our services.<\/div><\/div>\t\t\t\t\t\t\t\t<\/div>\n\t\t\t\t<\/div>\n\t\t\t\t\t<\/div>\n\t\t<\/div>\n\t\t\t\t\t<\/div>\n\t\t<\/section>\n\t\t\t\t<section class=\"elementor-section elementor-top-section elementor-element elementor-element-31c73595 elementor-section-boxed elementor-section-height-default elementor-section-height-default\" data-id=\"31c73595\" data-element_type=\"section\">\n\t\t\t\t\t\t<div class=\"elementor-container elementor-column-gap-default\">\n\t\t\t\t\t<div class=\"elementor-column elementor-col-50 elementor-top-column elementor-element elementor-element-4a7e00de\" data-id=\"4a7e00de\" data-element_type=\"column\">\n\t\t\t<div class=\"elementor-widget-wrap elementor-element-populated\">\n\t\t\t\t\t\t<div class=\"elementor-element elementor-element-60fbec1 elementor-button-align-stretch de_scroll_animation_no elementor-invisible elementor-widget elementor-widget-form\" data-id=\"60fbec1\" data-element_type=\"widget\" data-settings=\"{&quot;step_next_label&quot;:&quot;Next&quot;,&quot;step_previous_label&quot;:&quot;Previous&quot;,&quot;_animation&quot;:&quot;fadeInUp&quot;,&quot;button_width&quot;:&quot;100&quot;,&quot;step_type&quot;:&quot;number_text&quot;,&quot;step_icon_shape&quot;:&quot;circle&quot;}\" data-widget_type=\"form.default\">\n\t\t\t\t<div class=\"elementor-widget-container\">\n\t\t\t\t\t\t\t<form class=\"elementor-form\" method=\"post\" name=\"New Form\" aria-label=\"New Form\" action=\"\">\n\t\t\t<input type=\"hidden\" name=\"post_id\" value=\"100\"\/>\n\t\t\t<input type=\"hidden\" name=\"form_id\" value=\"60fbec1\"\/>\n\t\t\t<input type=\"hidden\" name=\"referer_title\" value=\"Cont\u00e1ctenos\" \/>\n\n\t\t\t\t\t\t\t<input type=\"hidden\" name=\"queried_id\" value=\"100\"\/>\n\t\t\t\n\t\t\t<div class=\"elementor-form-fields-wrapper elementor-labels-above\">\n\t\t\t\t\t\t\t\t<div class=\"elementor-field-type-text elementor-field-group elementor-column elementor-field-group-name elementor-col-100 elementor-field-required\">\n\t\t\t\t\t\t\t\t\t\t\t\t<label for=\"form-field-name\" class=\"elementor-field-label\">\n\t\t\t\t\t\t\t\tName\t\t\t\t\t\t\t<\/label>\n\t\t\t\t\t\t\t\t\t\t\t\t\t\t<input size=\"1\" type=\"text\" name=\"form_fields[name]\" id=\"form-field-name\" class=\"elementor-field elementor-size-sm  elementor-field-textual\" required=\"required\">\n\t\t\t\t\t\t\t\t\t\t\t<\/div>\n\t\t\t\t\t\t\t\t<div class=\"elementor-field-type-text elementor-field-group elementor-column elementor-field-group-field_699c03a elementor-col-100 elementor-field-required\">\n\t\t\t\t\t\t\t\t\t\t\t\t<label for=\"form-field-field_699c03a\" class=\"elementor-field-label\">\n\t\t\t\t\t\t\t\tCompany\t\t\t\t\t\t\t<\/label>\n\t\t\t\t\t\t\t\t\t\t\t\t\t\t<input size=\"1\" type=\"text\" name=\"form_fields[field_699c03a]\" id=\"form-field-field_699c03a\" class=\"elementor-field elementor-size-sm  elementor-field-textual\" required=\"required\">\n\t\t\t\t\t\t\t\t\t\t\t<\/div>\n\t\t\t\t\t\t\t\t<div class=\"elementor-field-type-email elementor-field-group elementor-column elementor-field-group-email elementor-col-100 elementor-field-required\">\n\t\t\t\t\t\t\t\t\t\t\t\t<label for=\"form-field-email\" class=\"elementor-field-label\">\n\t\t\t\t\t\t\t\tEmail\t\t\t\t\t\t\t<\/label>\n\t\t\t\t\t\t\t\t\t\t\t\t\t\t<input size=\"1\" type=\"email\" name=\"form_fields[email]\" id=\"form-field-email\" class=\"elementor-field elementor-size-sm  elementor-field-textual\" required=\"required\">\n\t\t\t\t\t\t\t\t\t\t\t<\/div>\n\t\t\t\t\t\t\t\t<div class=\"elementor-field-type-text elementor-field-group elementor-column elementor-field-group-field_7f7a09c elementor-col-100 elementor-field-required\">\n\t\t\t\t\t\t\t\t\t\t\t\t<label for=\"form-field-field_7f7a09c\" class=\"elementor-field-label\">\n\t\t\t\t\t\t\t\tTelephone\t\t\t\t\t\t\t<\/label>\n\t\t\t\t\t\t\t\t\t\t\t\t\t\t<input size=\"1\" type=\"text\" name=\"form_fields[field_7f7a09c]\" id=\"form-field-field_7f7a09c\" class=\"elementor-field elementor-size-sm  elementor-field-textual\" required=\"required\">\n\t\t\t\t\t\t\t\t\t\t\t<\/div>\n\t\t\t\t\t\t\t\t<div class=\"elementor-field-type-select elementor-field-group elementor-column elementor-field-group-field_1f3c29b elementor-col-100 elementor-field-type-select-multiple elementor-field-required\">\n\t\t\t\t\t\t\t\t\t\t\t\t<label for=\"form-field-field_1f3c29b\" class=\"elementor-field-label\">\n\t\t\t\t\t\t\t\tSolutions\t\t\t\t\t\t\t<\/label>\n\t\t\t\t\t\t\t\t<div class=\"elementor-field elementor-select-wrapper remove-before\">\n\t\t\t<div class=\"select-caret-down-wrapper\">\n\t\t\t\t\t\t\t<\/div>\n\t\t\t<select name=\"form_fields[field_1f3c29b][]\" id=\"form-field-field_1f3c29b\" class=\"elementor-field-textual elementor-size-sm\" required=\"required\" multiple=\"\">\n\t\t\t\t\t\t\t\t\t<option value=\"Infraestructura en la nube\">Cloud Infrastructure<\/option>\n\t\t\t\t\t\t\t\t\t<option value=\"La seguridad cibern\u00e9tica\">Cloud Infrastructure<\/option>\n\t\t\t\t\t\t\t\t\t<option value=\"Seguridad del correo electr\u00f3nico empresarial\">Business Email Security<\/option>\n\t\t\t\t\t\t\t\t\t<option value=\"Seguridad de dispositivos m\u00f3viles\">Mobile Device Security<\/option>\n\t\t\t\t\t\t\t\t\t<option value=\"TI remota\">Remote IT<\/option>\n\t\t\t\t\t\t\t\t\t<option value=\"Seguridad de Microsoft\">Microsoft Security<\/option>\n\t\t\t\t\t\t\t\t\t<option value=\"Gobernanza de TI\">Gobernanza de TI<\/option>\n\t\t\t\t\t\t\t\t\t<option value=\"Cumplimiento de TI\">IT Compliance<\/option>\n\t\t\t\t\t\t\t\t\t<option value=\"Soluciones de documentos\">Document Solutions<\/option>\n\t\t\t\t\t\t\t\t\t<option value=\"TI de la construcci\u00f3n\">TI de la construcci\u00f3n<\/option>\n\t\t\t\t\t\t\t\t\t<option value=\"Telecomunicaciones\">Telecommunications<\/option>\n\t\t\t\t\t\t\t<\/select>\n\t\t<\/div>\n\t\t\t\t\t\t<\/div>\n\t\t\t\t\t\t\t\t<div class=\"elementor-field-type-select elementor-field-group elementor-column elementor-field-group-field_043d353 elementor-col-100 elementor-field-type-select-multiple elementor-field-required\">\n\t\t\t\t\t\t\t\t\t\t\t\t<label for=\"form-field-field_043d353\" class=\"elementor-field-label\">\n\t\t\t\t\t\t\t\tServices\t\t\t\t\t\t\t<\/label>\n\t\t\t\t\t\t\t\t<div class=\"elementor-field elementor-select-wrapper remove-before\">\n\t\t\t<div class=\"select-caret-down-wrapper\">\n\t\t\t\t\t\t\t<\/div>\n\t\t\t<select name=\"form_fields[field_043d353][]\" id=\"form-field-field_043d353\" class=\"elementor-field-textual elementor-size-sm\" required=\"required\" multiple=\"\">\n\t\t\t\t\t\t\t\t\t<option value=\"Capacitaci\u00f3n\">Training<\/option>\n\t\t\t\t\t\t\t\t\t<option value=\"Gesti\u00f3n de riesgos\">Risk Management<\/option>\n\t\t\t\t\t\t\t\t\t<option value=\"La seguridad cibern\u00e9tica\">Cloud Infrastructure<\/option>\n\t\t\t\t\t\t\t\t\t<option value=\"Desarrollo de software\">Software Development<\/option>\n\t\t\t\t\t\t\t\t\t<option value=\"Aprendizaje electr\u00f3nico\">E-learning<\/option>\n\t\t\t\t\t\t\t\t\t<option value=\"Externalizaci\u00f3n de TI\">Externalizaci\u00f3n de TI<\/option>\n\t\t\t\t\t\t\t\t\t<option value=\"Auditor\u00eda\">Audit<\/option>\n\t\t\t\t\t\t\t\t\t<option value=\"Servicios TI\">IT Services<\/option>\n\t\t\t\t\t\t\t\t\t<option value=\"BI de integraci\u00f3n y an\u00e1lisis de datos\">BI de integraci\u00f3n y an\u00e1lisis de datos<\/option>\n\t\t\t\t\t\t\t<\/select>\n\t\t<\/div>\n\t\t\t\t\t\t<\/div>\n\t\t\t\t\t\t\t\t<div class=\"elementor-field-type-checkbox elementor-field-group elementor-column elementor-field-group-field_cdaa598 elementor-col-100\">\n\t\t\t\t\t<div class=\"elementor-field-subgroup\"><span class=\"elementor-field-option\"><input type=\"checkbox\" value=\"Acepto recibir consejos \u00fatiles de TI y seguridad y noticias de SECURITY BYTES TECH LT, incluidos correos electr\u00f3nicos promocionales al ingresar esta informaci\u00f3n. Por favor revise nuestra Pol\u00edtica de Privacidad para conocer m\u00e1s acerca de SECURITY BYTES TECH Limitada trata su informaci\u00f3n personal.\" id=\"form-field-field_cdaa598-0\" name=\"form_fields[field_cdaa598]\"> <label for=\"form-field-field_cdaa598-0\">I agree to receive helpful IT &amp; security tips and news from SECURITY BYTES TECH LT, including promotional emails\t by entering this information. Please review our Privacy Policy to learn more about SECURITY BYTES TECH Limitada treats your personal information.<\/label><\/span><\/div>\t\t\t\t<\/div>\n\t\t\t\t\t\t\t\t<div class=\"elementor-field-type-recaptcha elementor-field-group elementor-column elementor-field-group-field_4fec079 elementor-col-100\">\n\t\t\t\t\t<div class=\"elementor-field\" id=\"form-field-field_4fec079\"><div class=\"elementor-g-recaptcha\" data-sitekey=\"6Ld7GhAfAAAAANKVnUaesjO0L8x3hlxT8oeIHLuf\" data-type=\"v2_checkbox\" data-theme=\"light\" data-size=\"normal\"><\/div><\/div>\t\t\t\t<\/div>\n\t\t\t\t\t\t\t\t<div class=\"elementor-field-group elementor-column elementor-field-type-submit elementor-col-100 e-form__buttons\">\n\t\t\t\t\t<button class=\"elementor-button elementor-size-sm elementor-animation-shrink\" type=\"submit\">\n\t\t\t\t\t\t<span class=\"elementor-button-content-wrapper\">\n\t\t\t\t\t\t\t\t\t\t\t\t\t\t\t\t\t\t\t\t\t\t<span class=\"elementor-button-text\">Send <\/span>\n\t\t\t\t\t\t\t\t\t\t\t\t\t<\/span>\n\t\t\t\t\t<\/button>\n\t\t\t\t<\/div>\n\t\t\t<\/div>\n\t\t<input type=\"hidden\" name=\"trp-form-language\" value=\"en\"\/><\/form>\n\t\t\t\t\t\t<\/div>\n\t\t\t\t<\/div>\n\t\t\t\t\t<\/div>\n\t\t<\/div>\n\t\t\t\t<div class=\"elementor-column elementor-col-50 elementor-top-column elementor-element elementor-element-d59bd34\" data-id=\"d59bd34\" data-element_type=\"column\">\n\t\t\t<div class=\"elementor-widget-wrap elementor-element-populated\">\n\t\t\t\t\t\t<div class=\"elementor-element elementor-element-114c803 de_scroll_animation_no elementor-invisible elementor-widget elementor-widget-google_maps\" data-id=\"114c803\" data-element_type=\"widget\" data-settings=\"{&quot;_animation&quot;:&quot;fadeInUp&quot;}\" data-widget_type=\"google_maps.default\">\n\t\t\t\t<div class=\"elementor-widget-container\">\n\t\t\t\t\t\t\t<div class=\"elementor-custom-embed\">\n\t\t\t<iframe loading=\"lazy\"\n\t\t\t\t\tsrc=\"https:\/\/maps.google.com\/maps?q=Cowork%20%C2%A9%20Oficentro%20La%20Sabana%20Torre%206%20-%20Piso%207%20-%20Oficina%2026.%20Sabana%20Sur%20San%20Jos%C3%A9%2C%20Costa%20Rica&#038;t=m&#038;z=16&#038;output=embed&#038;iwloc=near\"\n\t\t\t\t\ttitle=\"Cowork \u00a9 Oficentro La Sabana Torre 6 - Piso 7 - Oficina 26. Sabana Sur San Jos\u00e9, Costa Rica\"\n\t\t\t\t\taria-label=\"Cowork \u00a9 Oficentro La Sabana Torre 6 - Piso 7 - Oficina 26. Sabana Sur San Jos\u00e9, Costa Rica\"\n\t\t\t><\/iframe>\n\t\t<\/div>\n\t\t\t\t\t\t<\/div>\n\t\t\t\t<\/div>\n\t\t\t\t\t<\/div>\n\t\t<\/div>\n\t\t\t\t\t<\/div>\n\t\t<\/section>\n\t\t\t\t<\/div>","protected":false},"excerpt":{"rendered":"<p>Cont\u00e1ctenos Hagamos tecnolog\u00eda juntos Comun\u00edquese con Security Bytes Tech Limitada de inmediato para comenzar a mejorar su negocio. Nuestro equipo est\u00e1 siempre aqu\u00ed para ayudarte. Puede comunicarse con nosotros. Complete este formulario para programar una llamada y uno de nuestros asesores se comunicar\u00e1 con usted dentro de las 24 horas. Correo Electr\u00f3nico: servicioalcliente@securitybytestech.com Direcci\u00f3n:Cowork &#8211; [&hellip;]<\/p>","protected":false},"author":3,"featured_media":0,"parent":0,"menu_order":0,"comment_status":"closed","ping_status":"closed","template":"","meta":{"footnotes":""},"class_list":["post-100","page","type-page","status-publish","hentry"],"_links":{"self":[{"href":"https:\/\/securitybytestech.com\/en\/wp-json\/wp\/v2\/pages\/100","targetHints":{"allow":["GET"]}}],"collection":[{"href":"https:\/\/securitybytestech.com\/en\/wp-json\/wp\/v2\/pages"}],"about":[{"href":"https:\/\/securitybytestech.com\/en\/wp-json\/wp\/v2\/types\/page"}],"author":[{"embeddable":true,"href":"https:\/\/securitybytestech.com\/en\/wp-json\/wp\/v2\/users\/3"}],"replies":[{"embeddable":true,"href":"https:\/\/securitybytestech.com\/en\/wp-json\/wp\/v2\/comments?post=100"}],"version-history":[{"count":222,"href":"https:\/\/securitybytestech.com\/en\/wp-json\/wp\/v2\/pages\/100\/revisions"}],"predecessor-version":[{"id":2116,"href":"https:\/\/securitybytestech.com\/en\/wp-json\/wp\/v2\/pages\/100\/revisions\/2116"}],"wp:attachment":[{"href":"https:\/\/securitybytestech.com\/en\/wp-json\/wp\/v2\/media?parent=100"}],"curies":[{"name":"wp","href":"https:\/\/api.w.org\/{rel}","templated":true}]}}