{"id":110,"date":"2022-04-14T01:15:17","date_gmt":"2022-04-14T01:15:17","guid":{"rendered":"https:\/\/securitybytestech.com\/?page_id=110"},"modified":"2022-07-10T19:41:29","modified_gmt":"2022-07-10T19:41:29","slug":"servicios","status":"publish","type":"page","link":"https:\/\/securitybytestech.com\/en\/services\/","title":{"rendered":"Services"},"content":{"rendered":"<div data-elementor-type=\"wp-page\" data-elementor-id=\"110\" class=\"elementor elementor-110\" data-elementor-post-type=\"page\">\n\t\t\t\t\t\t<section class=\"elementor-section elementor-top-section elementor-element elementor-element-b05fdf0 elementor-section-full_width elementor-section-height-default elementor-section-height-default\" data-id=\"b05fdf0\" data-element_type=\"section\">\n\t\t\t\t\t\t<div class=\"elementor-container elementor-column-gap-no\">\n\t\t\t\t\t<div class=\"elementor-column elementor-col-50 elementor-top-column elementor-element elementor-element-92a3ca4\" data-id=\"92a3ca4\" data-element_type=\"column\">\n\t\t\t<div class=\"elementor-widget-wrap elementor-element-populated\">\n\t\t\t\t\t\t<div class=\"elementor-element elementor-element-1cfc1e7 de_scroll_animation_no elementor-widget elementor-widget-heading\" data-id=\"1cfc1e7\" data-element_type=\"widget\" data-widget_type=\"heading.default\">\n\t\t\t\t<div class=\"elementor-widget-container\">\n\t\t\t\t\t<h1 class=\"elementor-heading-title elementor-size-default\">Discover more about what we do\n\n\n\n<\/h1>\t\t\t\t<\/div>\n\t\t\t\t<\/div>\n\t\t\t\t\t<\/div>\n\t\t<\/div>\n\t\t\t\t<div class=\"elementor-column elementor-col-50 elementor-top-column elementor-element elementor-element-5029e31 elementor-hidden-tablet elementor-hidden-phone\" data-id=\"5029e31\" data-element_type=\"column\" data-settings=\"{&quot;background_background&quot;:&quot;classic&quot;}\">\n\t\t\t<div class=\"elementor-widget-wrap\">\n\t\t\t\t\t\t\t<\/div>\n\t\t<\/div>\n\t\t\t\t\t<\/div>\n\t\t<\/section>\n\t\t\t\t<section class=\"elementor-section elementor-top-section elementor-element elementor-element-74ac511f elementor-section-full_width elementor-section-height-default elementor-section-height-default\" data-id=\"74ac511f\" data-element_type=\"section\">\n\t\t\t\t\t\t<div class=\"elementor-container elementor-column-gap-no\">\n\t\t\t\t\t<div class=\"elementor-column elementor-col-50 elementor-top-column elementor-element elementor-element-2d23164f\" data-id=\"2d23164f\" data-element_type=\"column\">\n\t\t\t<div class=\"elementor-widget-wrap elementor-element-populated\">\n\t\t\t\t\t\t<div class=\"elementor-element elementor-element-67abd452 de_scroll_animation_no elementor-widget elementor-widget-image\" data-id=\"67abd452\" data-element_type=\"widget\" data-widget_type=\"image.default\">\n\t\t\t\t<div class=\"elementor-widget-container\">\n\t\t\t\t\t\t\t\t\t\t\t\t\t\t\t<img fetchpriority=\"high\" decoding=\"async\" width=\"800\" height=\"800\" src=\"https:\/\/securitybytestech.com\/wp-content\/uploads\/2022\/04\/shutterstock_419180689-1024x1024.png\" class=\"attachment-large size-large wp-image-490\" alt=\"\" srcset=\"https:\/\/securitybytestech.com\/wp-content\/uploads\/2022\/04\/shutterstock_419180689-1024x1024.png 1024w, https:\/\/securitybytestech.com\/wp-content\/uploads\/2022\/04\/shutterstock_419180689-300x300.png 300w, https:\/\/securitybytestech.com\/wp-content\/uploads\/2022\/04\/shutterstock_419180689-150x150.png 150w, https:\/\/securitybytestech.com\/wp-content\/uploads\/2022\/04\/shutterstock_419180689-768x768.png 768w, https:\/\/securitybytestech.com\/wp-content\/uploads\/2022\/04\/shutterstock_419180689-12x12.png 12w, https:\/\/securitybytestech.com\/wp-content\/uploads\/2022\/04\/shutterstock_419180689.png 1200w\" sizes=\"(max-width: 800px) 100vw, 800px\" \/>\t\t\t\t\t\t\t\t\t\t\t\t\t\t\t<\/div>\n\t\t\t\t<\/div>\n\t\t\t\t\t<\/div>\n\t\t<\/div>\n\t\t\t\t<div class=\"elementor-column elementor-col-50 elementor-top-column elementor-element elementor-element-5612730b\" data-id=\"5612730b\" data-element_type=\"column\">\n\t\t\t<div class=\"elementor-widget-wrap elementor-element-populated\">\n\t\t\t\t\t\t<div class=\"elementor-element elementor-element-8af1a13 de_scroll_animation_no elementor-invisible elementor-widget elementor-widget-text-editor\" data-id=\"8af1a13\" data-element_type=\"widget\" data-settings=\"{&quot;_animation&quot;:&quot;fadeInUp&quot;}\" data-widget_type=\"text-editor.default\">\n\t\t\t\t<div class=\"elementor-widget-container\">\n\t\t\t\t\t\t\t\t\t<p>We provide a variety of services to assist with business development and to promote effective work with smooth management. We are prepared to conquer the globe by doing everything from setting high standards of excellence to training and assessing your personnel in order for them to perform in the most efficient and effective manner possible. We also evaluate performance and collaborate with you to reach your goals<\/p>\t\t\t\t\t\t\t\t<\/div>\n\t\t\t\t<\/div>\n\t\t\t\t<div class=\"elementor-element elementor-element-c86fc03 de_scroll_animation_no elementor-widget elementor-widget-heading\" data-id=\"c86fc03\" data-element_type=\"widget\" data-widget_type=\"heading.default\">\n\t\t\t\t<div class=\"elementor-widget-container\">\n\t\t\t\t\t<p class=\"elementor-heading-title elementor-size-default\">All of our services are mentioned down below:<\/p>\t\t\t\t<\/div>\n\t\t\t\t<\/div>\n\t\t\t\t<div class=\"elementor-element elementor-element-14aa151 elementor-nav-menu__align-start elementor-nav-menu--dropdown-tablet elementor-nav-menu__text-align-aside elementor-nav-menu--toggle elementor-nav-menu--burger de_scroll_animation_no elementor-widget elementor-widget-nav-menu\" data-id=\"14aa151\" data-element_type=\"widget\" data-settings=\"{&quot;layout&quot;:&quot;vertical&quot;,&quot;submenu_icon&quot;:{&quot;value&quot;:&quot;&lt;i class=\\&quot;fas fa-caret-down\\&quot; aria-hidden=\\&quot;true\\&quot;&gt;&lt;\\\/i&gt;&quot;,&quot;library&quot;:&quot;fa-solid&quot;},&quot;toggle&quot;:&quot;burger&quot;}\" data-widget_type=\"nav-menu.default\">\n\t\t\t\t<div class=\"elementor-widget-container\">\n\t\t\t\t\t\t\t\t<nav aria-label=\"Menu\" class=\"elementor-nav-menu--main elementor-nav-menu__container elementor-nav-menu--layout-vertical e--pointer-none\">\n\t\t\t\t<ul id=\"menu-1-14aa151\" class=\"elementor-nav-menu sm-vertical\"><li class=\"menu-item menu-item-type-post_type menu-item-object-page menu-item-1317\"><a href=\"https:\/\/securitybytestech.com\/en\/training\/\" class=\"elementor-item\">Training<\/a><\/li>\n<li class=\"menu-item menu-item-type-post_type menu-item-object-page menu-item-1318\"><a href=\"https:\/\/securitybytestech.com\/en\/risk-management\/\" class=\"elementor-item\">Risk Management<\/a><\/li>\n<li class=\"menu-item menu-item-type-post_type menu-item-object-page menu-item-1319\"><a href=\"https:\/\/securitybytestech.com\/en\/cibersecurity\/\" class=\"elementor-item\">Cybersecurity<\/a><\/li>\n<li class=\"menu-item menu-item-type-post_type menu-item-object-page menu-item-1320\"><a href=\"https:\/\/securitybytestech.com\/en\/managed-infrastructure\/\" class=\"elementor-item\">Managed Infrastructure<\/a><\/li>\n<li class=\"menu-item menu-item-type-post_type menu-item-object-page menu-item-1321\"><a href=\"https:\/\/securitybytestech.com\/en\/software-development\/\" class=\"elementor-item\">Software Development<\/a><\/li>\n<li class=\"menu-item menu-item-type-post_type menu-item-object-page menu-item-1322\"><a href=\"https:\/\/securitybytestech.com\/en\/e-learning\/\" class=\"elementor-item\">E-learning<\/a><\/li>\n<li class=\"menu-item menu-item-type-post_type menu-item-object-page menu-item-1323\"><a href=\"https:\/\/securitybytestech.com\/en\/outsourcing-it\/\" class=\"elementor-item\">Outsourcing IT<\/a><\/li>\n<li class=\"menu-item menu-item-type-post_type menu-item-object-page menu-item-1324\"><a href=\"https:\/\/securitybytestech.com\/en\/it-audit\/\" class=\"elementor-item\">IT Audit<\/a><\/li>\n<li class=\"menu-item menu-item-type-post_type menu-item-object-page menu-item-1325\"><a href=\"https:\/\/securitybytestech.com\/en\/services-from-ti\/\" class=\"elementor-item\">IT Services<\/a><\/li>\n<li class=\"menu-item menu-item-type-post_type menu-item-object-page menu-item-1326\"><a href=\"https:\/\/securitybytestech.com\/en\/data-integrations-and-analysis-with-bi\/\" class=\"elementor-item\">Data Integration and Analysis with BI<\/a><\/li>\n<\/ul>\t\t\t<\/nav>\n\t\t\t\t\t<div class=\"elementor-menu-toggle\" role=\"button\" tabindex=\"0\" aria-label=\"Menu Toggle\" aria-expanded=\"false\">\n\t\t\t<i aria-hidden=\"true\" role=\"presentation\" class=\"elementor-menu-toggle__icon--open eicon-menu-bar\"><\/i><i aria-hidden=\"true\" role=\"presentation\" class=\"elementor-menu-toggle__icon--close eicon-close\"><\/i>\t\t<\/div>\n\t\t\t\t\t<nav class=\"elementor-nav-menu--dropdown elementor-nav-menu__container\" aria-hidden=\"true\">\n\t\t\t\t<ul id=\"menu-2-14aa151\" class=\"elementor-nav-menu sm-vertical\"><li class=\"menu-item menu-item-type-post_type menu-item-object-page menu-item-1317\"><a href=\"https:\/\/securitybytestech.com\/en\/training\/\" class=\"elementor-item\" tabindex=\"-1\">Training<\/a><\/li>\n<li class=\"menu-item menu-item-type-post_type menu-item-object-page menu-item-1318\"><a href=\"https:\/\/securitybytestech.com\/en\/risk-management\/\" class=\"elementor-item\" tabindex=\"-1\">Risk Management<\/a><\/li>\n<li class=\"menu-item menu-item-type-post_type menu-item-object-page menu-item-1319\"><a href=\"https:\/\/securitybytestech.com\/en\/cibersecurity\/\" class=\"elementor-item\" tabindex=\"-1\">Cybersecurity<\/a><\/li>\n<li class=\"menu-item menu-item-type-post_type menu-item-object-page menu-item-1320\"><a href=\"https:\/\/securitybytestech.com\/en\/managed-infrastructure\/\" class=\"elementor-item\" tabindex=\"-1\">Managed Infrastructure<\/a><\/li>\n<li class=\"menu-item menu-item-type-post_type menu-item-object-page menu-item-1321\"><a href=\"https:\/\/securitybytestech.com\/en\/software-development\/\" class=\"elementor-item\" tabindex=\"-1\">Software Development<\/a><\/li>\n<li class=\"menu-item menu-item-type-post_type menu-item-object-page menu-item-1322\"><a href=\"https:\/\/securitybytestech.com\/en\/e-learning\/\" class=\"elementor-item\" tabindex=\"-1\">E-learning<\/a><\/li>\n<li class=\"menu-item menu-item-type-post_type menu-item-object-page menu-item-1323\"><a href=\"https:\/\/securitybytestech.com\/en\/outsourcing-it\/\" class=\"elementor-item\" tabindex=\"-1\">Outsourcing IT<\/a><\/li>\n<li class=\"menu-item menu-item-type-post_type menu-item-object-page menu-item-1324\"><a href=\"https:\/\/securitybytestech.com\/en\/it-audit\/\" class=\"elementor-item\" tabindex=\"-1\">IT Audit<\/a><\/li>\n<li class=\"menu-item menu-item-type-post_type menu-item-object-page menu-item-1325\"><a href=\"https:\/\/securitybytestech.com\/en\/services-from-ti\/\" class=\"elementor-item\" tabindex=\"-1\">IT Services<\/a><\/li>\n<li class=\"menu-item menu-item-type-post_type menu-item-object-page menu-item-1326\"><a href=\"https:\/\/securitybytestech.com\/en\/data-integrations-and-analysis-with-bi\/\" class=\"elementor-item\" tabindex=\"-1\">Data Integration and Analysis with BI<\/a><\/li>\n<\/ul>\t\t\t<\/nav>\n\t\t\t\t\t\t<\/div>\n\t\t\t\t<\/div>\n\t\t\t\t<div class=\"elementor-element elementor-element-15e278a de_scroll_animation_no elementor-widget elementor-widget-heading\" data-id=\"15e278a\" data-element_type=\"widget\" data-widget_type=\"heading.default\">\n\t\t\t\t<div class=\"elementor-widget-container\">\n\t\t\t\t\t<p class=\"elementor-heading-title elementor-size-default\">Get services now! <\/p>\t\t\t\t<\/div>\n\t\t\t\t<\/div>\n\t\t\t\t<div class=\"elementor-element elementor-element-850a4a3 elementor-align-left elementor-mobile-align-justify de_scroll_animation_no elementor-invisible elementor-widget elementor-widget-button\" data-id=\"850a4a3\" data-element_type=\"widget\" data-settings=\"{&quot;_animation&quot;:&quot;lightSpeedIn&quot;}\" data-widget_type=\"button.default\">\n\t\t\t\t<div class=\"elementor-widget-container\">\n\t\t\t\t\t\t\t\t\t<div class=\"elementor-button-wrapper\">\n\t\t\t\t\t<a class=\"elementor-button elementor-button-link elementor-size-md elementor-animation-grow\" href=\"https:\/\/securitybytestech.com\/en\/contact-us\/\">\n\t\t\t\t\t\t<span class=\"elementor-button-content-wrapper\">\n\t\t\t\t\t\t\t\t\t<span class=\"elementor-button-text\">Contact Us <\/span>\n\t\t\t\t\t<\/span>\n\t\t\t\t\t<\/a>\n\t\t\t\t<\/div>\n\t\t\t\t\t\t\t\t<\/div>\n\t\t\t\t<\/div>\n\t\t\t\t\t<\/div>\n\t\t<\/div>\n\t\t\t\t\t<\/div>\n\t\t<\/section>\n\t\t\t\t<\/div>","protected":false},"excerpt":{"rendered":"<p>Descubre m\u00e1s sobre lo que hacemos Brindamos una variedad de servicios para ayudar con el desarrollo comercial y promover un trabajo efectivo con una administraci\u00f3n fluida. Estamos preparados para conquistar el mundo haciendo de todo, desde establecer altos est\u00e1ndares de excelencia hasta capacitar y evaluar a su personal para que se desempe\u00f1e de la manera [&hellip;]<\/p>","protected":false},"author":3,"featured_media":0,"parent":0,"menu_order":0,"comment_status":"closed","ping_status":"closed","template":"","meta":{"footnotes":""},"class_list":["post-110","page","type-page","status-publish","hentry"],"_links":{"self":[{"href":"https:\/\/securitybytestech.com\/en\/wp-json\/wp\/v2\/pages\/110","targetHints":{"allow":["GET"]}}],"collection":[{"href":"https:\/\/securitybytestech.com\/en\/wp-json\/wp\/v2\/pages"}],"about":[{"href":"https:\/\/securitybytestech.com\/en\/wp-json\/wp\/v2\/types\/page"}],"author":[{"embeddable":true,"href":"https:\/\/securitybytestech.com\/en\/wp-json\/wp\/v2\/users\/3"}],"replies":[{"embeddable":true,"href":"https:\/\/securitybytestech.com\/en\/wp-json\/wp\/v2\/comments?post=110"}],"version-history":[{"count":136,"href":"https:\/\/securitybytestech.com\/en\/wp-json\/wp\/v2\/pages\/110\/revisions"}],"predecessor-version":[{"id":1901,"href":"https:\/\/securitybytestech.com\/en\/wp-json\/wp\/v2\/pages\/110\/revisions\/1901"}],"wp:attachment":[{"href":"https:\/\/securitybytestech.com\/en\/wp-json\/wp\/v2\/media?parent=110"}],"curies":[{"name":"wp","href":"https:\/\/api.w.org\/{rel}","templated":true}]}}