{"id":1243,"date":"2022-07-09T16:38:58","date_gmt":"2022-07-09T16:38:58","guid":{"rendered":"https:\/\/securitybytestech.com\/?page_id=1243"},"modified":"2022-07-10T18:09:39","modified_gmt":"2022-07-10T18:09:39","slug":"gestion-de-riesgos","status":"publish","type":"page","link":"https:\/\/securitybytestech.com\/en\/risk-management\/","title":{"rendered":"Risk Management"},"content":{"rendered":"<div data-elementor-type=\"wp-page\" data-elementor-id=\"1243\" class=\"elementor elementor-1243\" data-elementor-post-type=\"page\">\n\t\t\t\t\t\t<section class=\"elementor-section elementor-top-section elementor-element elementor-element-f0b022a elementor-section-full_width elementor-section-height-default elementor-section-height-default\" data-id=\"f0b022a\" data-element_type=\"section\">\n\t\t\t\t\t\t<div class=\"elementor-container elementor-column-gap-no\">\n\t\t\t\t\t<div class=\"elementor-column elementor-col-50 elementor-top-column elementor-element elementor-element-1bcd7f0\" data-id=\"1bcd7f0\" data-element_type=\"column\">\n\t\t\t<div class=\"elementor-widget-wrap elementor-element-populated\">\n\t\t\t\t\t\t<div class=\"elementor-element elementor-element-ebe07a0 de_scroll_animation_no elementor-widget elementor-widget-heading\" data-id=\"ebe07a0\" data-element_type=\"widget\" data-widget_type=\"heading.default\">\n\t\t\t\t<div class=\"elementor-widget-container\">\n\t\t\t\t\t<h1 class=\"elementor-heading-title elementor-size-default\">Risk Management\n<\/h1>\t\t\t\t<\/div>\n\t\t\t\t<\/div>\n\t\t\t\t\t<\/div>\n\t\t<\/div>\n\t\t\t\t<div class=\"elementor-column elementor-col-50 elementor-top-column elementor-element elementor-element-7380b90 elementor-hidden-tablet elementor-hidden-phone\" data-id=\"7380b90\" data-element_type=\"column\" data-settings=\"{&quot;background_background&quot;:&quot;classic&quot;}\">\n\t\t\t<div class=\"elementor-widget-wrap\">\n\t\t\t\t\t\t\t<\/div>\n\t\t<\/div>\n\t\t\t\t\t<\/div>\n\t\t<\/section>\n\t\t\t\t<section class=\"elementor-section elementor-top-section elementor-element elementor-element-52e75784 elementor-section-full_width elementor-section-height-default elementor-section-height-default\" data-id=\"52e75784\" data-element_type=\"section\">\n\t\t\t\t\t\t<div class=\"elementor-container elementor-column-gap-no\">\n\t\t\t\t\t<div class=\"elementor-column elementor-col-50 elementor-top-column elementor-element elementor-element-77f80f58\" data-id=\"77f80f58\" data-element_type=\"column\">\n\t\t\t<div class=\"elementor-widget-wrap elementor-element-populated\">\n\t\t\t\t\t\t<div class=\"elementor-element elementor-element-491eb8d1 de_scroll_animation_no elementor-widget elementor-widget-image\" data-id=\"491eb8d1\" data-element_type=\"widget\" data-widget_type=\"image.default\">\n\t\t\t\t<div class=\"elementor-widget-container\">\n\t\t\t\t\t\t\t\t\t\t\t\t\t\t\t<img fetchpriority=\"high\" decoding=\"async\" width=\"800\" height=\"450\" src=\"https:\/\/securitybytestech.com\/wp-content\/uploads\/2022\/07\/investment-stockbroker-risk-analysis-using-multiple-devices-1024x576.jpg\" class=\"attachment-large size-large wp-image-1751\" alt=\"investment stockbroker risk analysis using multiple devices\" srcset=\"https:\/\/securitybytestech.com\/wp-content\/uploads\/2022\/07\/investment-stockbroker-risk-analysis-using-multiple-devices-1024x576.jpg 1024w, https:\/\/securitybytestech.com\/wp-content\/uploads\/2022\/07\/investment-stockbroker-risk-analysis-using-multiple-devices-300x169.jpg 300w, https:\/\/securitybytestech.com\/wp-content\/uploads\/2022\/07\/investment-stockbroker-risk-analysis-using-multiple-devices-768x432.jpg 768w, https:\/\/securitybytestech.com\/wp-content\/uploads\/2022\/07\/investment-stockbroker-risk-analysis-using-multiple-devices-1536x864.jpg 1536w, https:\/\/securitybytestech.com\/wp-content\/uploads\/2022\/07\/investment-stockbroker-risk-analysis-using-multiple-devices-18x10.jpg 18w, https:\/\/securitybytestech.com\/wp-content\/uploads\/2022\/07\/investment-stockbroker-risk-analysis-using-multiple-devices.jpg 2000w\" sizes=\"(max-width: 800px) 100vw, 800px\" \/>\t\t\t\t\t\t\t\t\t\t\t\t\t\t\t<\/div>\n\t\t\t\t<\/div>\n\t\t\t\t\t<\/div>\n\t\t<\/div>\n\t\t\t\t<div class=\"elementor-column elementor-col-50 elementor-top-column elementor-element elementor-element-470ee086\" data-id=\"470ee086\" data-element_type=\"column\">\n\t\t\t<div class=\"elementor-widget-wrap elementor-element-populated\">\n\t\t\t\t\t\t<div class=\"elementor-element elementor-element-30875537 de_scroll_animation_no elementor-invisible elementor-widget elementor-widget-text-editor\" data-id=\"30875537\" data-element_type=\"widget\" data-settings=\"{&quot;_animation&quot;:&quot;fadeInUp&quot;}\" data-widget_type=\"text-editor.default\">\n\t\t\t\t<div class=\"elementor-widget-container\">\n\t\t\t\t\t\t\t\t\t<p>One thing that hasn't changed in a long time is change. Technology advances. Regulations change. Markets and economies change throughout time. Best practices change throughout time.<\/p><p>A systematic approach to risk management is necessary if your company is to reach its strategic objectives, manage uncertainty, and meet stakeholder demands.<\/p><p>In conjunction with the Latin American Institute of Financial Risks (ILRF), a division of JA Capital Markets. We offer a comprehensive package aimed at financial institutions that includes consulting and specialized software that is compliant with the most recent financial and operational risk management recommendations proposed by Basel III, COSO, and supervised by the country's financial system's regulatory authority.<\/p><p>We know that if a financial institution does not have the tools to monitor, identify, assess, and manage risks, the company's reputation and even insolvency are compromised. You surely want to master the process and have software that aids you in measuring and alerting about probable occurrences so that you may take preventative measures on time, both physically and financially.<\/p>\t\t\t\t\t\t\t\t<\/div>\n\t\t\t\t<\/div>\n\t\t\t\t<div class=\"elementor-element elementor-element-6be78c0 de_scroll_animation_no elementor-widget elementor-widget-heading\" data-id=\"6be78c0\" data-element_type=\"widget\" data-widget_type=\"heading.default\">\n\t\t\t\t<div class=\"elementor-widget-container\">\n\t\t\t\t\t<p class=\"elementor-heading-title elementor-size-default\">Get services now! <\/p>\t\t\t\t<\/div>\n\t\t\t\t<\/div>\n\t\t\t\t<div class=\"elementor-element elementor-element-dcc6e28 elementor-align-left elementor-mobile-align-justify de_scroll_animation_no elementor-invisible elementor-widget elementor-widget-button\" data-id=\"dcc6e28\" data-element_type=\"widget\" data-settings=\"{&quot;_animation&quot;:&quot;lightSpeedIn&quot;}\" data-widget_type=\"button.default\">\n\t\t\t\t<div class=\"elementor-widget-container\">\n\t\t\t\t\t\t\t\t\t<div class=\"elementor-button-wrapper\">\n\t\t\t\t\t<a class=\"elementor-button elementor-button-link elementor-size-md elementor-animation-grow\" href=\"https:\/\/securitybytestech.com\/en\/contact-us\/\">\n\t\t\t\t\t\t<span class=\"elementor-button-content-wrapper\">\n\t\t\t\t\t\t\t\t\t<span class=\"elementor-button-text\">Contact Us <\/span>\n\t\t\t\t\t<\/span>\n\t\t\t\t\t<\/a>\n\t\t\t\t<\/div>\n\t\t\t\t\t\t\t\t<\/div>\n\t\t\t\t<\/div>\n\t\t\t\t\t<\/div>\n\t\t<\/div>\n\t\t\t\t\t<\/div>\n\t\t<\/section>\n\t\t\t\t<section class=\"elementor-section elementor-top-section elementor-element elementor-element-754d1db elementor-section-full_width elementor-section-height-default elementor-section-height-default\" data-id=\"754d1db\" data-element_type=\"section\">\n\t\t\t\t\t\t<div class=\"elementor-container elementor-column-gap-no\">\n\t\t\t\t\t<div class=\"elementor-column elementor-col-50 elementor-top-column elementor-element elementor-element-2657776\" data-id=\"2657776\" data-element_type=\"column\">\n\t\t\t<div class=\"elementor-widget-wrap elementor-element-populated\">\n\t\t\t\t\t\t<div class=\"elementor-element elementor-element-09cc3cb de_scroll_animation_no elementor-widget elementor-widget-heading\" data-id=\"09cc3cb\" data-element_type=\"widget\" data-widget_type=\"heading.default\">\n\t\t\t\t<div class=\"elementor-widget-container\">\n\t\t\t\t\t<h2 class=\"elementor-heading-title elementor-size-default\">The risk management proposal's characteristics\n<\/h2>\t\t\t\t<\/div>\n\t\t\t\t<\/div>\n\t\t\t\t<div class=\"elementor-element elementor-element-7f12eca de_scroll_animation_no elementor-invisible elementor-widget elementor-widget-text-editor\" data-id=\"7f12eca\" data-element_type=\"widget\" data-settings=\"{&quot;_animation&quot;:&quot;fadeInUp&quot;}\" data-widget_type=\"text-editor.default\">\n\t\t\t\t<div class=\"elementor-widget-container\">\n\t\t\t\t\t\t\t\t\t<ul><li><strong>Organization and Functionality Manuals for the Risk Unit and Committee<\/strong><\/li><\/ul><p>Internal regulations, a daily operating plan, conflict of interest management, and report style and content are all included.<\/p><ul><li><strong>Risk Mitigation Policies and Procedures<\/strong><\/li><\/ul><p>The recommendations define the format and content of the risk mitigation policies for the various hazards to which the institutions are exposed. They are tailored to institutions' particular characteristics, domestic rules, operational volume, and market profile.<\/p><ul><li><strong>Instructions for Determining Tolerance Limits<\/strong><\/li><\/ul><p>They cover the various ways for determining the technical and reasonable tolerance limit ranges. They are suited to institutions' particular qualities, domestic rules, operational volume, and market circumstances.<\/p><ul><li><strong>IT\/Financial Services Training<\/strong><\/li><\/ul><p>Members of the Board of Directors, the Risk Unit, the Risk Committee, and Internal Audit get technical training on a regular or ongoing basis. For the description and comprehension of the risk indicator calculation approach, we supply technical-didactic material and computer applications that are complementary to computer applications in electronic sheets.<\/p><ul><li><strong>Risk Management Software<\/strong><\/li><\/ul><p>Extremely parameterized software products have technical support, maintenance, and a guarantee of operation. They are available in WEB deployment style (PHP, Web-Internet) with integration to internal transactional databases.<\/p><ul><li><strong>Design and programming of new applications<\/strong><\/li><\/ul><p>We can create new apps adapted to your institution's needs and existing ISD infrastructure, and we work with SQL Server, Mysql, Access, Oracle, and other databases.<\/p>\t\t\t\t\t\t\t\t<\/div>\n\t\t\t\t<\/div>\n\t\t\t\t<div class=\"elementor-element elementor-element-8262a18 de_scroll_animation_no elementor-widget elementor-widget-heading\" data-id=\"8262a18\" data-element_type=\"widget\" data-widget_type=\"heading.default\">\n\t\t\t\t<div class=\"elementor-widget-container\">\n\t\t\t\t\t<p class=\"elementor-heading-title elementor-size-default\">Get services now! <\/p>\t\t\t\t<\/div>\n\t\t\t\t<\/div>\n\t\t\t\t<div class=\"elementor-element elementor-element-20b060a elementor-align-left elementor-mobile-align-justify de_scroll_animation_no elementor-invisible elementor-widget elementor-widget-button\" data-id=\"20b060a\" data-element_type=\"widget\" data-settings=\"{&quot;_animation&quot;:&quot;lightSpeedIn&quot;}\" data-widget_type=\"button.default\">\n\t\t\t\t<div class=\"elementor-widget-container\">\n\t\t\t\t\t\t\t\t\t<div class=\"elementor-button-wrapper\">\n\t\t\t\t\t<a class=\"elementor-button elementor-button-link elementor-size-md elementor-animation-grow\" href=\"https:\/\/securitybytestech.com\/en\/contact-us\/\">\n\t\t\t\t\t\t<span class=\"elementor-button-content-wrapper\">\n\t\t\t\t\t\t\t\t\t<span class=\"elementor-button-text\">Contact Us <\/span>\n\t\t\t\t\t<\/span>\n\t\t\t\t\t<\/a>\n\t\t\t\t<\/div>\n\t\t\t\t\t\t\t\t<\/div>\n\t\t\t\t<\/div>\n\t\t\t\t\t<\/div>\n\t\t<\/div>\n\t\t\t\t<div class=\"elementor-column elementor-col-50 elementor-top-column elementor-element elementor-element-9101a19\" data-id=\"9101a19\" data-element_type=\"column\">\n\t\t\t<div class=\"elementor-widget-wrap elementor-element-populated\">\n\t\t\t\t\t\t<div class=\"elementor-element elementor-element-2c8e973 de_scroll_animation_no elementor-widget elementor-widget-image\" data-id=\"2c8e973\" data-element_type=\"widget\" data-widget_type=\"image.default\">\n\t\t\t\t<div class=\"elementor-widget-container\">\n\t\t\t\t\t\t\t\t\t\t\t\t\t\t\t<img decoding=\"async\" width=\"800\" height=\"399\" src=\"https:\/\/securitybytestech.com\/wp-content\/uploads\/2022\/07\/shutterstock_1812057265-1024x511.jpg\" class=\"attachment-large size-large wp-image-1686\" alt=\"\" srcset=\"https:\/\/securitybytestech.com\/wp-content\/uploads\/2022\/07\/shutterstock_1812057265-1024x511.jpg 1024w, https:\/\/securitybytestech.com\/wp-content\/uploads\/2022\/07\/shutterstock_1812057265-300x150.jpg 300w, https:\/\/securitybytestech.com\/wp-content\/uploads\/2022\/07\/shutterstock_1812057265-768x383.jpg 768w, https:\/\/securitybytestech.com\/wp-content\/uploads\/2022\/07\/shutterstock_1812057265-1536x766.jpg 1536w, https:\/\/securitybytestech.com\/wp-content\/uploads\/2022\/07\/shutterstock_1812057265-2048x1022.jpg 2048w, https:\/\/securitybytestech.com\/wp-content\/uploads\/2022\/07\/shutterstock_1812057265-18x9.jpg 18w\" sizes=\"(max-width: 800px) 100vw, 800px\" \/>\t\t\t\t\t\t\t\t\t\t\t\t\t\t\t<\/div>\n\t\t\t\t<\/div>\n\t\t\t\t<div class=\"elementor-element elementor-element-d1406cd de_scroll_animation_no elementor-widget elementor-widget-image\" data-id=\"d1406cd\" data-element_type=\"widget\" data-widget_type=\"image.default\">\n\t\t\t\t<div class=\"elementor-widget-container\">\n\t\t\t\t\t\t\t\t\t\t\t\t\t\t\t<img decoding=\"async\" width=\"800\" height=\"533\" src=\"https:\/\/securitybytestech.com\/wp-content\/uploads\/2022\/07\/business-man-hand-protect-chess-king-figure-and-stopping-falling-wooden-blocks-or-dominoes-1024x682.jpg\" class=\"attachment-large size-large wp-image-1752\" alt=\"Business man hand protect Chess King figure and Stopping Falling wooden Blocks or Dominoes\" srcset=\"https:\/\/securitybytestech.com\/wp-content\/uploads\/2022\/07\/business-man-hand-protect-chess-king-figure-and-stopping-falling-wooden-blocks-or-dominoes-1024x682.jpg 1024w, https:\/\/securitybytestech.com\/wp-content\/uploads\/2022\/07\/business-man-hand-protect-chess-king-figure-and-stopping-falling-wooden-blocks-or-dominoes-300x200.jpg 300w, https:\/\/securitybytestech.com\/wp-content\/uploads\/2022\/07\/business-man-hand-protect-chess-king-figure-and-stopping-falling-wooden-blocks-or-dominoes-768x512.jpg 768w, https:\/\/securitybytestech.com\/wp-content\/uploads\/2022\/07\/business-man-hand-protect-chess-king-figure-and-stopping-falling-wooden-blocks-or-dominoes-1536x1024.jpg 1536w, https:\/\/securitybytestech.com\/wp-content\/uploads\/2022\/07\/business-man-hand-protect-chess-king-figure-and-stopping-falling-wooden-blocks-or-dominoes-18x12.jpg 18w, https:\/\/securitybytestech.com\/wp-content\/uploads\/2022\/07\/business-man-hand-protect-chess-king-figure-and-stopping-falling-wooden-blocks-or-dominoes.jpg 2000w\" sizes=\"(max-width: 800px) 100vw, 800px\" \/>\t\t\t\t\t\t\t\t\t\t\t\t\t\t\t<\/div>\n\t\t\t\t<\/div>\n\t\t\t\t\t<\/div>\n\t\t<\/div>\n\t\t\t\t\t<\/div>\n\t\t<\/section>\n\t\t\t\t<\/div>","protected":false},"excerpt":{"rendered":"<p>Gesti\u00f3n de riesgos Una cosa que no ha cambiado en mucho tiempo es el cambio. Avances tecnol\u00f3gicos. Cambio de reglamento. Los mercados y las econom\u00edas cambian a lo largo del tiempo. Las mejores pr\u00e1cticas cambian a lo largo del tiempo. Es necesario un enfoque sistem\u00e1tico de la gesti\u00f3n de riesgos si su empresa quiere alcanzar [&hellip;]<\/p>","protected":false},"author":3,"featured_media":0,"parent":0,"menu_order":0,"comment_status":"closed","ping_status":"closed","template":"","meta":{"footnotes":""},"class_list":["post-1243","page","type-page","status-publish","hentry"],"_links":{"self":[{"href":"https:\/\/securitybytestech.com\/en\/wp-json\/wp\/v2\/pages\/1243","targetHints":{"allow":["GET"]}}],"collection":[{"href":"https:\/\/securitybytestech.com\/en\/wp-json\/wp\/v2\/pages"}],"about":[{"href":"https:\/\/securitybytestech.com\/en\/wp-json\/wp\/v2\/types\/page"}],"author":[{"embeddable":true,"href":"https:\/\/securitybytestech.com\/en\/wp-json\/wp\/v2\/users\/3"}],"replies":[{"embeddable":true,"href":"https:\/\/securitybytestech.com\/en\/wp-json\/wp\/v2\/comments?post=1243"}],"version-history":[{"count":22,"href":"https:\/\/securitybytestech.com\/en\/wp-json\/wp\/v2\/pages\/1243\/revisions"}],"predecessor-version":[{"id":1755,"href":"https:\/\/securitybytestech.com\/en\/wp-json\/wp\/v2\/pages\/1243\/revisions\/1755"}],"wp:attachment":[{"href":"https:\/\/securitybytestech.com\/en\/wp-json\/wp\/v2\/media?parent=1243"}],"curies":[{"name":"wp","href":"https:\/\/api.w.org\/{rel}","templated":true}]}}