{"id":1250,"date":"2022-07-09T16:41:42","date_gmt":"2022-07-09T16:41:42","guid":{"rendered":"https:\/\/securitybytestech.com\/?page_id=1250"},"modified":"2022-07-10T20:46:09","modified_gmt":"2022-07-10T20:46:09","slug":"seguridad-cibernetica-2","status":"publish","type":"page","link":"https:\/\/securitybytestech.com\/en\/cibersecurity\/","title":{"rendered":"Cybersecurity"},"content":{"rendered":"<div data-elementor-type=\"wp-page\" data-elementor-id=\"1250\" class=\"elementor elementor-1250\" data-elementor-post-type=\"page\">\n\t\t\t\t\t\t<section class=\"elementor-section elementor-top-section elementor-element elementor-element-f0b022a elementor-section-full_width elementor-section-height-default elementor-section-height-default\" data-id=\"f0b022a\" data-element_type=\"section\">\n\t\t\t\t\t\t<div class=\"elementor-container elementor-column-gap-no\">\n\t\t\t\t\t<div class=\"elementor-column elementor-col-50 elementor-top-column elementor-element elementor-element-1bcd7f0\" data-id=\"1bcd7f0\" data-element_type=\"column\">\n\t\t\t<div class=\"elementor-widget-wrap elementor-element-populated\">\n\t\t\t\t\t\t<div class=\"elementor-element elementor-element-ebe07a0 de_scroll_animation_no elementor-widget elementor-widget-heading\" data-id=\"ebe07a0\" data-element_type=\"widget\" data-widget_type=\"heading.default\">\n\t\t\t\t<div class=\"elementor-widget-container\">\n\t\t\t\t\t<h1 class=\"elementor-heading-title elementor-size-default\">Cybersecurity<\/h1>\t\t\t\t<\/div>\n\t\t\t\t<\/div>\n\t\t\t\t\t<\/div>\n\t\t<\/div>\n\t\t\t\t<div class=\"elementor-column elementor-col-50 elementor-top-column elementor-element elementor-element-7380b90 elementor-hidden-tablet elementor-hidden-phone\" data-id=\"7380b90\" data-element_type=\"column\" data-settings=\"{&quot;background_background&quot;:&quot;classic&quot;}\">\n\t\t\t<div class=\"elementor-widget-wrap\">\n\t\t\t\t\t\t\t<\/div>\n\t\t<\/div>\n\t\t\t\t\t<\/div>\n\t\t<\/section>\n\t\t\t\t<section class=\"elementor-section elementor-top-section elementor-element elementor-element-52e75784 elementor-section-full_width elementor-section-height-default elementor-section-height-default\" data-id=\"52e75784\" data-element_type=\"section\">\n\t\t\t\t\t\t<div class=\"elementor-container elementor-column-gap-no\">\n\t\t\t\t\t<div class=\"elementor-column elementor-col-50 elementor-top-column elementor-element elementor-element-77f80f58\" data-id=\"77f80f58\" data-element_type=\"column\">\n\t\t\t<div class=\"elementor-widget-wrap elementor-element-populated\">\n\t\t\t\t\t\t<div class=\"elementor-element elementor-element-491eb8d1 de_scroll_animation_no elementor-widget elementor-widget-image\" data-id=\"491eb8d1\" data-element_type=\"widget\" data-widget_type=\"image.default\">\n\t\t\t\t<div class=\"elementor-widget-container\">\n\t\t\t\t\t\t\t\t\t\t\t\t\t\t\t<img fetchpriority=\"high\" decoding=\"async\" width=\"800\" height=\"601\" src=\"https:\/\/securitybytestech.com\/wp-content\/uploads\/2022\/07\/cyber-security-cybercrime-cyberspace-hacking-hackers-it-1024x769.jpg\" class=\"attachment-large size-large wp-image-1805\" alt=\"Cyber security. Cybercrime. Cyberspace. Hacking. Hackers. IT\" srcset=\"https:\/\/securitybytestech.com\/wp-content\/uploads\/2022\/07\/cyber-security-cybercrime-cyberspace-hacking-hackers-it-1024x769.jpg 1024w, https:\/\/securitybytestech.com\/wp-content\/uploads\/2022\/07\/cyber-security-cybercrime-cyberspace-hacking-hackers-it-300x225.jpg 300w, https:\/\/securitybytestech.com\/wp-content\/uploads\/2022\/07\/cyber-security-cybercrime-cyberspace-hacking-hackers-it-768x576.jpg 768w, https:\/\/securitybytestech.com\/wp-content\/uploads\/2022\/07\/cyber-security-cybercrime-cyberspace-hacking-hackers-it-1536x1153.jpg 1536w, https:\/\/securitybytestech.com\/wp-content\/uploads\/2022\/07\/cyber-security-cybercrime-cyberspace-hacking-hackers-it-16x12.jpg 16w, https:\/\/securitybytestech.com\/wp-content\/uploads\/2022\/07\/cyber-security-cybercrime-cyberspace-hacking-hackers-it.jpg 2000w\" sizes=\"(max-width: 800px) 100vw, 800px\" \/>\t\t\t\t\t\t\t\t\t\t\t\t\t\t\t<\/div>\n\t\t\t\t<\/div>\n\t\t\t\t\t<\/div>\n\t\t<\/div>\n\t\t\t\t<div class=\"elementor-column elementor-col-50 elementor-top-column elementor-element elementor-element-470ee086\" data-id=\"470ee086\" data-element_type=\"column\">\n\t\t\t<div class=\"elementor-widget-wrap elementor-element-populated\">\n\t\t\t\t\t\t<div class=\"elementor-element elementor-element-30875537 de_scroll_animation_no elementor-invisible elementor-widget elementor-widget-text-editor\" data-id=\"30875537\" data-element_type=\"widget\" data-settings=\"{&quot;_animation&quot;:&quot;fadeInUp&quot;}\" data-widget_type=\"text-editor.default\">\n\t\t\t\t<div class=\"elementor-widget-container\">\n\t\t\t\t\t\t\t\t\t<p>Over the last year, the risk of cybercrime has skyrocketed. As a result, prioritizing your cyber security is more important than ever. Security Bytes Tech\u2019s renowned cyber security services will protect your company and avoid cyber-attacks.<\/p><p>We realize how difficult it may be to determine which hazards exist and how to safeguard against them. As a result, it is our objective to simplify the process of safeguarding your organization by providing you with simple cyber services and specialized security consulting.<\/p><p>\u00a0<\/p><p><u>Services for Cybersecurity:<\/u><\/p><p>\u00a0<\/p><p><strong>Bundles of Cybersecurity<\/strong><\/p><p>Protect your devices, email, and employees with our Security Packages, which are designed to make it simpler to meet your security objectives.<\/p><p><strong>Penetration Testing<\/strong><\/p><p>Symbol of professionalism Penetration testing that has been certified by CREST will securely simulate cyber-attacks in order to uncover security flaws and decrease risk.<\/p><p><strong>Compliance<\/strong><\/p><p>We'll take the anxiety out of compliance by ensuring that all applicable regulations, such as GDPR, FCA, and EBA, are met.<\/p>\t\t\t\t\t\t\t\t<\/div>\n\t\t\t\t<\/div>\n\t\t\t\t<div class=\"elementor-element elementor-element-29257b3 de_scroll_animation_no elementor-widget elementor-widget-heading\" data-id=\"29257b3\" data-element_type=\"widget\" data-widget_type=\"heading.default\">\n\t\t\t\t<div class=\"elementor-widget-container\">\n\t\t\t\t\t<p class=\"elementor-heading-title elementor-size-default\">Get services now! <\/p>\t\t\t\t<\/div>\n\t\t\t\t<\/div>\n\t\t\t\t<div class=\"elementor-element elementor-element-dcc6e28 elementor-align-left elementor-mobile-align-justify de_scroll_animation_no elementor-invisible elementor-widget elementor-widget-button\" data-id=\"dcc6e28\" data-element_type=\"widget\" data-settings=\"{&quot;_animation&quot;:&quot;lightSpeedIn&quot;}\" data-widget_type=\"button.default\">\n\t\t\t\t<div class=\"elementor-widget-container\">\n\t\t\t\t\t\t\t\t\t<div class=\"elementor-button-wrapper\">\n\t\t\t\t\t<a class=\"elementor-button elementor-button-link elementor-size-md elementor-animation-grow\" href=\"https:\/\/securitybytestech.com\/en\/contact-us\/\">\n\t\t\t\t\t\t<span class=\"elementor-button-content-wrapper\">\n\t\t\t\t\t\t\t\t\t<span class=\"elementor-button-text\">Contact Us <\/span>\n\t\t\t\t\t<\/span>\n\t\t\t\t\t<\/a>\n\t\t\t\t<\/div>\n\t\t\t\t\t\t\t\t<\/div>\n\t\t\t\t<\/div>\n\t\t\t\t\t<\/div>\n\t\t<\/div>\n\t\t\t\t\t<\/div>\n\t\t<\/section>\n\t\t\t\t<section class=\"elementor-section elementor-top-section elementor-element elementor-element-754d1db elementor-section-full_width elementor-section-height-default elementor-section-height-default\" data-id=\"754d1db\" data-element_type=\"section\">\n\t\t\t\t\t\t<div class=\"elementor-container elementor-column-gap-no\">\n\t\t\t\t\t<div class=\"elementor-column elementor-col-50 elementor-top-column elementor-element elementor-element-2657776\" data-id=\"2657776\" data-element_type=\"column\">\n\t\t\t<div class=\"elementor-widget-wrap elementor-element-populated\">\n\t\t\t\t\t\t<div class=\"elementor-element elementor-element-09cc3cb de_scroll_animation_no elementor-widget elementor-widget-heading\" data-id=\"09cc3cb\" data-element_type=\"widget\" data-widget_type=\"heading.default\">\n\t\t\t\t<div class=\"elementor-widget-container\">\n\t\t\t\t\t<h2 class=\"elementor-heading-title elementor-size-default\">Maintaining the Security of Your Cloud Environment\n<\/h2>\t\t\t\t<\/div>\n\t\t\t\t<\/div>\n\t\t\t\t<div class=\"elementor-element elementor-element-7f12eca de_scroll_animation_no elementor-invisible elementor-widget elementor-widget-text-editor\" data-id=\"7f12eca\" data-element_type=\"widget\" data-settings=\"{&quot;_animation&quot;:&quot;fadeInUp&quot;}\" data-widget_type=\"text-editor.default\">\n\t\t\t\t<div class=\"elementor-widget-container\">\n\t\t\t\t\t\t\t\t\t<p>Infrastructure-as-a-Service (IaaS):<\/p><p>IaaS is a computational infrastructure that is supplied and controlled through the internet; it supports web hosting, storage and backup, application infrastructure, testing and development, and big data analysis.<\/p><p>As a vital component of your cloud infrastructure, IaaS security should be a top business priority. We propose for a multi-layered defensive plan that comprises the following components:<\/p><ul><li>Edge Security that is managed<\/li><li>Authentication using Multiple Factors<\/li><li>Monitoring and threat analysis in real time<\/li><li>Disaster Recovery and Cloud Data Backup<\/li><li>Cloud Access Security Brokers will be used to aggregate and identify cloud threats.<\/li><\/ul><p>Software-as-a-service:<\/p><p>With this service, users may connect to and use cloud-based apps through the internet. SaaS enables remote access to sophisticated applications, reduces hardware and maintenance expenses, and is incredibly scalable. To maintain data integrity, we recommend the following SaaS products:<\/p><ul><li>Managed Cloud Application Security<\/li><li>Identity Management with Single Sign-On<\/li><li>Real-time monitoring and threat analysis<\/li><li>BBT SaaS Protect is a solution for cloud application backup and disaster recovery.<\/li><li>To gather and identify cloud risks, Cloud Access Security Brokers will be employed.<\/li><\/ul><p>Certificaciones de Seguridad Cibern\u00e9tica:<\/p><p class=\"p1\"><b>ISO 27001<\/b><\/p><p class=\"p1\"><b>Cyber Essentials Plus<\/b><\/p><p class=\"p1\"><b>Cyber Essentials Plus<\/b><\/p><p class=\"p1\"><b>CREST<\/b><\/p>\t\t\t\t\t\t\t\t<\/div>\n\t\t\t\t<\/div>\n\t\t\t\t<div class=\"elementor-element elementor-element-8da18c3 de_scroll_animation_no elementor-widget elementor-widget-heading\" data-id=\"8da18c3\" data-element_type=\"widget\" data-widget_type=\"heading.default\">\n\t\t\t\t<div class=\"elementor-widget-container\">\n\t\t\t\t\t<p class=\"elementor-heading-title elementor-size-default\">Get services now! <\/p>\t\t\t\t<\/div>\n\t\t\t\t<\/div>\n\t\t\t\t<div class=\"elementor-element elementor-element-20b060a elementor-align-left elementor-mobile-align-justify de_scroll_animation_no elementor-invisible elementor-widget elementor-widget-button\" data-id=\"20b060a\" data-element_type=\"widget\" data-settings=\"{&quot;_animation&quot;:&quot;lightSpeedIn&quot;}\" data-widget_type=\"button.default\">\n\t\t\t\t<div class=\"elementor-widget-container\">\n\t\t\t\t\t\t\t\t\t<div class=\"elementor-button-wrapper\">\n\t\t\t\t\t<a class=\"elementor-button elementor-button-link elementor-size-md elementor-animation-grow\" href=\"https:\/\/securitybytestech.com\/en\/contact-us\/\">\n\t\t\t\t\t\t<span class=\"elementor-button-content-wrapper\">\n\t\t\t\t\t\t\t\t\t<span class=\"elementor-button-text\">Contact Us <\/span>\n\t\t\t\t\t<\/span>\n\t\t\t\t\t<\/a>\n\t\t\t\t<\/div>\n\t\t\t\t\t\t\t\t<\/div>\n\t\t\t\t<\/div>\n\t\t\t\t\t<\/div>\n\t\t<\/div>\n\t\t\t\t<div class=\"elementor-column elementor-col-50 elementor-top-column elementor-element elementor-element-9101a19\" data-id=\"9101a19\" data-element_type=\"column\">\n\t\t\t<div class=\"elementor-widget-wrap elementor-element-populated\">\n\t\t\t\t\t\t<div class=\"elementor-element elementor-element-2c8e973 de_scroll_animation_no elementor-widget elementor-widget-image\" data-id=\"2c8e973\" data-element_type=\"widget\" data-widget_type=\"image.default\">\n\t\t\t\t<div class=\"elementor-widget-container\">\n\t\t\t\t\t\t\t\t\t\t\t\t\t\t\t<img decoding=\"async\" width=\"800\" height=\"534\" src=\"https:\/\/securitybytestech.com\/wp-content\/uploads\/2022\/07\/cropped-shot-of-businessman-showing-laptop-tablet-and-smartphone-with-gdpr-and-cyber-security-signs-1024x684.jpg\" class=\"attachment-large size-large wp-image-1806\" alt=\"cropped shot of businessman showing laptop, tablet and smartphone with gdpr and cyber security signs\" srcset=\"https:\/\/securitybytestech.com\/wp-content\/uploads\/2022\/07\/cropped-shot-of-businessman-showing-laptop-tablet-and-smartphone-with-gdpr-and-cyber-security-signs-1024x684.jpg 1024w, https:\/\/securitybytestech.com\/wp-content\/uploads\/2022\/07\/cropped-shot-of-businessman-showing-laptop-tablet-and-smartphone-with-gdpr-and-cyber-security-signs-300x200.jpg 300w, https:\/\/securitybytestech.com\/wp-content\/uploads\/2022\/07\/cropped-shot-of-businessman-showing-laptop-tablet-and-smartphone-with-gdpr-and-cyber-security-signs-768x513.jpg 768w, https:\/\/securitybytestech.com\/wp-content\/uploads\/2022\/07\/cropped-shot-of-businessman-showing-laptop-tablet-and-smartphone-with-gdpr-and-cyber-security-signs-1536x1025.jpg 1536w, https:\/\/securitybytestech.com\/wp-content\/uploads\/2022\/07\/cropped-shot-of-businessman-showing-laptop-tablet-and-smartphone-with-gdpr-and-cyber-security-signs-18x12.jpg 18w, https:\/\/securitybytestech.com\/wp-content\/uploads\/2022\/07\/cropped-shot-of-businessman-showing-laptop-tablet-and-smartphone-with-gdpr-and-cyber-security-signs.jpg 2000w\" sizes=\"(max-width: 800px) 100vw, 800px\" \/>\t\t\t\t\t\t\t\t\t\t\t\t\t\t\t<\/div>\n\t\t\t\t<\/div>\n\t\t\t\t<div class=\"elementor-element elementor-element-d1406cd de_scroll_animation_no elementor-widget elementor-widget-image\" data-id=\"d1406cd\" data-element_type=\"widget\" data-widget_type=\"image.default\">\n\t\t\t\t<div class=\"elementor-widget-container\">\n\t\t\t\t\t\t\t\t\t\t\t\t\t\t\t<img decoding=\"async\" width=\"800\" height=\"533\" src=\"https:\/\/securitybytestech.com\/wp-content\/uploads\/2022\/07\/african-american-coder-employee-programming-business-code-1024x682.jpg\" class=\"attachment-large size-large wp-image-1807\" alt=\"African american coder employee programming business code\" srcset=\"https:\/\/securitybytestech.com\/wp-content\/uploads\/2022\/07\/african-american-coder-employee-programming-business-code-1024x682.jpg 1024w, https:\/\/securitybytestech.com\/wp-content\/uploads\/2022\/07\/african-american-coder-employee-programming-business-code-300x200.jpg 300w, https:\/\/securitybytestech.com\/wp-content\/uploads\/2022\/07\/african-american-coder-employee-programming-business-code-768x512.jpg 768w, https:\/\/securitybytestech.com\/wp-content\/uploads\/2022\/07\/african-american-coder-employee-programming-business-code-1536x1024.jpg 1536w, https:\/\/securitybytestech.com\/wp-content\/uploads\/2022\/07\/african-american-coder-employee-programming-business-code-18x12.jpg 18w, https:\/\/securitybytestech.com\/wp-content\/uploads\/2022\/07\/african-american-coder-employee-programming-business-code.jpg 2000w\" sizes=\"(max-width: 800px) 100vw, 800px\" \/>\t\t\t\t\t\t\t\t\t\t\t\t\t\t\t<\/div>\n\t\t\t\t<\/div>\n\t\t\t\t\t<\/div>\n\t\t<\/div>\n\t\t\t\t\t<\/div>\n\t\t<\/section>\n\t\t\t\t<\/div>","protected":false},"excerpt":{"rendered":"<p>Seguridad Cibern\u00e9tica Durante el \u00faltimo a\u00f1o, el riesgo de ciberdelincuencia se ha disparado. Como resultado, priorizar su seguridad cibern\u00e9tica es m\u00e1s importante que nunca. Seguridad Los reconocidos servicios de ciber seguridad de Bytes Tech proteger\u00e1n a su empresa y evitar\u00e1n ciberataques. Somos conscientes de lo dif\u00edcil que puede ser determinar qu\u00e9 peligros existen y c\u00f3mo [&hellip;]<\/p>","protected":false},"author":3,"featured_media":0,"parent":0,"menu_order":0,"comment_status":"closed","ping_status":"closed","template":"","meta":{"footnotes":""},"class_list":["post-1250","page","type-page","status-publish","hentry"],"_links":{"self":[{"href":"https:\/\/securitybytestech.com\/en\/wp-json\/wp\/v2\/pages\/1250","targetHints":{"allow":["GET"]}}],"collection":[{"href":"https:\/\/securitybytestech.com\/en\/wp-json\/wp\/v2\/pages"}],"about":[{"href":"https:\/\/securitybytestech.com\/en\/wp-json\/wp\/v2\/types\/page"}],"author":[{"embeddable":true,"href":"https:\/\/securitybytestech.com\/en\/wp-json\/wp\/v2\/users\/3"}],"replies":[{"embeddable":true,"href":"https:\/\/securitybytestech.com\/en\/wp-json\/wp\/v2\/comments?post=1250"}],"version-history":[{"count":26,"href":"https:\/\/securitybytestech.com\/en\/wp-json\/wp\/v2\/pages\/1250\/revisions"}],"predecessor-version":[{"id":1912,"href":"https:\/\/securitybytestech.com\/en\/wp-json\/wp\/v2\/pages\/1250\/revisions\/1912"}],"wp:attachment":[{"href":"https:\/\/securitybytestech.com\/en\/wp-json\/wp\/v2\/media?parent=1250"}],"curies":[{"name":"wp","href":"https:\/\/api.w.org\/{rel}","templated":true}]}}