{"id":1295,"date":"2022-07-09T17:41:12","date_gmt":"2022-07-09T17:41:12","guid":{"rendered":"https:\/\/securitybytestech.com\/?page_id=1295"},"modified":"2022-07-10T19:36:48","modified_gmt":"2022-07-10T19:36:48","slug":"auditoria-ti","status":"publish","type":"page","link":"https:\/\/securitybytestech.com\/en\/it-audit\/","title":{"rendered":"IT Audit"},"content":{"rendered":"<div data-elementor-type=\"wp-page\" data-elementor-id=\"1295\" class=\"elementor elementor-1295\" data-elementor-post-type=\"page\">\n\t\t\t\t\t\t<section class=\"elementor-section elementor-top-section elementor-element elementor-element-f0b022a elementor-section-full_width elementor-section-height-default elementor-section-height-default\" data-id=\"f0b022a\" data-element_type=\"section\">\n\t\t\t\t\t\t<div class=\"elementor-container elementor-column-gap-no\">\n\t\t\t\t\t<div class=\"elementor-column elementor-col-50 elementor-top-column elementor-element elementor-element-1bcd7f0\" data-id=\"1bcd7f0\" data-element_type=\"column\">\n\t\t\t<div class=\"elementor-widget-wrap elementor-element-populated\">\n\t\t\t\t\t\t<div class=\"elementor-element elementor-element-ebe07a0 de_scroll_animation_no elementor-widget elementor-widget-heading\" data-id=\"ebe07a0\" data-element_type=\"widget\" data-widget_type=\"heading.default\">\n\t\t\t\t<div class=\"elementor-widget-container\">\n\t\t\t\t\t<h1 class=\"elementor-heading-title elementor-size-default\">IT Audit\n<\/h1>\t\t\t\t<\/div>\n\t\t\t\t<\/div>\n\t\t\t\t\t<\/div>\n\t\t<\/div>\n\t\t\t\t<div class=\"elementor-column elementor-col-50 elementor-top-column elementor-element elementor-element-7380b90 elementor-hidden-tablet elementor-hidden-phone\" data-id=\"7380b90\" data-element_type=\"column\" data-settings=\"{&quot;background_background&quot;:&quot;classic&quot;}\">\n\t\t\t<div class=\"elementor-widget-wrap\">\n\t\t\t\t\t\t\t<\/div>\n\t\t<\/div>\n\t\t\t\t\t<\/div>\n\t\t<\/section>\n\t\t\t\t<section class=\"elementor-section elementor-top-section elementor-element elementor-element-52e75784 elementor-section-full_width elementor-section-height-default elementor-section-height-default\" data-id=\"52e75784\" data-element_type=\"section\">\n\t\t\t\t\t\t<div class=\"elementor-container elementor-column-gap-no\">\n\t\t\t\t\t<div class=\"elementor-column elementor-col-50 elementor-top-column elementor-element elementor-element-77f80f58\" data-id=\"77f80f58\" data-element_type=\"column\">\n\t\t\t<div class=\"elementor-widget-wrap elementor-element-populated\">\n\t\t\t\t\t\t<div class=\"elementor-element elementor-element-491eb8d1 de_scroll_animation_no elementor-widget elementor-widget-image\" data-id=\"491eb8d1\" data-element_type=\"widget\" data-widget_type=\"image.default\">\n\t\t\t\t<div class=\"elementor-widget-container\">\n\t\t\t\t\t\t\t\t\t\t\t\t\t\t\t<img fetchpriority=\"high\" decoding=\"async\" width=\"800\" height=\"533\" src=\"https:\/\/securitybytestech.com\/wp-content\/uploads\/2022\/07\/businessman-key-research-and-auditing-income-statement-data-from-excel-spreadsheet-1024x682.jpg\" class=\"attachment-large size-large wp-image-1729\" alt=\"Businessman key research and auditing income statement data from excel spreadsheet\" srcset=\"https:\/\/securitybytestech.com\/wp-content\/uploads\/2022\/07\/businessman-key-research-and-auditing-income-statement-data-from-excel-spreadsheet-1024x682.jpg 1024w, https:\/\/securitybytestech.com\/wp-content\/uploads\/2022\/07\/businessman-key-research-and-auditing-income-statement-data-from-excel-spreadsheet-300x200.jpg 300w, https:\/\/securitybytestech.com\/wp-content\/uploads\/2022\/07\/businessman-key-research-and-auditing-income-statement-data-from-excel-spreadsheet-768x512.jpg 768w, https:\/\/securitybytestech.com\/wp-content\/uploads\/2022\/07\/businessman-key-research-and-auditing-income-statement-data-from-excel-spreadsheet-1536x1024.jpg 1536w, https:\/\/securitybytestech.com\/wp-content\/uploads\/2022\/07\/businessman-key-research-and-auditing-income-statement-data-from-excel-spreadsheet-18x12.jpg 18w, https:\/\/securitybytestech.com\/wp-content\/uploads\/2022\/07\/businessman-key-research-and-auditing-income-statement-data-from-excel-spreadsheet.jpg 2000w\" sizes=\"(max-width: 800px) 100vw, 800px\" \/>\t\t\t\t\t\t\t\t\t\t\t\t\t\t\t<\/div>\n\t\t\t\t<\/div>\n\t\t\t\t\t<\/div>\n\t\t<\/div>\n\t\t\t\t<div class=\"elementor-column elementor-col-50 elementor-top-column elementor-element elementor-element-470ee086\" data-id=\"470ee086\" data-element_type=\"column\">\n\t\t\t<div class=\"elementor-widget-wrap elementor-element-populated\">\n\t\t\t\t\t\t<div class=\"elementor-element elementor-element-30875537 de_scroll_animation_no elementor-invisible elementor-widget elementor-widget-text-editor\" data-id=\"30875537\" data-element_type=\"widget\" data-settings=\"{&quot;_animation&quot;:&quot;fadeInUp&quot;}\" data-widget_type=\"text-editor.default\">\n\t\t\t\t<div class=\"elementor-widget-container\">\n\t\t\t\t\t\t\t\t\t<p>This service needs common sense as well as technical competence. Security Bytes Tech offers IT management and system auditing consulting services. We help the TI Management by doing the following tasks:<\/p><ul><li>Information Technology Controls Diagnosis<\/li><li>The IT function's organization.<\/li><li>IT policies, procedures, and processes are being defined.<\/li><li>IT Infrastructure Vulnerability Assessment<\/li><li>System Auditing<\/li><li>Risk Management in Information Technology<\/li><li>IT regulatory framework implementation:<\/li><li>COBIT 5, IT Business Governance.<\/li><li>ISO 27001, Information Security.<\/li><li>BS 25999, Business Continuity.<\/li><li>Technological Contingency Plans.<\/li><\/ul>\t\t\t\t\t\t\t\t<\/div>\n\t\t\t\t<\/div>\n\t\t\t\t<div class=\"elementor-element elementor-element-bc77a80 de_scroll_animation_no elementor-widget elementor-widget-heading\" data-id=\"bc77a80\" data-element_type=\"widget\" data-widget_type=\"heading.default\">\n\t\t\t\t<div class=\"elementor-widget-container\">\n\t\t\t\t\t<p class=\"elementor-heading-title elementor-size-default\">Get services now! <\/p>\t\t\t\t<\/div>\n\t\t\t\t<\/div>\n\t\t\t\t<div class=\"elementor-element elementor-element-dcc6e28 elementor-align-left elementor-mobile-align-justify de_scroll_animation_no elementor-invisible elementor-widget elementor-widget-button\" data-id=\"dcc6e28\" data-element_type=\"widget\" data-settings=\"{&quot;_animation&quot;:&quot;lightSpeedIn&quot;}\" data-widget_type=\"button.default\">\n\t\t\t\t<div class=\"elementor-widget-container\">\n\t\t\t\t\t\t\t\t\t<div class=\"elementor-button-wrapper\">\n\t\t\t\t\t<a class=\"elementor-button elementor-button-link elementor-size-md elementor-animation-grow\" href=\"https:\/\/securitybytestech.com\/en\/contact-us\/\">\n\t\t\t\t\t\t<span class=\"elementor-button-content-wrapper\">\n\t\t\t\t\t\t\t\t\t<span class=\"elementor-button-text\">Contact Us <\/span>\n\t\t\t\t\t<\/span>\n\t\t\t\t\t<\/a>\n\t\t\t\t<\/div>\n\t\t\t\t\t\t\t\t<\/div>\n\t\t\t\t<\/div>\n\t\t\t\t\t<\/div>\n\t\t<\/div>\n\t\t\t\t\t<\/div>\n\t\t<\/section>\n\t\t\t\t<section class=\"elementor-section elementor-top-section elementor-element elementor-element-754d1db elementor-section-full_width elementor-section-height-default elementor-section-height-default\" data-id=\"754d1db\" data-element_type=\"section\">\n\t\t\t\t\t\t<div class=\"elementor-container elementor-column-gap-no\">\n\t\t\t\t\t<div class=\"elementor-column elementor-col-50 elementor-top-column elementor-element elementor-element-2657776\" data-id=\"2657776\" data-element_type=\"column\">\n\t\t\t<div class=\"elementor-widget-wrap elementor-element-populated\">\n\t\t\t\t\t\t<div class=\"elementor-element elementor-element-09cc3cb de_scroll_animation_no elementor-widget elementor-widget-heading\" data-id=\"09cc3cb\" data-element_type=\"widget\" data-widget_type=\"heading.default\">\n\t\t\t\t<div class=\"elementor-widget-container\">\n\t\t\t\t\t<h2 class=\"elementor-heading-title elementor-size-default\">We are the best option<\/h2>\t\t\t\t<\/div>\n\t\t\t\t<\/div>\n\t\t\t\t<div class=\"elementor-element elementor-element-7f12eca de_scroll_animation_no elementor-invisible elementor-widget elementor-widget-text-editor\" data-id=\"7f12eca\" data-element_type=\"widget\" data-settings=\"{&quot;_animation&quot;:&quot;fadeInUp&quot;}\" data-widget_type=\"text-editor.default\">\n\t\t\t\t<div class=\"elementor-widget-container\">\n\t\t\t\t\t\t\t\t\t<p>We have the scale, breadth, depth, and global reach to support dynamic businesses worldwide. Our professionals can provide you with audit services that provide true value and increase investor trust.<\/p><p>We coordinate, collaborate, and communicate in line with our single global strategy, resulting in greater consistency and higher quality.<\/p><p>Our experts can provide you with unique audit services in the following areas:<\/p><ul><li>Audits of financial statements.<\/li><li>Compilation of financial statements<\/li><li>Conversions to IFRS<\/li><li>Reports on controls in service organizations.<\/li><li>Internal Audit.<\/li><li>Financial statements are converted to international accounting standards and reviewed.<\/li><li>Complete IFRS and IFRS for SMEs trainings and workshops<\/li><li>Calculations for current and deferred taxes are reviewed.<\/li><li>Internal control systems implementation.<\/li><\/ul>\t\t\t\t\t\t\t\t<\/div>\n\t\t\t\t<\/div>\n\t\t\t\t<div class=\"elementor-element elementor-element-66b2dae de_scroll_animation_no elementor-widget elementor-widget-heading\" data-id=\"66b2dae\" data-element_type=\"widget\" data-widget_type=\"heading.default\">\n\t\t\t\t<div class=\"elementor-widget-container\">\n\t\t\t\t\t<p class=\"elementor-heading-title elementor-size-default\">Get services now! <\/p>\t\t\t\t<\/div>\n\t\t\t\t<\/div>\n\t\t\t\t<div class=\"elementor-element elementor-element-20b060a elementor-align-left elementor-mobile-align-justify de_scroll_animation_no elementor-invisible elementor-widget elementor-widget-button\" data-id=\"20b060a\" data-element_type=\"widget\" data-settings=\"{&quot;_animation&quot;:&quot;lightSpeedIn&quot;}\" data-widget_type=\"button.default\">\n\t\t\t\t<div class=\"elementor-widget-container\">\n\t\t\t\t\t\t\t\t\t<div class=\"elementor-button-wrapper\">\n\t\t\t\t\t<a class=\"elementor-button elementor-button-link elementor-size-md elementor-animation-grow\" href=\"https:\/\/securitybytestech.com\/en\/contact-us\/\">\n\t\t\t\t\t\t<span class=\"elementor-button-content-wrapper\">\n\t\t\t\t\t\t\t\t\t<span class=\"elementor-button-text\">Contact Us <\/span>\n\t\t\t\t\t<\/span>\n\t\t\t\t\t<\/a>\n\t\t\t\t<\/div>\n\t\t\t\t\t\t\t\t<\/div>\n\t\t\t\t<\/div>\n\t\t\t\t\t<\/div>\n\t\t<\/div>\n\t\t\t\t<div class=\"elementor-column elementor-col-50 elementor-top-column elementor-element elementor-element-9101a19\" data-id=\"9101a19\" data-element_type=\"column\">\n\t\t\t<div class=\"elementor-widget-wrap elementor-element-populated\">\n\t\t\t\t\t\t<div class=\"elementor-element elementor-element-2c8e973 de_scroll_animation_no elementor-widget elementor-widget-image\" data-id=\"2c8e973\" data-element_type=\"widget\" data-widget_type=\"image.default\">\n\t\t\t\t<div class=\"elementor-widget-container\">\n\t\t\t\t\t\t\t\t\t\t\t\t\t\t\t<img decoding=\"async\" width=\"800\" height=\"533\" src=\"https:\/\/securitybytestech.com\/wp-content\/uploads\/2022\/07\/stressed-woman-calculating-accounting-holding-a-receipt-checking-bills-1024x682.jpg\" class=\"attachment-large size-large wp-image-1730\" alt=\"Stressed woman calculating accounting holding a receipt checking bills\" srcset=\"https:\/\/securitybytestech.com\/wp-content\/uploads\/2022\/07\/stressed-woman-calculating-accounting-holding-a-receipt-checking-bills-1024x682.jpg 1024w, https:\/\/securitybytestech.com\/wp-content\/uploads\/2022\/07\/stressed-woman-calculating-accounting-holding-a-receipt-checking-bills-300x200.jpg 300w, https:\/\/securitybytestech.com\/wp-content\/uploads\/2022\/07\/stressed-woman-calculating-accounting-holding-a-receipt-checking-bills-768x512.jpg 768w, https:\/\/securitybytestech.com\/wp-content\/uploads\/2022\/07\/stressed-woman-calculating-accounting-holding-a-receipt-checking-bills-1536x1024.jpg 1536w, https:\/\/securitybytestech.com\/wp-content\/uploads\/2022\/07\/stressed-woman-calculating-accounting-holding-a-receipt-checking-bills-18x12.jpg 18w, https:\/\/securitybytestech.com\/wp-content\/uploads\/2022\/07\/stressed-woman-calculating-accounting-holding-a-receipt-checking-bills.jpg 2000w\" sizes=\"(max-width: 800px) 100vw, 800px\" \/>\t\t\t\t\t\t\t\t\t\t\t\t\t\t\t<\/div>\n\t\t\t\t<\/div>\n\t\t\t\t<div class=\"elementor-element elementor-element-d1406cd de_scroll_animation_no elementor-widget elementor-widget-image\" data-id=\"d1406cd\" data-element_type=\"widget\" data-widget_type=\"image.default\">\n\t\t\t\t<div class=\"elementor-widget-container\">\n\t\t\t\t\t\t\t\t\t\t\t\t\t\t\t<img decoding=\"async\" width=\"800\" height=\"533\" src=\"https:\/\/securitybytestech.com\/wp-content\/uploads\/2022\/07\/busy-working-1024x682.jpg\" class=\"attachment-large size-large wp-image-1890\" alt=\"Busy working\" srcset=\"https:\/\/securitybytestech.com\/wp-content\/uploads\/2022\/07\/busy-working-1024x682.jpg 1024w, https:\/\/securitybytestech.com\/wp-content\/uploads\/2022\/07\/busy-working-300x200.jpg 300w, https:\/\/securitybytestech.com\/wp-content\/uploads\/2022\/07\/busy-working-768x512.jpg 768w, https:\/\/securitybytestech.com\/wp-content\/uploads\/2022\/07\/busy-working-1536x1024.jpg 1536w, https:\/\/securitybytestech.com\/wp-content\/uploads\/2022\/07\/busy-working-18x12.jpg 18w, https:\/\/securitybytestech.com\/wp-content\/uploads\/2022\/07\/busy-working.jpg 2000w\" sizes=\"(max-width: 800px) 100vw, 800px\" \/>\t\t\t\t\t\t\t\t\t\t\t\t\t\t\t<\/div>\n\t\t\t\t<\/div>\n\t\t\t\t\t<\/div>\n\t\t<\/div>\n\t\t\t\t\t<\/div>\n\t\t<\/section>\n\t\t\t\t<\/div>","protected":false},"excerpt":{"rendered":"<p>Auditor\u00eda TI Este servicio requiere sentido com\u00fan y competencia t\u00e9cnica. Security Bytes Tech ofrece servicios de consultor\u00eda de gesti\u00f3n de TI y auditor\u00eda de sistemas. Ayudamos a la Gerencia de TI realizando las siguientes tareas: Diagn\u00f3stico de Controles de Tecnolog\u00edas de la Informaci\u00f3n La organizaci\u00f3n de la funci\u00f3n TI. Se est\u00e1n definiendo pol\u00edticas, procedimientos y [&hellip;]<\/p>","protected":false},"author":3,"featured_media":0,"parent":0,"menu_order":0,"comment_status":"closed","ping_status":"closed","template":"","meta":{"footnotes":""},"class_list":["post-1295","page","type-page","status-publish","hentry"],"_links":{"self":[{"href":"https:\/\/securitybytestech.com\/en\/wp-json\/wp\/v2\/pages\/1295","targetHints":{"allow":["GET"]}}],"collection":[{"href":"https:\/\/securitybytestech.com\/en\/wp-json\/wp\/v2\/pages"}],"about":[{"href":"https:\/\/securitybytestech.com\/en\/wp-json\/wp\/v2\/types\/page"}],"author":[{"embeddable":true,"href":"https:\/\/securitybytestech.com\/en\/wp-json\/wp\/v2\/users\/3"}],"replies":[{"embeddable":true,"href":"https:\/\/securitybytestech.com\/en\/wp-json\/wp\/v2\/comments?post=1295"}],"version-history":[{"count":22,"href":"https:\/\/securitybytestech.com\/en\/wp-json\/wp\/v2\/pages\/1295\/revisions"}],"predecessor-version":[{"id":1893,"href":"https:\/\/securitybytestech.com\/en\/wp-json\/wp\/v2\/pages\/1295\/revisions\/1893"}],"wp:attachment":[{"href":"https:\/\/securitybytestech.com\/en\/wp-json\/wp\/v2\/media?parent=1295"}],"curies":[{"name":"wp","href":"https:\/\/api.w.org\/{rel}","templated":true}]}}