{"id":1310,"date":"2022-07-09T17:58:22","date_gmt":"2022-07-09T17:58:22","guid":{"rendered":"https:\/\/securitybytestech.com\/?page_id=1310"},"modified":"2022-07-10T18:32:06","modified_gmt":"2022-07-10T18:32:06","slug":"integracion-y-analisis-de-datos-con-bi","status":"publish","type":"page","link":"https:\/\/securitybytestech.com\/en\/data-integrations-and-analysis-with-bi\/","title":{"rendered":"Data Integration and Analysis with BI"},"content":{"rendered":"<div data-elementor-type=\"wp-page\" data-elementor-id=\"1310\" class=\"elementor elementor-1310\" data-elementor-post-type=\"page\">\n\t\t\t\t\t\t<section class=\"elementor-section elementor-top-section elementor-element elementor-element-f0b022a elementor-section-full_width elementor-section-height-default elementor-section-height-default\" data-id=\"f0b022a\" data-element_type=\"section\">\n\t\t\t\t\t\t<div class=\"elementor-container elementor-column-gap-no\">\n\t\t\t\t\t<div class=\"elementor-column elementor-col-50 elementor-top-column elementor-element elementor-element-1bcd7f0\" data-id=\"1bcd7f0\" data-element_type=\"column\">\n\t\t\t<div class=\"elementor-widget-wrap elementor-element-populated\">\n\t\t\t\t\t\t<div class=\"elementor-element elementor-element-ebe07a0 de_scroll_animation_no elementor-widget elementor-widget-heading\" data-id=\"ebe07a0\" data-element_type=\"widget\" data-widget_type=\"heading.default\">\n\t\t\t\t<div class=\"elementor-widget-container\">\n\t\t\t\t\t<h1 class=\"elementor-heading-title elementor-size-default\">Data Integration and Analysis with BI\n<\/h1>\t\t\t\t<\/div>\n\t\t\t\t<\/div>\n\t\t\t\t\t<\/div>\n\t\t<\/div>\n\t\t\t\t<div class=\"elementor-column elementor-col-50 elementor-top-column elementor-element elementor-element-7380b90 elementor-hidden-tablet elementor-hidden-phone\" data-id=\"7380b90\" data-element_type=\"column\" data-settings=\"{&quot;background_background&quot;:&quot;classic&quot;}\">\n\t\t\t<div class=\"elementor-widget-wrap\">\n\t\t\t\t\t\t\t<\/div>\n\t\t<\/div>\n\t\t\t\t\t<\/div>\n\t\t<\/section>\n\t\t\t\t<section class=\"elementor-section elementor-top-section elementor-element elementor-element-52e75784 elementor-section-full_width elementor-section-height-default elementor-section-height-default\" data-id=\"52e75784\" data-element_type=\"section\">\n\t\t\t\t\t\t<div class=\"elementor-container elementor-column-gap-no\">\n\t\t\t\t\t<div class=\"elementor-column elementor-col-50 elementor-top-column elementor-element elementor-element-77f80f58\" data-id=\"77f80f58\" data-element_type=\"column\">\n\t\t\t<div class=\"elementor-widget-wrap elementor-element-populated\">\n\t\t\t\t\t\t<div class=\"elementor-element elementor-element-491eb8d1 de_scroll_animation_no elementor-widget elementor-widget-image\" data-id=\"491eb8d1\" data-element_type=\"widget\" data-widget_type=\"image.default\">\n\t\t\t\t<div class=\"elementor-widget-container\">\n\t\t\t\t\t\t\t\t\t\t\t\t\t\t\t<img fetchpriority=\"high\" decoding=\"async\" width=\"800\" height=\"449\" src=\"https:\/\/securitybytestech.com\/wp-content\/uploads\/2022\/07\/startup-concept-team-of-young-business-analysis-data-in-laptop-computer--1024x575.jpg\" class=\"attachment-large size-large wp-image-1789\" alt=\"Startup concept, Team of young business analysis data in laptop computer.\" srcset=\"https:\/\/securitybytestech.com\/wp-content\/uploads\/2022\/07\/startup-concept-team-of-young-business-analysis-data-in-laptop-computer--1024x575.jpg 1024w, https:\/\/securitybytestech.com\/wp-content\/uploads\/2022\/07\/startup-concept-team-of-young-business-analysis-data-in-laptop-computer--300x169.jpg 300w, https:\/\/securitybytestech.com\/wp-content\/uploads\/2022\/07\/startup-concept-team-of-young-business-analysis-data-in-laptop-computer--768x432.jpg 768w, https:\/\/securitybytestech.com\/wp-content\/uploads\/2022\/07\/startup-concept-team-of-young-business-analysis-data-in-laptop-computer--1536x863.jpg 1536w, https:\/\/securitybytestech.com\/wp-content\/uploads\/2022\/07\/startup-concept-team-of-young-business-analysis-data-in-laptop-computer--18x10.jpg 18w, https:\/\/securitybytestech.com\/wp-content\/uploads\/2022\/07\/startup-concept-team-of-young-business-analysis-data-in-laptop-computer-.jpg 2000w\" sizes=\"(max-width: 800px) 100vw, 800px\" \/>\t\t\t\t\t\t\t\t\t\t\t\t\t\t\t<\/div>\n\t\t\t\t<\/div>\n\t\t\t\t\t<\/div>\n\t\t<\/div>\n\t\t\t\t<div class=\"elementor-column elementor-col-50 elementor-top-column elementor-element elementor-element-470ee086\" data-id=\"470ee086\" data-element_type=\"column\">\n\t\t\t<div class=\"elementor-widget-wrap elementor-element-populated\">\n\t\t\t\t\t\t<div class=\"elementor-element elementor-element-30875537 de_scroll_animation_no elementor-invisible elementor-widget elementor-widget-text-editor\" data-id=\"30875537\" data-element_type=\"widget\" data-settings=\"{&quot;_animation&quot;:&quot;fadeInUp&quot;}\" data-widget_type=\"text-editor.default\">\n\t\t\t\t<div class=\"elementor-widget-container\">\n\t\t\t\t\t\t\t\t\t<p>Discover how to reply swiftly and safely based on an analysis of integrated, trustworthy, and timely information. With well-designed dashboards and eye-catching graphics.<\/p><p>By evaluating integrated, trustworthy, and timely data, our BI and analytics solutions empower businesses to outperform the competition. Using multi-platform technology to implement data integration and analysis with business intelligence that provides \"the advantage of two seconds.\"<\/p>\t\t\t\t\t\t\t\t<\/div>\n\t\t\t\t<\/div>\n\t\t\t\t<div class=\"elementor-element elementor-element-8224135 de_scroll_animation_no elementor-widget elementor-widget-heading\" data-id=\"8224135\" data-element_type=\"widget\" data-widget_type=\"heading.default\">\n\t\t\t\t<div class=\"elementor-widget-container\">\n\t\t\t\t\t<p class=\"elementor-heading-title elementor-size-default\">Get this solution now! <\/p>\t\t\t\t<\/div>\n\t\t\t\t<\/div>\n\t\t\t\t<div class=\"elementor-element elementor-element-dcc6e28 elementor-align-left elementor-mobile-align-justify de_scroll_animation_no elementor-invisible elementor-widget elementor-widget-button\" data-id=\"dcc6e28\" data-element_type=\"widget\" data-settings=\"{&quot;_animation&quot;:&quot;lightSpeedIn&quot;}\" data-widget_type=\"button.default\">\n\t\t\t\t<div class=\"elementor-widget-container\">\n\t\t\t\t\t\t\t\t\t<div class=\"elementor-button-wrapper\">\n\t\t\t\t\t<a class=\"elementor-button elementor-button-link elementor-size-md elementor-animation-grow\" href=\"https:\/\/securitybytestech.com\/en\/contact-us\/\">\n\t\t\t\t\t\t<span class=\"elementor-button-content-wrapper\">\n\t\t\t\t\t\t\t\t\t<span class=\"elementor-button-text\">Contact Us <\/span>\n\t\t\t\t\t<\/span>\n\t\t\t\t\t<\/a>\n\t\t\t\t<\/div>\n\t\t\t\t\t\t\t\t<\/div>\n\t\t\t\t<\/div>\n\t\t\t\t\t<\/div>\n\t\t<\/div>\n\t\t\t\t\t<\/div>\n\t\t<\/section>\n\t\t\t\t<section class=\"elementor-section elementor-top-section elementor-element elementor-element-754d1db elementor-section-full_width elementor-section-height-default elementor-section-height-default\" data-id=\"754d1db\" data-element_type=\"section\">\n\t\t\t\t\t\t<div class=\"elementor-container elementor-column-gap-no\">\n\t\t\t\t\t<div class=\"elementor-column elementor-col-50 elementor-top-column elementor-element elementor-element-2657776\" data-id=\"2657776\" data-element_type=\"column\">\n\t\t\t<div class=\"elementor-widget-wrap elementor-element-populated\">\n\t\t\t\t\t\t<div class=\"elementor-element elementor-element-09cc3cb de_scroll_animation_no elementor-widget elementor-widget-heading\" data-id=\"09cc3cb\" data-element_type=\"widget\" data-widget_type=\"heading.default\">\n\t\t\t\t<div class=\"elementor-widget-container\">\n\t\t\t\t\t<h2 class=\"elementor-heading-title elementor-size-default\">How do we do it?\n<\/h2>\t\t\t\t<\/div>\n\t\t\t\t<\/div>\n\t\t\t\t<div class=\"elementor-element elementor-element-7f12eca de_scroll_animation_no elementor-invisible elementor-widget elementor-widget-text-editor\" data-id=\"7f12eca\" data-element_type=\"widget\" data-settings=\"{&quot;_animation&quot;:&quot;fadeInUp&quot;}\" data-widget_type=\"text-editor.default\">\n\t\t\t\t<div class=\"elementor-widget-container\">\n\t\t\t\t\t\t\t\t\t<p>We use agile methodologies and platform-independent technologies like TIBCO Jaspersoft, TIBCO Spotfire, Jasper ETL, JasperStudio, Visualize JS, and the aid of international specialists from IT-NOVA for data integration and analysis with business intelligence in SST. The following actions-variables must also be considered in order to provide this service:<\/p><p><u>Study Requirements<\/u><\/p><p>The Requirements Study gives us the specifications and completes the scope of the project, which includes: project requirements formulation, data analysis and variables to be included, and data source evaluation.<\/p><p><u>Mechanisms of ETL<\/u><\/p><p>It comprises the design and development of data extraction and integration methods, as well as the defining of tools and procedures for extracting, processing, and loading data, as well as the frequency with which data is updated.<\/p><p><u>Deployment<\/u><\/p><ul><li>Displaying information<\/li><li>Report writing or report preparation<\/li><li>Analytics and dashboard design<\/li><\/ul><p><u>The DBMS\u00b4S Design<\/u><\/p><p>The Data warehouse concepts are covered in the Design phase, which includes database design and implementation in an integrated DBMS, among other things.<\/p><p><u>Dimensions and Domains<\/u><\/p><p>Dimensional Cube design and development, domain and DataMart building, and dimension and metric implementation are all part of the job.<\/p><p><u>Implementation<\/u><\/p><ul><li>Configuration and setup of purchased solutions<\/li><li>When you have JasperServer, you may set up a variety of roles and profiles.<\/li><li>System assessments<\/li><\/ul><p>The service's characteristics<\/p><p>Our clients will enjoy our capacity to foresee competition through comprehensive, quick, and reliable information analysis. We ensure data integration and analysis using Business Intelligence by utilizing solutions based on multi-platform technology.<\/p><p><u>JASPERSOFT TIBCO<\/u><\/p><p>TIBCO Jaspersoft is the most complete business intelligence suite on the market. Its success may be ascribed to its diverse set of services, adaptable and lightweight design, and adaptable subscription model.<\/p><p>JASPERSOFT delivers independent and integrated BI solutions including reports, dashboards, data analysis, and data integration services.<\/p><p><u>SPOTFIRE TIBCO<\/u><\/p><p>Enhanced data connectivity, in-depth analytics, automated and expert coaching make it easier to share and collaborate governance that is proven and scalable, with centralized management.<\/p><p><u>TIBCO SOFTWARE INTERNATIONAL INC.<\/u><\/p><p>TIBCO Software Inc. (NASDAQ: TIBX) offers businesses with The Two-Second Edge TM (the \"Two-Second Edge\") - the ability to acquire and use the right information at the right time to gain a competitive advantage. Over 4,000 clients worldwide rely on TIBCO.<\/p><p>Assistance from SAS and IT-NOVA: IT-NOVA is a Colombian firm formed of experts with extensive experience in project management and information system project administration, as well as a TIBCO Master Partner for Latin America.<\/p>\t\t\t\t\t\t\t\t<\/div>\n\t\t\t\t<\/div>\n\t\t\t\t<div class=\"elementor-element elementor-element-f160095 de_scroll_animation_no elementor-widget elementor-widget-heading\" data-id=\"f160095\" data-element_type=\"widget\" data-widget_type=\"heading.default\">\n\t\t\t\t<div class=\"elementor-widget-container\">\n\t\t\t\t\t<p class=\"elementor-heading-title elementor-size-default\">Get this solution now! <\/p>\t\t\t\t<\/div>\n\t\t\t\t<\/div>\n\t\t\t\t<div class=\"elementor-element elementor-element-20b060a elementor-align-left elementor-mobile-align-justify de_scroll_animation_no elementor-invisible elementor-widget elementor-widget-button\" data-id=\"20b060a\" data-element_type=\"widget\" data-settings=\"{&quot;_animation&quot;:&quot;lightSpeedIn&quot;}\" data-widget_type=\"button.default\">\n\t\t\t\t<div class=\"elementor-widget-container\">\n\t\t\t\t\t\t\t\t\t<div class=\"elementor-button-wrapper\">\n\t\t\t\t\t<a class=\"elementor-button elementor-button-link elementor-size-md elementor-animation-grow\" href=\"https:\/\/securitybytestech.com\/en\/contact-us\/\">\n\t\t\t\t\t\t<span class=\"elementor-button-content-wrapper\">\n\t\t\t\t\t\t\t\t\t<span class=\"elementor-button-text\">Contact Us <\/span>\n\t\t\t\t\t<\/span>\n\t\t\t\t\t<\/a>\n\t\t\t\t<\/div>\n\t\t\t\t\t\t\t\t<\/div>\n\t\t\t\t<\/div>\n\t\t\t\t\t<\/div>\n\t\t<\/div>\n\t\t\t\t<div class=\"elementor-column elementor-col-50 elementor-top-column elementor-element elementor-element-9101a19\" data-id=\"9101a19\" data-element_type=\"column\">\n\t\t\t<div class=\"elementor-widget-wrap elementor-element-populated\">\n\t\t\t\t\t\t<div class=\"elementor-element elementor-element-2c8e973 de_scroll_animation_no elementor-widget elementor-widget-image\" data-id=\"2c8e973\" data-element_type=\"widget\" data-widget_type=\"image.default\">\n\t\t\t\t<div class=\"elementor-widget-container\">\n\t\t\t\t\t\t\t\t\t\t\t\t\t\t\t<img decoding=\"async\" width=\"800\" height=\"533\" src=\"https:\/\/securitybytestech.com\/wp-content\/uploads\/2022\/07\/financial-data-analysis-concept-1024x682.jpg\" class=\"attachment-large size-large wp-image-1791\" alt=\"Financial data analysis concept\" srcset=\"https:\/\/securitybytestech.com\/wp-content\/uploads\/2022\/07\/financial-data-analysis-concept-1024x682.jpg 1024w, https:\/\/securitybytestech.com\/wp-content\/uploads\/2022\/07\/financial-data-analysis-concept-300x200.jpg 300w, https:\/\/securitybytestech.com\/wp-content\/uploads\/2022\/07\/financial-data-analysis-concept-768x512.jpg 768w, https:\/\/securitybytestech.com\/wp-content\/uploads\/2022\/07\/financial-data-analysis-concept-1536x1024.jpg 1536w, https:\/\/securitybytestech.com\/wp-content\/uploads\/2022\/07\/financial-data-analysis-concept-18x12.jpg 18w, https:\/\/securitybytestech.com\/wp-content\/uploads\/2022\/07\/financial-data-analysis-concept.jpg 2000w\" sizes=\"(max-width: 800px) 100vw, 800px\" \/>\t\t\t\t\t\t\t\t\t\t\t\t\t\t\t<\/div>\n\t\t\t\t<\/div>\n\t\t\t\t<div class=\"elementor-element elementor-element-d1406cd de_scroll_animation_no elementor-widget elementor-widget-image\" data-id=\"d1406cd\" data-element_type=\"widget\" data-widget_type=\"image.default\">\n\t\t\t\t<div class=\"elementor-widget-container\">\n\t\t\t\t\t\t\t\t\t\t\t\t\t\t\t<img decoding=\"async\" width=\"800\" height=\"509\" src=\"https:\/\/securitybytestech.com\/wp-content\/uploads\/2022\/07\/businessman-working-on-marketing-data-analysis-of-company-project-financial-report-1024x651.jpg\" class=\"attachment-large size-large wp-image-1792\" alt=\"businessman working on marketing data analysis of company project financial report\" srcset=\"https:\/\/securitybytestech.com\/wp-content\/uploads\/2022\/07\/businessman-working-on-marketing-data-analysis-of-company-project-financial-report-1024x651.jpg 1024w, https:\/\/securitybytestech.com\/wp-content\/uploads\/2022\/07\/businessman-working-on-marketing-data-analysis-of-company-project-financial-report-300x191.jpg 300w, https:\/\/securitybytestech.com\/wp-content\/uploads\/2022\/07\/businessman-working-on-marketing-data-analysis-of-company-project-financial-report-768x488.jpg 768w, https:\/\/securitybytestech.com\/wp-content\/uploads\/2022\/07\/businessman-working-on-marketing-data-analysis-of-company-project-financial-report-1536x976.jpg 1536w, https:\/\/securitybytestech.com\/wp-content\/uploads\/2022\/07\/businessman-working-on-marketing-data-analysis-of-company-project-financial-report-18x12.jpg 18w, https:\/\/securitybytestech.com\/wp-content\/uploads\/2022\/07\/businessman-working-on-marketing-data-analysis-of-company-project-financial-report.jpg 2000w\" sizes=\"(max-width: 800px) 100vw, 800px\" \/>\t\t\t\t\t\t\t\t\t\t\t\t\t\t\t<\/div>\n\t\t\t\t<\/div>\n\t\t\t\t\t<\/div>\n\t\t<\/div>\n\t\t\t\t\t<\/div>\n\t\t<\/section>\n\t\t\t\t<\/div>","protected":false},"excerpt":{"rendered":"<p>Integraci\u00f3n y an\u00e1lisis de datos con BI Descubre c\u00f3mo responder de forma r\u00e1pida y segura a partir de un an\u00e1lisis de informaci\u00f3n integrado, fiable y oportuno. Con tableros bien dise\u00f1ados y gr\u00e1ficos llamativos. Al evaluar datos integrados, confiables y oportunos, nuestras soluciones de BI y an\u00e1lisis permiten a las empresas superar a la competencia. Uso [&hellip;]<\/p>","protected":false},"author":3,"featured_media":0,"parent":0,"menu_order":0,"comment_status":"closed","ping_status":"closed","template":"","meta":{"footnotes":""},"class_list":["post-1310","page","type-page","status-publish","hentry"],"_links":{"self":[{"href":"https:\/\/securitybytestech.com\/en\/wp-json\/wp\/v2\/pages\/1310","targetHints":{"allow":["GET"]}}],"collection":[{"href":"https:\/\/securitybytestech.com\/en\/wp-json\/wp\/v2\/pages"}],"about":[{"href":"https:\/\/securitybytestech.com\/en\/wp-json\/wp\/v2\/types\/page"}],"author":[{"embeddable":true,"href":"https:\/\/securitybytestech.com\/en\/wp-json\/wp\/v2\/users\/3"}],"replies":[{"embeddable":true,"href":"https:\/\/securitybytestech.com\/en\/wp-json\/wp\/v2\/comments?post=1310"}],"version-history":[{"count":19,"href":"https:\/\/securitybytestech.com\/en\/wp-json\/wp\/v2\/pages\/1310\/revisions"}],"predecessor-version":[{"id":1795,"href":"https:\/\/securitybytestech.com\/en\/wp-json\/wp\/v2\/pages\/1310\/revisions\/1795"}],"wp:attachment":[{"href":"https:\/\/securitybytestech.com\/en\/wp-json\/wp\/v2\/media?parent=1310"}],"curies":[{"name":"wp","href":"https:\/\/api.w.org\/{rel}","templated":true}]}}