{"id":1514,"date":"2022-07-09T20:02:22","date_gmt":"2022-07-09T20:02:22","guid":{"rendered":"https:\/\/securitybytestech.com\/?page_id=1514"},"modified":"2022-07-10T18:37:15","modified_gmt":"2022-07-10T18:37:15","slug":"seguridad-cibernetica","status":"publish","type":"page","link":"https:\/\/securitybytestech.com\/en\/cibersecurity2\/","title":{"rendered":"Cyber Security"},"content":{"rendered":"<div data-elementor-type=\"wp-page\" data-elementor-id=\"1514\" class=\"elementor elementor-1514\" data-elementor-post-type=\"page\">\n\t\t\t\t\t\t<section class=\"elementor-section elementor-top-section elementor-element elementor-element-f0b022a elementor-section-full_width elementor-section-height-default elementor-section-height-default\" data-id=\"f0b022a\" data-element_type=\"section\">\n\t\t\t\t\t\t<div class=\"elementor-container elementor-column-gap-no\">\n\t\t\t\t\t<div class=\"elementor-column elementor-col-50 elementor-top-column elementor-element elementor-element-1bcd7f0\" data-id=\"1bcd7f0\" data-element_type=\"column\">\n\t\t\t<div class=\"elementor-widget-wrap elementor-element-populated\">\n\t\t\t\t\t\t<div class=\"elementor-element elementor-element-ebe07a0 de_scroll_animation_no elementor-widget elementor-widget-heading\" data-id=\"ebe07a0\" data-element_type=\"widget\" data-widget_type=\"heading.default\">\n\t\t\t\t<div class=\"elementor-widget-container\">\n\t\t\t\t\t<h1 class=\"elementor-heading-title elementor-size-default\">Cyber Security<\/h1>\t\t\t\t<\/div>\n\t\t\t\t<\/div>\n\t\t\t\t\t<\/div>\n\t\t<\/div>\n\t\t\t\t<div class=\"elementor-column elementor-col-50 elementor-top-column elementor-element elementor-element-7380b90 elementor-hidden-tablet elementor-hidden-phone\" data-id=\"7380b90\" data-element_type=\"column\" data-settings=\"{&quot;background_background&quot;:&quot;classic&quot;}\">\n\t\t\t<div class=\"elementor-widget-wrap\">\n\t\t\t\t\t\t\t<\/div>\n\t\t<\/div>\n\t\t\t\t\t<\/div>\n\t\t<\/section>\n\t\t\t\t<section class=\"elementor-section elementor-top-section elementor-element elementor-element-52e75784 elementor-section-full_width elementor-section-height-default elementor-section-height-default\" data-id=\"52e75784\" data-element_type=\"section\">\n\t\t\t\t\t\t<div class=\"elementor-container elementor-column-gap-no\">\n\t\t\t\t\t<div class=\"elementor-column elementor-col-50 elementor-top-column elementor-element elementor-element-77f80f58\" data-id=\"77f80f58\" data-element_type=\"column\">\n\t\t\t<div class=\"elementor-widget-wrap elementor-element-populated\">\n\t\t\t\t\t\t<div class=\"elementor-element elementor-element-491eb8d1 de_scroll_animation_no elementor-widget elementor-widget-image\" data-id=\"491eb8d1\" data-element_type=\"widget\" data-widget_type=\"image.default\">\n\t\t\t\t<div class=\"elementor-widget-container\">\n\t\t\t\t\t\t\t\t\t\t\t\t\t\t\t<img fetchpriority=\"high\" decoding=\"async\" width=\"800\" height=\"534\" src=\"https:\/\/securitybytestech.com\/wp-content\/uploads\/2022\/07\/cropped-view-of-african-american-businessman-using-laptop-and-smartphone-in-car-with-cyber-security-1024x684.jpg\" class=\"attachment-large size-large wp-image-1797\" alt=\"cropped view of african american businessman using laptop and smartphone in car with cyber security\" srcset=\"https:\/\/securitybytestech.com\/wp-content\/uploads\/2022\/07\/cropped-view-of-african-american-businessman-using-laptop-and-smartphone-in-car-with-cyber-security-1024x684.jpg 1024w, https:\/\/securitybytestech.com\/wp-content\/uploads\/2022\/07\/cropped-view-of-african-american-businessman-using-laptop-and-smartphone-in-car-with-cyber-security-300x200.jpg 300w, https:\/\/securitybytestech.com\/wp-content\/uploads\/2022\/07\/cropped-view-of-african-american-businessman-using-laptop-and-smartphone-in-car-with-cyber-security-768x513.jpg 768w, https:\/\/securitybytestech.com\/wp-content\/uploads\/2022\/07\/cropped-view-of-african-american-businessman-using-laptop-and-smartphone-in-car-with-cyber-security-1536x1025.jpg 1536w, https:\/\/securitybytestech.com\/wp-content\/uploads\/2022\/07\/cropped-view-of-african-american-businessman-using-laptop-and-smartphone-in-car-with-cyber-security-18x12.jpg 18w, https:\/\/securitybytestech.com\/wp-content\/uploads\/2022\/07\/cropped-view-of-african-american-businessman-using-laptop-and-smartphone-in-car-with-cyber-security.jpg 2000w\" sizes=\"(max-width: 800px) 100vw, 800px\" \/>\t\t\t\t\t\t\t\t\t\t\t\t\t\t\t<\/div>\n\t\t\t\t<\/div>\n\t\t\t\t\t<\/div>\n\t\t<\/div>\n\t\t\t\t<div class=\"elementor-column elementor-col-50 elementor-top-column elementor-element elementor-element-470ee086\" data-id=\"470ee086\" data-element_type=\"column\">\n\t\t\t<div class=\"elementor-widget-wrap elementor-element-populated\">\n\t\t\t\t\t\t<div class=\"elementor-element elementor-element-30875537 de_scroll_animation_no elementor-invisible elementor-widget elementor-widget-text-editor\" data-id=\"30875537\" data-element_type=\"widget\" data-settings=\"{&quot;_animation&quot;:&quot;fadeInUp&quot;}\" data-widget_type=\"text-editor.default\">\n\t\t\t\t<div class=\"elementor-widget-container\">\n\t\t\t\t\t\t\t\t\t<p>You can safeguard your employees and company from continuing cyber threats and vulnerabilities by utilizing our best-of-breed information and cyber security services.<\/p><p>Invest in Cyber Security Solutions<\/p><p>If you do not have adequate cyber security measures in place, you may suffer from the following:<\/p><ul><li>Authorities have the authority to issue heavy fines.<\/li><li>Significant financial loss.<\/li><li>As a result, your reputation, brand, and important customer connections will suffer.<\/li><li>Productivity loss due to system disruption.<\/li><li>Data loss due to a lack of an effective backup and disaster recovery solution<\/li><li>Sales are down, but there is still possibility for growth.<\/li><li>Your and your employees' stress levels have grown.<\/li><\/ul>\t\t\t\t\t\t\t\t<\/div>\n\t\t\t\t<\/div>\n\t\t\t\t<div class=\"elementor-element elementor-element-bcb3984 de_scroll_animation_no elementor-widget elementor-widget-heading\" data-id=\"bcb3984\" data-element_type=\"widget\" data-widget_type=\"heading.default\">\n\t\t\t\t<div class=\"elementor-widget-container\">\n\t\t\t\t\t<p class=\"elementor-heading-title elementor-size-default\">Get this solution now! <\/p>\t\t\t\t<\/div>\n\t\t\t\t<\/div>\n\t\t\t\t<div class=\"elementor-element elementor-element-dcc6e28 elementor-align-left elementor-mobile-align-justify de_scroll_animation_no elementor-invisible elementor-widget elementor-widget-button\" data-id=\"dcc6e28\" data-element_type=\"widget\" data-settings=\"{&quot;_animation&quot;:&quot;lightSpeedIn&quot;}\" data-widget_type=\"button.default\">\n\t\t\t\t<div class=\"elementor-widget-container\">\n\t\t\t\t\t\t\t\t\t<div class=\"elementor-button-wrapper\">\n\t\t\t\t\t<a class=\"elementor-button elementor-button-link elementor-size-md elementor-animation-grow\" href=\"https:\/\/securitybytestech.com\/en\/contact-us\/\">\n\t\t\t\t\t\t<span class=\"elementor-button-content-wrapper\">\n\t\t\t\t\t\t\t\t\t<span class=\"elementor-button-text\">Contact Us <\/span>\n\t\t\t\t\t<\/span>\n\t\t\t\t\t<\/a>\n\t\t\t\t<\/div>\n\t\t\t\t\t\t\t\t<\/div>\n\t\t\t\t<\/div>\n\t\t\t\t\t<\/div>\n\t\t<\/div>\n\t\t\t\t\t<\/div>\n\t\t<\/section>\n\t\t\t\t<section class=\"elementor-section elementor-top-section elementor-element elementor-element-b1f0805 elementor-section-full_width elementor-section-height-default elementor-section-height-default\" data-id=\"b1f0805\" data-element_type=\"section\">\n\t\t\t\t\t\t<div class=\"elementor-container elementor-column-gap-no\">\n\t\t\t\t\t<div class=\"elementor-column elementor-col-50 elementor-top-column elementor-element elementor-element-c7e242f\" data-id=\"c7e242f\" data-element_type=\"column\">\n\t\t\t<div class=\"elementor-widget-wrap elementor-element-populated\">\n\t\t\t\t\t\t<div class=\"elementor-element elementor-element-4c1d6d8 de_scroll_animation_no elementor-invisible elementor-widget elementor-widget-text-editor\" data-id=\"4c1d6d8\" data-element_type=\"widget\" data-settings=\"{&quot;_animation&quot;:&quot;fadeInUp&quot;}\" data-widget_type=\"text-editor.default\">\n\t\t\t\t<div class=\"elementor-widget-container\">\n\t\t\t\t\t\t\t\t\t<p><strong>The Key to Success Is Innovation<\/strong><\/p><p>Millions of businesses have been affected; don't waste any more time. Businesses that are too tiny to have their own IT teams or hire a Chief Technology Officer must be cyber secure regardless. These businesses are less likely to have effective security or a workforce of trained, cyber-savvy employees. Because hackers are aware of this, they will seek out and target smaller businesses with vigor.<\/p><p>Furthermore, following the Covid-19 epidemic, cyber fraudsters have grown more convincing and concentrated in their attacks, impersonating reputable organizations like as the World Health Organization. Cyber criminals have had more time to develop as a result of the epidemic. As a result, regardless of size, all firms must invest in acquiring appropriate, practical IT advice in order to avoid the effects of a cyber-attack.<\/p><p>Solutions to ensure your data is entirely safe, recoverable, and accessible include:<\/p><ul><li>Cyber security services are designed to make the process of safeguarding your business easier by alleviating your firm's concern of cybercrime.<\/li><li>Ascertain that your data is totally safe, recoverable, and accessible in the event of a calamity.<\/li><li>Observe data security rules such as the FCA and GDPR.<\/li><li>Customized technological consulting to ensure that your cyber security plan aligns with your company's goals.<\/li><li>Proactive IT support discovers problems before they affect your business and ensures that all applications and systems are up to date.<\/li><li>A certified and experienced team of IT specialists dedicated to your security.<\/li><\/ul>\t\t\t\t\t\t\t\t<\/div>\n\t\t\t\t<\/div>\n\t\t\t\t<div class=\"elementor-element elementor-element-b645550 de_scroll_animation_no elementor-widget elementor-widget-heading\" data-id=\"b645550\" data-element_type=\"widget\" data-widget_type=\"heading.default\">\n\t\t\t\t<div class=\"elementor-widget-container\">\n\t\t\t\t\t<p class=\"elementor-heading-title elementor-size-default\">Get this solution now! <\/p>\t\t\t\t<\/div>\n\t\t\t\t<\/div>\n\t\t\t\t<div class=\"elementor-element elementor-element-c8b4c08 elementor-align-left elementor-mobile-align-justify de_scroll_animation_no elementor-invisible elementor-widget elementor-widget-button\" data-id=\"c8b4c08\" data-element_type=\"widget\" data-settings=\"{&quot;_animation&quot;:&quot;lightSpeedIn&quot;}\" data-widget_type=\"button.default\">\n\t\t\t\t<div class=\"elementor-widget-container\">\n\t\t\t\t\t\t\t\t\t<div class=\"elementor-button-wrapper\">\n\t\t\t\t\t<a class=\"elementor-button elementor-button-link elementor-size-md elementor-animation-grow\" href=\"https:\/\/securitybytestech.com\/en\/contact-us\/\">\n\t\t\t\t\t\t<span class=\"elementor-button-content-wrapper\">\n\t\t\t\t\t\t\t\t\t<span class=\"elementor-button-text\">Contact Us <\/span>\n\t\t\t\t\t<\/span>\n\t\t\t\t\t<\/a>\n\t\t\t\t<\/div>\n\t\t\t\t\t\t\t\t<\/div>\n\t\t\t\t<\/div>\n\t\t\t\t\t<\/div>\n\t\t<\/div>\n\t\t\t\t<div class=\"elementor-column elementor-col-50 elementor-top-column elementor-element elementor-element-f43794d\" data-id=\"f43794d\" data-element_type=\"column\">\n\t\t\t<div class=\"elementor-widget-wrap elementor-element-populated\">\n\t\t\t\t\t\t<div class=\"elementor-element elementor-element-4ffdaa1 de_scroll_animation_no elementor-widget elementor-widget-image\" data-id=\"4ffdaa1\" data-element_type=\"widget\" data-widget_type=\"image.default\">\n\t\t\t\t<div class=\"elementor-widget-container\">\n\t\t\t\t\t\t\t\t\t\t\t\t\t\t\t<img decoding=\"async\" width=\"800\" height=\"533\" src=\"https:\/\/securitybytestech.com\/wp-content\/uploads\/2022\/07\/male-teenage-hacker-sitting-in-front-of-computer-screens-bypassing-cyber-security-1024x682.jpg\" class=\"attachment-large size-large wp-image-1798\" alt=\"Male Teenage Hacker Sitting In Front Of Computer Screens Bypassing Cyber Security\" srcset=\"https:\/\/securitybytestech.com\/wp-content\/uploads\/2022\/07\/male-teenage-hacker-sitting-in-front-of-computer-screens-bypassing-cyber-security-1024x682.jpg 1024w, https:\/\/securitybytestech.com\/wp-content\/uploads\/2022\/07\/male-teenage-hacker-sitting-in-front-of-computer-screens-bypassing-cyber-security-300x200.jpg 300w, https:\/\/securitybytestech.com\/wp-content\/uploads\/2022\/07\/male-teenage-hacker-sitting-in-front-of-computer-screens-bypassing-cyber-security-768x512.jpg 768w, https:\/\/securitybytestech.com\/wp-content\/uploads\/2022\/07\/male-teenage-hacker-sitting-in-front-of-computer-screens-bypassing-cyber-security-1536x1024.jpg 1536w, https:\/\/securitybytestech.com\/wp-content\/uploads\/2022\/07\/male-teenage-hacker-sitting-in-front-of-computer-screens-bypassing-cyber-security-18x12.jpg 18w, https:\/\/securitybytestech.com\/wp-content\/uploads\/2022\/07\/male-teenage-hacker-sitting-in-front-of-computer-screens-bypassing-cyber-security.jpg 2000w\" sizes=\"(max-width: 800px) 100vw, 800px\" \/>\t\t\t\t\t\t\t\t\t\t\t\t\t\t\t<\/div>\n\t\t\t\t<\/div>\n\t\t\t\t\t<\/div>\n\t\t<\/div>\n\t\t\t\t\t<\/div>\n\t\t<\/section>\n\t\t\t\t<section class=\"elementor-section elementor-top-section elementor-element elementor-element-0feaf3a elementor-section-full_width elementor-section-height-default elementor-section-height-default\" data-id=\"0feaf3a\" data-element_type=\"section\">\n\t\t\t\t\t\t<div class=\"elementor-container elementor-column-gap-no\">\n\t\t\t\t\t<div class=\"elementor-column elementor-col-50 elementor-top-column elementor-element elementor-element-0febfe2\" data-id=\"0febfe2\" data-element_type=\"column\">\n\t\t\t<div class=\"elementor-widget-wrap elementor-element-populated\">\n\t\t\t\t\t\t<div class=\"elementor-element elementor-element-89e8151 de_scroll_animation_no elementor-widget elementor-widget-image\" data-id=\"89e8151\" data-element_type=\"widget\" data-widget_type=\"image.default\">\n\t\t\t\t<div class=\"elementor-widget-container\">\n\t\t\t\t\t\t\t\t\t\t\t\t\t\t\t<img decoding=\"async\" width=\"800\" height=\"533\" src=\"https:\/\/securitybytestech.com\/wp-content\/uploads\/2022\/07\/cyber-security-threat-young-woman-using-computer-and-coding-internet-and-network-security-hacker-1024x682.jpg\" class=\"attachment-large size-large wp-image-1800\" alt=\"Cyber security threat. Young woman using computer and coding. Internet and network security. Hacker\" srcset=\"https:\/\/securitybytestech.com\/wp-content\/uploads\/2022\/07\/cyber-security-threat-young-woman-using-computer-and-coding-internet-and-network-security-hacker-1024x682.jpg 1024w, https:\/\/securitybytestech.com\/wp-content\/uploads\/2022\/07\/cyber-security-threat-young-woman-using-computer-and-coding-internet-and-network-security-hacker-300x200.jpg 300w, https:\/\/securitybytestech.com\/wp-content\/uploads\/2022\/07\/cyber-security-threat-young-woman-using-computer-and-coding-internet-and-network-security-hacker-768x512.jpg 768w, https:\/\/securitybytestech.com\/wp-content\/uploads\/2022\/07\/cyber-security-threat-young-woman-using-computer-and-coding-internet-and-network-security-hacker-1536x1024.jpg 1536w, https:\/\/securitybytestech.com\/wp-content\/uploads\/2022\/07\/cyber-security-threat-young-woman-using-computer-and-coding-internet-and-network-security-hacker-18x12.jpg 18w, https:\/\/securitybytestech.com\/wp-content\/uploads\/2022\/07\/cyber-security-threat-young-woman-using-computer-and-coding-internet-and-network-security-hacker.jpg 2000w\" sizes=\"(max-width: 800px) 100vw, 800px\" \/>\t\t\t\t\t\t\t\t\t\t\t\t\t\t\t<\/div>\n\t\t\t\t<\/div>\n\t\t\t\t\t<\/div>\n\t\t<\/div>\n\t\t\t\t<div class=\"elementor-column elementor-col-50 elementor-top-column elementor-element elementor-element-9b9dbc3\" data-id=\"9b9dbc3\" data-element_type=\"column\">\n\t\t\t<div class=\"elementor-widget-wrap elementor-element-populated\">\n\t\t\t\t\t\t<div class=\"elementor-element elementor-element-0cdad63 de_scroll_animation_no elementor-invisible elementor-widget elementor-widget-text-editor\" data-id=\"0cdad63\" data-element_type=\"widget\" data-settings=\"{&quot;_animation&quot;:&quot;fadeInUp&quot;}\" data-widget_type=\"text-editor.default\">\n\t\t\t\t<div class=\"elementor-widget-container\">\n\t\t\t\t\t\t\t\t\t<p><strong>Small and Medium-Sized Enterprise Cybersecurity Solutions<\/strong><\/p><p>Smaller businesses may find it challenging to control cyber threats. Do you have the skills and personnel in-house to keep your firm secure? You should be aware of the following:<\/p><ul><li>The best cyber security systems feature several levels of protection that do not conflict with one another.<\/li><li>Which cyber security solutions can keep your firm secure without interfering with personnel or slowing down technology.<\/li><li>What is an IT security policy, why do you need one, and how do you build one?<\/li><li>How to develop a cyber-secure culture in your firm so that your employees can easily spot and avoid future cyber-attacks.<\/li><li>The best cyber security solutions for modern working, ensuring that all devices and data are secure whether your employees work from home, on the road, or in the office.<\/li><li>How to proactively assess potential risks in order to prevent th6em before they have an impact on your business.<\/li><li>How to comply with and report on compliance rules while keeping client anonymity and avoiding government fines.<\/li><\/ul><p>We will manage all aspects of your cyber security solutions, eliminating the need for you to be concerned about potential threats.<\/p>\t\t\t\t\t\t\t\t<\/div>\n\t\t\t\t<\/div>\n\t\t\t\t<div class=\"elementor-element elementor-element-43e191b de_scroll_animation_no elementor-widget elementor-widget-heading\" data-id=\"43e191b\" data-element_type=\"widget\" data-widget_type=\"heading.default\">\n\t\t\t\t<div class=\"elementor-widget-container\">\n\t\t\t\t\t<p class=\"elementor-heading-title elementor-size-default\">Get this solution now! <\/p>\t\t\t\t<\/div>\n\t\t\t\t<\/div>\n\t\t\t\t<div class=\"elementor-element elementor-element-eaa4f0f elementor-align-left elementor-mobile-align-justify de_scroll_animation_no elementor-invisible elementor-widget elementor-widget-button\" data-id=\"eaa4f0f\" data-element_type=\"widget\" data-settings=\"{&quot;_animation&quot;:&quot;lightSpeedIn&quot;}\" data-widget_type=\"button.default\">\n\t\t\t\t<div class=\"elementor-widget-container\">\n\t\t\t\t\t\t\t\t\t<div class=\"elementor-button-wrapper\">\n\t\t\t\t\t<a class=\"elementor-button elementor-button-link elementor-size-md elementor-animation-grow\" href=\"https:\/\/securitybytestech.com\/en\/contact-us\/\">\n\t\t\t\t\t\t<span class=\"elementor-button-content-wrapper\">\n\t\t\t\t\t\t\t\t\t<span class=\"elementor-button-text\">Contact Us <\/span>\n\t\t\t\t\t<\/span>\n\t\t\t\t\t<\/a>\n\t\t\t\t<\/div>\n\t\t\t\t\t\t\t\t<\/div>\n\t\t\t\t<\/div>\n\t\t\t\t\t<\/div>\n\t\t<\/div>\n\t\t\t\t\t<\/div>\n\t\t<\/section>\n\t\t\t\t<\/div>","protected":false},"excerpt":{"rendered":"<p>Seguridad cibern\u00e9tica Puede proteger a sus empleados y a la empresa de amenazas y vulnerabilidades cibern\u00e9ticas continuas utilizando nuestros mejores servicios de informaci\u00f3n y seguridad cibern\u00e9tica. Invertir en soluciones de ciberseguridad Si no cuenta con las medidas de ciberseguridad adecuadas, puede sufrir lo siguiente: Las autoridades tienen la facultad de imponer fuertes multas. P\u00e9rdida financiera [&hellip;]<\/p>","protected":false},"author":3,"featured_media":0,"parent":0,"menu_order":0,"comment_status":"closed","ping_status":"closed","template":"","meta":{"footnotes":""},"class_list":["post-1514","page","type-page","status-publish","hentry"],"_links":{"self":[{"href":"https:\/\/securitybytestech.com\/en\/wp-json\/wp\/v2\/pages\/1514","targetHints":{"allow":["GET"]}}],"collection":[{"href":"https:\/\/securitybytestech.com\/en\/wp-json\/wp\/v2\/pages"}],"about":[{"href":"https:\/\/securitybytestech.com\/en\/wp-json\/wp\/v2\/types\/page"}],"author":[{"embeddable":true,"href":"https:\/\/securitybytestech.com\/en\/wp-json\/wp\/v2\/users\/3"}],"replies":[{"embeddable":true,"href":"https:\/\/securitybytestech.com\/en\/wp-json\/wp\/v2\/comments?post=1514"}],"version-history":[{"count":13,"href":"https:\/\/securitybytestech.com\/en\/wp-json\/wp\/v2\/pages\/1514\/revisions"}],"predecessor-version":[{"id":1803,"href":"https:\/\/securitybytestech.com\/en\/wp-json\/wp\/v2\/pages\/1514\/revisions\/1803"}],"wp:attachment":[{"href":"https:\/\/securitybytestech.com\/en\/wp-json\/wp\/v2\/media?parent=1514"}],"curies":[{"name":"wp","href":"https:\/\/api.w.org\/{rel}","templated":true}]}}