{"id":1520,"date":"2022-07-09T20:07:36","date_gmt":"2022-07-09T20:07:36","guid":{"rendered":"https:\/\/securitybytestech.com\/?page_id=1520"},"modified":"2022-07-10T18:50:43","modified_gmt":"2022-07-10T18:50:43","slug":"seguridad-del-correo-electronico-empresarial","status":"publish","type":"page","link":"https:\/\/securitybytestech.com\/en\/business-email-security\/","title":{"rendered":"Business Email Security"},"content":{"rendered":"<div data-elementor-type=\"wp-page\" data-elementor-id=\"1520\" class=\"elementor elementor-1520\" data-elementor-post-type=\"page\">\n\t\t\t\t\t\t<section class=\"elementor-section elementor-top-section elementor-element elementor-element-f0b022a elementor-section-full_width elementor-section-height-default elementor-section-height-default\" data-id=\"f0b022a\" data-element_type=\"section\">\n\t\t\t\t\t\t<div class=\"elementor-container elementor-column-gap-no\">\n\t\t\t\t\t<div class=\"elementor-column elementor-col-50 elementor-top-column elementor-element elementor-element-1bcd7f0\" data-id=\"1bcd7f0\" data-element_type=\"column\">\n\t\t\t<div class=\"elementor-widget-wrap elementor-element-populated\">\n\t\t\t\t\t\t<div class=\"elementor-element elementor-element-ebe07a0 de_scroll_animation_no elementor-widget elementor-widget-heading\" data-id=\"ebe07a0\" data-element_type=\"widget\" data-widget_type=\"heading.default\">\n\t\t\t\t<div class=\"elementor-widget-container\">\n\t\t\t\t\t<h1 class=\"elementor-heading-title elementor-size-default\">Business Email Security<\/h1>\t\t\t\t<\/div>\n\t\t\t\t<\/div>\n\t\t\t\t\t<\/div>\n\t\t<\/div>\n\t\t\t\t<div class=\"elementor-column elementor-col-50 elementor-top-column elementor-element elementor-element-7380b90 elementor-hidden-tablet elementor-hidden-phone\" data-id=\"7380b90\" data-element_type=\"column\" data-settings=\"{&quot;background_background&quot;:&quot;classic&quot;}\">\n\t\t\t<div class=\"elementor-widget-wrap\">\n\t\t\t\t\t\t\t<\/div>\n\t\t<\/div>\n\t\t\t\t\t<\/div>\n\t\t<\/section>\n\t\t\t\t<section class=\"elementor-section elementor-top-section elementor-element elementor-element-52e75784 elementor-section-full_width elementor-section-height-default elementor-section-height-default\" data-id=\"52e75784\" data-element_type=\"section\">\n\t\t\t\t\t\t<div class=\"elementor-container elementor-column-gap-no\">\n\t\t\t\t\t<div class=\"elementor-column elementor-col-50 elementor-top-column elementor-element elementor-element-77f80f58\" data-id=\"77f80f58\" data-element_type=\"column\">\n\t\t\t<div class=\"elementor-widget-wrap elementor-element-populated\">\n\t\t\t\t\t\t<div class=\"elementor-element elementor-element-491eb8d1 de_scroll_animation_no elementor-widget elementor-widget-image\" data-id=\"491eb8d1\" data-element_type=\"widget\" data-widget_type=\"image.default\">\n\t\t\t\t<div class=\"elementor-widget-container\">\n\t\t\t\t\t\t\t\t\t\t\t\t\t\t\t<img fetchpriority=\"high\" decoding=\"async\" width=\"800\" height=\"533\" src=\"https:\/\/securitybytestech.com\/wp-content\/uploads\/2022\/07\/closeup-image-of-a-woman-drinking-coffee-while-working-on-laptop-computer-1024x682.jpg\" class=\"attachment-large size-large wp-image-1825\" alt=\"Closeup image of a woman drinking coffee while working on laptop computer\" srcset=\"https:\/\/securitybytestech.com\/wp-content\/uploads\/2022\/07\/closeup-image-of-a-woman-drinking-coffee-while-working-on-laptop-computer-1024x682.jpg 1024w, https:\/\/securitybytestech.com\/wp-content\/uploads\/2022\/07\/closeup-image-of-a-woman-drinking-coffee-while-working-on-laptop-computer-300x200.jpg 300w, https:\/\/securitybytestech.com\/wp-content\/uploads\/2022\/07\/closeup-image-of-a-woman-drinking-coffee-while-working-on-laptop-computer-768x512.jpg 768w, https:\/\/securitybytestech.com\/wp-content\/uploads\/2022\/07\/closeup-image-of-a-woman-drinking-coffee-while-working-on-laptop-computer-1536x1024.jpg 1536w, https:\/\/securitybytestech.com\/wp-content\/uploads\/2022\/07\/closeup-image-of-a-woman-drinking-coffee-while-working-on-laptop-computer-18x12.jpg 18w, https:\/\/securitybytestech.com\/wp-content\/uploads\/2022\/07\/closeup-image-of-a-woman-drinking-coffee-while-working-on-laptop-computer.jpg 2000w\" sizes=\"(max-width: 800px) 100vw, 800px\" \/>\t\t\t\t\t\t\t\t\t\t\t\t\t\t\t<\/div>\n\t\t\t\t<\/div>\n\t\t\t\t\t<\/div>\n\t\t<\/div>\n\t\t\t\t<div class=\"elementor-column elementor-col-50 elementor-top-column elementor-element elementor-element-470ee086\" data-id=\"470ee086\" data-element_type=\"column\">\n\t\t\t<div class=\"elementor-widget-wrap elementor-element-populated\">\n\t\t\t\t\t\t<div class=\"elementor-element elementor-element-30875537 de_scroll_animation_no elementor-invisible elementor-widget elementor-widget-text-editor\" data-id=\"30875537\" data-element_type=\"widget\" data-settings=\"{&quot;_animation&quot;:&quot;fadeInUp&quot;}\" data-widget_type=\"text-editor.default\">\n\t\t\t\t<div class=\"elementor-widget-container\">\n\t\t\t\t\t\t\t\t\t<p>Learn how to use smart emails IT solutions to safeguard your in-office and mobile personnel.<\/p><p><strong>Encrypting Email<\/strong><\/p><p>Email has become a popular target for hackers as the workplace shifts to a more distant model with more endpoints than ever before. Email encryption safeguards both your workers' and your company's important data.<\/p><p>SBTL's email encryption solution offers an inexpensive, flexible alternative to safeguarding your information and avoiding data breaches or unauthorized usage by automatically encrypting your outbound emails.<\/p><p>Our knowledgeable IT professionals can quickly set up this service and work with you to build precise encryption policies depending on keywords, sender, recipient, content, attachments, and other factors. Our non-proprietary automated systems use 128-bit AES (FIPS-compliant) email encryption to do the following:<\/p><ul><li>Detect and block connections possessing predetermined critical criteria to prevent data breaches.<\/li><li>Protect essential customer or private corporate data during transmission, such as new product development plans or research.<\/li><li>Allow for PCI, HIPAA, and other local or state government standards and regulations for secure email communications and data security.<\/li><\/ul>\t\t\t\t\t\t\t\t<\/div>\n\t\t\t\t<\/div>\n\t\t\t\t<div class=\"elementor-element elementor-element-e585cb9 de_scroll_animation_no elementor-widget elementor-widget-heading\" data-id=\"e585cb9\" data-element_type=\"widget\" data-widget_type=\"heading.default\">\n\t\t\t\t<div class=\"elementor-widget-container\">\n\t\t\t\t\t<p class=\"elementor-heading-title elementor-size-default\">Get this solution now! <\/p>\t\t\t\t<\/div>\n\t\t\t\t<\/div>\n\t\t\t\t<div class=\"elementor-element elementor-element-dcc6e28 elementor-align-left elementor-mobile-align-justify de_scroll_animation_no elementor-invisible elementor-widget elementor-widget-button\" data-id=\"dcc6e28\" data-element_type=\"widget\" data-settings=\"{&quot;_animation&quot;:&quot;lightSpeedIn&quot;}\" data-widget_type=\"button.default\">\n\t\t\t\t<div class=\"elementor-widget-container\">\n\t\t\t\t\t\t\t\t\t<div class=\"elementor-button-wrapper\">\n\t\t\t\t\t<a class=\"elementor-button elementor-button-link elementor-size-md elementor-animation-grow\" href=\"https:\/\/securitybytestech.com\/en\/contact-us\/\">\n\t\t\t\t\t\t<span class=\"elementor-button-content-wrapper\">\n\t\t\t\t\t\t\t\t\t<span class=\"elementor-button-text\">Contact Us <\/span>\n\t\t\t\t\t<\/span>\n\t\t\t\t\t<\/a>\n\t\t\t\t<\/div>\n\t\t\t\t\t\t\t\t<\/div>\n\t\t\t\t<\/div>\n\t\t\t\t\t<\/div>\n\t\t<\/div>\n\t\t\t\t\t<\/div>\n\t\t<\/section>\n\t\t\t\t<section class=\"elementor-section elementor-top-section elementor-element elementor-element-b1f0805 elementor-section-full_width elementor-section-height-default elementor-section-height-default\" data-id=\"b1f0805\" data-element_type=\"section\">\n\t\t\t\t\t\t<div class=\"elementor-container elementor-column-gap-no\">\n\t\t\t\t\t<div class=\"elementor-column elementor-col-50 elementor-top-column elementor-element elementor-element-c7e242f\" data-id=\"c7e242f\" data-element_type=\"column\">\n\t\t\t<div class=\"elementor-widget-wrap elementor-element-populated\">\n\t\t\t\t\t\t<div class=\"elementor-element elementor-element-4c1d6d8 de_scroll_animation_no elementor-invisible elementor-widget elementor-widget-text-editor\" data-id=\"4c1d6d8\" data-element_type=\"widget\" data-settings=\"{&quot;_animation&quot;:&quot;fadeInUp&quot;}\" data-widget_type=\"text-editor.default\">\n\t\t\t\t<div class=\"elementor-widget-container\">\n\t\t\t\t\t\t\t\t\t<p><strong>Phishing Attack Simulator<\/strong><\/p><p>When it comes to cyber threats such as phishing, your employees are typically the most vulnerable. With Security Bytes Tech's Phishing Simulation, you can teach your end users through automated attack simulations, top-tier security awareness training, and useful reporting metrics.<\/p><p><u>Customizable Simulations<\/u><\/p><p>You may construct memorable campaigns with actual SPAM emails.<\/p><p><u>Metrics That Are Beneficial<\/u><\/p><p>Our reporting metrics offer recommendations on how to improve your overall email security posture.<\/p>\t\t\t\t\t\t\t\t<\/div>\n\t\t\t\t<\/div>\n\t\t\t\t<div class=\"elementor-element elementor-element-8c8a764 de_scroll_animation_no elementor-widget elementor-widget-heading\" data-id=\"8c8a764\" data-element_type=\"widget\" data-widget_type=\"heading.default\">\n\t\t\t\t<div class=\"elementor-widget-container\">\n\t\t\t\t\t<p class=\"elementor-heading-title elementor-size-default\">Get this solution now! <\/p>\t\t\t\t<\/div>\n\t\t\t\t<\/div>\n\t\t\t\t<div class=\"elementor-element elementor-element-c8b4c08 elementor-align-left elementor-mobile-align-justify de_scroll_animation_no elementor-invisible elementor-widget elementor-widget-button\" data-id=\"c8b4c08\" data-element_type=\"widget\" data-settings=\"{&quot;_animation&quot;:&quot;lightSpeedIn&quot;}\" data-widget_type=\"button.default\">\n\t\t\t\t<div class=\"elementor-widget-container\">\n\t\t\t\t\t\t\t\t\t<div class=\"elementor-button-wrapper\">\n\t\t\t\t\t<a class=\"elementor-button elementor-button-link elementor-size-md elementor-animation-grow\" href=\"https:\/\/securitybytestech.com\/en\/contact-us\/\">\n\t\t\t\t\t\t<span class=\"elementor-button-content-wrapper\">\n\t\t\t\t\t\t\t\t\t<span class=\"elementor-button-text\">Contact Us <\/span>\n\t\t\t\t\t<\/span>\n\t\t\t\t\t<\/a>\n\t\t\t\t<\/div>\n\t\t\t\t\t\t\t\t<\/div>\n\t\t\t\t<\/div>\n\t\t\t\t\t<\/div>\n\t\t<\/div>\n\t\t\t\t<div class=\"elementor-column elementor-col-50 elementor-top-column elementor-element elementor-element-f43794d\" data-id=\"f43794d\" data-element_type=\"column\">\n\t\t\t<div class=\"elementor-widget-wrap elementor-element-populated\">\n\t\t\t\t\t\t<div class=\"elementor-element elementor-element-4ffdaa1 de_scroll_animation_no elementor-widget elementor-widget-image\" data-id=\"4ffdaa1\" data-element_type=\"widget\" data-widget_type=\"image.default\">\n\t\t\t\t<div class=\"elementor-widget-container\">\n\t\t\t\t\t\t\t\t\t\t\t\t\t\t\t<img decoding=\"async\" width=\"800\" height=\"533\" src=\"https:\/\/securitybytestech.com\/wp-content\/uploads\/2022\/07\/email-client-list-woman-hand-on-the-computer-laptop-inbox-e-mail-message-on-the-screen-close-up-1024x682.jpg\" class=\"attachment-large size-large wp-image-1827\" alt=\"Email client list, woman hand on the computer laptop, inbox e mail message on the screen, close up\" srcset=\"https:\/\/securitybytestech.com\/wp-content\/uploads\/2022\/07\/email-client-list-woman-hand-on-the-computer-laptop-inbox-e-mail-message-on-the-screen-close-up-1024x682.jpg 1024w, https:\/\/securitybytestech.com\/wp-content\/uploads\/2022\/07\/email-client-list-woman-hand-on-the-computer-laptop-inbox-e-mail-message-on-the-screen-close-up-300x200.jpg 300w, https:\/\/securitybytestech.com\/wp-content\/uploads\/2022\/07\/email-client-list-woman-hand-on-the-computer-laptop-inbox-e-mail-message-on-the-screen-close-up-768x512.jpg 768w, https:\/\/securitybytestech.com\/wp-content\/uploads\/2022\/07\/email-client-list-woman-hand-on-the-computer-laptop-inbox-e-mail-message-on-the-screen-close-up-1536x1024.jpg 1536w, https:\/\/securitybytestech.com\/wp-content\/uploads\/2022\/07\/email-client-list-woman-hand-on-the-computer-laptop-inbox-e-mail-message-on-the-screen-close-up-18x12.jpg 18w, https:\/\/securitybytestech.com\/wp-content\/uploads\/2022\/07\/email-client-list-woman-hand-on-the-computer-laptop-inbox-e-mail-message-on-the-screen-close-up.jpg 2000w\" sizes=\"(max-width: 800px) 100vw, 800px\" \/>\t\t\t\t\t\t\t\t\t\t\t\t\t\t\t<\/div>\n\t\t\t\t<\/div>\n\t\t\t\t\t<\/div>\n\t\t<\/div>\n\t\t\t\t\t<\/div>\n\t\t<\/section>\n\t\t\t\t<\/div>","protected":false},"excerpt":{"rendered":"<p>Seguridad del correo electr\u00f3nico empresarial Aprenda a usar soluciones de TI de correo electr\u00f3nico inteligente para proteger a su personal m\u00f3vil y en la oficina. Encriptaci\u00f3n de correo electr\u00f3nico El correo electr\u00f3nico se ha convertido en un objetivo popular para los piratas inform\u00e1ticos a medida que el lugar de trabajo cambia a un modelo m\u00e1s [&hellip;]<\/p>","protected":false},"author":3,"featured_media":0,"parent":0,"menu_order":0,"comment_status":"closed","ping_status":"closed","template":"","meta":{"footnotes":""},"class_list":["post-1520","page","type-page","status-publish","hentry"],"_links":{"self":[{"href":"https:\/\/securitybytestech.com\/en\/wp-json\/wp\/v2\/pages\/1520","targetHints":{"allow":["GET"]}}],"collection":[{"href":"https:\/\/securitybytestech.com\/en\/wp-json\/wp\/v2\/pages"}],"about":[{"href":"https:\/\/securitybytestech.com\/en\/wp-json\/wp\/v2\/types\/page"}],"author":[{"embeddable":true,"href":"https:\/\/securitybytestech.com\/en\/wp-json\/wp\/v2\/users\/3"}],"replies":[{"embeddable":true,"href":"https:\/\/securitybytestech.com\/en\/wp-json\/wp\/v2\/comments?post=1520"}],"version-history":[{"count":13,"href":"https:\/\/securitybytestech.com\/en\/wp-json\/wp\/v2\/pages\/1520\/revisions"}],"predecessor-version":[{"id":1830,"href":"https:\/\/securitybytestech.com\/en\/wp-json\/wp\/v2\/pages\/1520\/revisions\/1830"}],"wp:attachment":[{"href":"https:\/\/securitybytestech.com\/en\/wp-json\/wp\/v2\/media?parent=1520"}],"curies":[{"name":"wp","href":"https:\/\/api.w.org\/{rel}","templated":true}]}}