{"id":1529,"date":"2022-07-09T20:10:13","date_gmt":"2022-07-09T20:10:13","guid":{"rendered":"https:\/\/securitybytestech.com\/?page_id=1529"},"modified":"2022-07-10T20:28:06","modified_gmt":"2022-07-10T20:28:06","slug":"seguridad-de-dispositivos-moviles","status":"publish","type":"page","link":"https:\/\/securitybytestech.com\/en\/mobile-device-security\/","title":{"rendered":"Mobile Device Security"},"content":{"rendered":"<div data-elementor-type=\"wp-page\" data-elementor-id=\"1529\" class=\"elementor elementor-1529\" data-elementor-post-type=\"page\">\n\t\t\t\t\t\t<section class=\"elementor-section elementor-top-section elementor-element elementor-element-f0b022a elementor-section-full_width elementor-section-height-default elementor-section-height-default\" data-id=\"f0b022a\" data-element_type=\"section\">\n\t\t\t\t\t\t<div class=\"elementor-container elementor-column-gap-no\">\n\t\t\t\t\t<div class=\"elementor-column elementor-col-50 elementor-top-column elementor-element elementor-element-1bcd7f0\" data-id=\"1bcd7f0\" data-element_type=\"column\">\n\t\t\t<div class=\"elementor-widget-wrap elementor-element-populated\">\n\t\t\t\t\t\t<div class=\"elementor-element elementor-element-ebe07a0 de_scroll_animation_no elementor-widget elementor-widget-heading\" data-id=\"ebe07a0\" data-element_type=\"widget\" data-widget_type=\"heading.default\">\n\t\t\t\t<div class=\"elementor-widget-container\">\n\t\t\t\t\t<h1 class=\"elementor-heading-title elementor-size-default\">Mobile Device Security<\/h1>\t\t\t\t<\/div>\n\t\t\t\t<\/div>\n\t\t\t\t\t<\/div>\n\t\t<\/div>\n\t\t\t\t<div class=\"elementor-column elementor-col-50 elementor-top-column elementor-element elementor-element-7380b90 elementor-hidden-tablet elementor-hidden-phone\" data-id=\"7380b90\" data-element_type=\"column\" data-settings=\"{&quot;background_background&quot;:&quot;classic&quot;}\">\n\t\t\t<div class=\"elementor-widget-wrap\">\n\t\t\t\t\t\t\t<\/div>\n\t\t<\/div>\n\t\t\t\t\t<\/div>\n\t\t<\/section>\n\t\t\t\t<section class=\"elementor-section elementor-top-section elementor-element elementor-element-52e75784 elementor-section-full_width elementor-section-height-default elementor-section-height-default\" data-id=\"52e75784\" data-element_type=\"section\">\n\t\t\t\t\t\t<div class=\"elementor-container elementor-column-gap-no\">\n\t\t\t\t\t<div class=\"elementor-column elementor-col-50 elementor-top-column elementor-element elementor-element-77f80f58\" data-id=\"77f80f58\" data-element_type=\"column\">\n\t\t\t<div class=\"elementor-widget-wrap elementor-element-populated\">\n\t\t\t\t\t\t<div class=\"elementor-element elementor-element-491eb8d1 de_scroll_animation_no elementor-widget elementor-widget-image\" data-id=\"491eb8d1\" data-element_type=\"widget\" data-widget_type=\"image.default\">\n\t\t\t\t<div class=\"elementor-widget-container\">\n\t\t\t\t\t\t\t\t\t\t\t\t\t\t\t<img fetchpriority=\"high\" decoding=\"async\" width=\"800\" height=\"533\" src=\"https:\/\/securitybytestech.com\/wp-content\/uploads\/2022\/07\/beautiful-young-woman-in-checkered-shirt-sitting-at-home-office-and-typing-on-wireless-laptop--1024x682.jpg\" class=\"attachment-large size-large wp-image-1905\" alt=\"Beautiful young woman in checkered shirt sitting at home office and typing on wireless laptop.\" srcset=\"https:\/\/securitybytestech.com\/wp-content\/uploads\/2022\/07\/beautiful-young-woman-in-checkered-shirt-sitting-at-home-office-and-typing-on-wireless-laptop--1024x682.jpg 1024w, https:\/\/securitybytestech.com\/wp-content\/uploads\/2022\/07\/beautiful-young-woman-in-checkered-shirt-sitting-at-home-office-and-typing-on-wireless-laptop--300x200.jpg 300w, https:\/\/securitybytestech.com\/wp-content\/uploads\/2022\/07\/beautiful-young-woman-in-checkered-shirt-sitting-at-home-office-and-typing-on-wireless-laptop--768x512.jpg 768w, https:\/\/securitybytestech.com\/wp-content\/uploads\/2022\/07\/beautiful-young-woman-in-checkered-shirt-sitting-at-home-office-and-typing-on-wireless-laptop--1536x1024.jpg 1536w, https:\/\/securitybytestech.com\/wp-content\/uploads\/2022\/07\/beautiful-young-woman-in-checkered-shirt-sitting-at-home-office-and-typing-on-wireless-laptop--18x12.jpg 18w, https:\/\/securitybytestech.com\/wp-content\/uploads\/2022\/07\/beautiful-young-woman-in-checkered-shirt-sitting-at-home-office-and-typing-on-wireless-laptop-.jpg 2000w\" sizes=\"(max-width: 800px) 100vw, 800px\" \/>\t\t\t\t\t\t\t\t\t\t\t\t\t\t\t<\/div>\n\t\t\t\t<\/div>\n\t\t\t\t\t<\/div>\n\t\t<\/div>\n\t\t\t\t<div class=\"elementor-column elementor-col-50 elementor-top-column elementor-element elementor-element-470ee086\" data-id=\"470ee086\" data-element_type=\"column\">\n\t\t\t<div class=\"elementor-widget-wrap elementor-element-populated\">\n\t\t\t\t\t\t<div class=\"elementor-element elementor-element-30875537 de_scroll_animation_no elementor-invisible elementor-widget elementor-widget-text-editor\" data-id=\"30875537\" data-element_type=\"widget\" data-settings=\"{&quot;_animation&quot;:&quot;fadeInUp&quot;}\" data-widget_type=\"text-editor.default\">\n\t\t\t\t<div class=\"elementor-widget-container\">\n\t\t\t\t\t\t\t\t\t<p>Learn more about using strategic security solutions to protect your end-users' mobile devices.<\/p><p><strong>Remote Desktop Protection<\/strong><\/p><p>You may access your applications from any device, at any time, without compromising the security of your business data. Our Secure Remote Desktop will make a cloud-based version of your applications available, allowing you to connect from any device.<\/p><p><strong>On-the-Go Employee Resource Center<\/strong><\/p><p>Learn more about safeguarding and supporting a mobile workforce by visiting our resource center. Everything from Microsoft Teams to remote security is available to your workers.<\/p>\t\t\t\t\t\t\t\t<\/div>\n\t\t\t\t<\/div>\n\t\t\t\t<div class=\"elementor-element elementor-element-9057fe5 de_scroll_animation_no elementor-widget elementor-widget-heading\" data-id=\"9057fe5\" data-element_type=\"widget\" data-widget_type=\"heading.default\">\n\t\t\t\t<div class=\"elementor-widget-container\">\n\t\t\t\t\t<p class=\"elementor-heading-title elementor-size-default\">Get this solution now! <\/p>\t\t\t\t<\/div>\n\t\t\t\t<\/div>\n\t\t\t\t<div class=\"elementor-element elementor-element-dcc6e28 elementor-align-left elementor-mobile-align-justify de_scroll_animation_no elementor-invisible elementor-widget elementor-widget-button\" data-id=\"dcc6e28\" data-element_type=\"widget\" data-settings=\"{&quot;_animation&quot;:&quot;lightSpeedIn&quot;}\" data-widget_type=\"button.default\">\n\t\t\t\t<div class=\"elementor-widget-container\">\n\t\t\t\t\t\t\t\t\t<div class=\"elementor-button-wrapper\">\n\t\t\t\t\t<a class=\"elementor-button elementor-button-link elementor-size-md elementor-animation-grow\" href=\"https:\/\/securitybytestech.com\/en\/contact-us\/\">\n\t\t\t\t\t\t<span class=\"elementor-button-content-wrapper\">\n\t\t\t\t\t\t\t\t\t<span class=\"elementor-button-text\">Contact Us <\/span>\n\t\t\t\t\t<\/span>\n\t\t\t\t\t<\/a>\n\t\t\t\t<\/div>\n\t\t\t\t\t\t\t\t<\/div>\n\t\t\t\t<\/div>\n\t\t\t\t\t<\/div>\n\t\t<\/div>\n\t\t\t\t\t<\/div>\n\t\t<\/section>\n\t\t\t\t<section class=\"elementor-section elementor-top-section elementor-element elementor-element-b1f0805 elementor-section-full_width elementor-section-height-default elementor-section-height-default\" data-id=\"b1f0805\" data-element_type=\"section\">\n\t\t\t\t\t\t<div class=\"elementor-container elementor-column-gap-no\">\n\t\t\t\t\t<div class=\"elementor-column elementor-col-50 elementor-top-column elementor-element elementor-element-c7e242f\" data-id=\"c7e242f\" data-element_type=\"column\">\n\t\t\t<div class=\"elementor-widget-wrap elementor-element-populated\">\n\t\t\t\t\t\t<div class=\"elementor-element elementor-element-4c1d6d8 de_scroll_animation_no elementor-invisible elementor-widget elementor-widget-text-editor\" data-id=\"4c1d6d8\" data-element_type=\"widget\" data-settings=\"{&quot;_animation&quot;:&quot;fadeInUp&quot;}\" data-widget_type=\"text-editor.default\">\n\t\t\t\t<div class=\"elementor-widget-container\">\n\t\t\t\t\t\t\t\t\t<p><strong>Employee Cybersecurity Education<\/strong><\/p><p>Only until you understand how to use technology will it benefit you. While a result, our on-site IT training begins as we reconfigure, upgrade, or create your systems, bringing your staff up to speed so your business may grow.<\/p><p><u>Metrics You Can Use<\/u><\/p><p>To meet stringent compliance standards, we offer exams and proof-of-execution following specific training sessions.<\/p><p><u>Customizable to perfection<\/u><\/p><p>Our security experts will identify your flaws and train you to handle them head on.<\/p><p><strong>Mobile Security Best Practices<\/strong><\/p><p>Employee security is vital to your company's overall safety and wellness. Until your end-users receive extensive training on today's best-of-breed mobile security practices, they will continue to be the most significant threat to your data.<\/p><ol><li>Single-Sign-On<\/li><li>Conditional Access<\/li><li>Simulated Phishing Attack<\/li><\/ol>\t\t\t\t\t\t\t\t<\/div>\n\t\t\t\t<\/div>\n\t\t\t\t<div class=\"elementor-element elementor-element-984b4a8 de_scroll_animation_no elementor-widget elementor-widget-heading\" data-id=\"984b4a8\" data-element_type=\"widget\" data-widget_type=\"heading.default\">\n\t\t\t\t<div class=\"elementor-widget-container\">\n\t\t\t\t\t<p class=\"elementor-heading-title elementor-size-default\">Get this solution now! <\/p>\t\t\t\t<\/div>\n\t\t\t\t<\/div>\n\t\t\t\t<div class=\"elementor-element elementor-element-c8b4c08 elementor-align-left elementor-mobile-align-justify de_scroll_animation_no elementor-invisible elementor-widget elementor-widget-button\" data-id=\"c8b4c08\" data-element_type=\"widget\" data-settings=\"{&quot;_animation&quot;:&quot;lightSpeedIn&quot;}\" data-widget_type=\"button.default\">\n\t\t\t\t<div class=\"elementor-widget-container\">\n\t\t\t\t\t\t\t\t\t<div class=\"elementor-button-wrapper\">\n\t\t\t\t\t<a class=\"elementor-button elementor-button-link elementor-size-md elementor-animation-grow\" href=\"https:\/\/securitybytestech.com\/en\/contact-us\/\">\n\t\t\t\t\t\t<span class=\"elementor-button-content-wrapper\">\n\t\t\t\t\t\t\t\t\t<span class=\"elementor-button-text\">Contact Us <\/span>\n\t\t\t\t\t<\/span>\n\t\t\t\t\t<\/a>\n\t\t\t\t<\/div>\n\t\t\t\t\t\t\t\t<\/div>\n\t\t\t\t<\/div>\n\t\t\t\t\t<\/div>\n\t\t<\/div>\n\t\t\t\t<div class=\"elementor-column elementor-col-50 elementor-top-column elementor-element elementor-element-f43794d\" data-id=\"f43794d\" data-element_type=\"column\">\n\t\t\t<div class=\"elementor-widget-wrap elementor-element-populated\">\n\t\t\t\t\t\t<div class=\"elementor-element elementor-element-4ffdaa1 de_scroll_animation_no elementor-widget elementor-widget-image\" data-id=\"4ffdaa1\" data-element_type=\"widget\" data-widget_type=\"image.default\">\n\t\t\t\t<div class=\"elementor-widget-container\">\n\t\t\t\t\t\t\t\t\t\t\t\t\t\t\t<img decoding=\"async\" width=\"800\" height=\"534\" src=\"https:\/\/securitybytestech.com\/wp-content\/uploads\/2022\/07\/woman-sitting-at-a-table-with-laptop-and-looking-at-mobile-phone-while-drinking-coffee-1024x683.jpg\" class=\"attachment-large size-large wp-image-1814\" alt=\"Woman sitting at a table with laptop and looking at mobile phone while drinking coffee\" srcset=\"https:\/\/securitybytestech.com\/wp-content\/uploads\/2022\/07\/woman-sitting-at-a-table-with-laptop-and-looking-at-mobile-phone-while-drinking-coffee-1024x683.jpg 1024w, https:\/\/securitybytestech.com\/wp-content\/uploads\/2022\/07\/woman-sitting-at-a-table-with-laptop-and-looking-at-mobile-phone-while-drinking-coffee-300x200.jpg 300w, https:\/\/securitybytestech.com\/wp-content\/uploads\/2022\/07\/woman-sitting-at-a-table-with-laptop-and-looking-at-mobile-phone-while-drinking-coffee-768x512.jpg 768w, https:\/\/securitybytestech.com\/wp-content\/uploads\/2022\/07\/woman-sitting-at-a-table-with-laptop-and-looking-at-mobile-phone-while-drinking-coffee-1536x1025.jpg 1536w, https:\/\/securitybytestech.com\/wp-content\/uploads\/2022\/07\/woman-sitting-at-a-table-with-laptop-and-looking-at-mobile-phone-while-drinking-coffee-18x12.jpg 18w, https:\/\/securitybytestech.com\/wp-content\/uploads\/2022\/07\/woman-sitting-at-a-table-with-laptop-and-looking-at-mobile-phone-while-drinking-coffee.jpg 2000w\" sizes=\"(max-width: 800px) 100vw, 800px\" \/>\t\t\t\t\t\t\t\t\t\t\t\t\t\t\t<\/div>\n\t\t\t\t<\/div>\n\t\t\t\t\t<\/div>\n\t\t<\/div>\n\t\t\t\t\t<\/div>\n\t\t<\/section>\n\t\t\t\t<\/div>","protected":false},"excerpt":{"rendered":"<p>Seguridad de dispositivos m\u00f3viles Obtenga m\u00e1s informaci\u00f3n sobre el uso de soluciones de seguridad estrat\u00e9gicas para proteger los dispositivos m\u00f3viles de sus usuarios finales. Protecci\u00f3n de escritorio remoto Puede acceder a sus aplicaciones desde cualquier dispositivo, en cualquier momento, sin comprometer la seguridad de sus datos comerciales. Nuestro escritorio remoto seguro pondr\u00e1 a disposici\u00f3n una [&hellip;]<\/p>","protected":false},"author":3,"featured_media":0,"parent":0,"menu_order":0,"comment_status":"closed","ping_status":"closed","template":"","meta":{"footnotes":""},"class_list":["post-1529","page","type-page","status-publish","hentry"],"_links":{"self":[{"href":"https:\/\/securitybytestech.com\/en\/wp-json\/wp\/v2\/pages\/1529","targetHints":{"allow":["GET"]}}],"collection":[{"href":"https:\/\/securitybytestech.com\/en\/wp-json\/wp\/v2\/pages"}],"about":[{"href":"https:\/\/securitybytestech.com\/en\/wp-json\/wp\/v2\/types\/page"}],"author":[{"embeddable":true,"href":"https:\/\/securitybytestech.com\/en\/wp-json\/wp\/v2\/users\/3"}],"replies":[{"embeddable":true,"href":"https:\/\/securitybytestech.com\/en\/wp-json\/wp\/v2\/comments?post=1529"}],"version-history":[{"count":13,"href":"https:\/\/securitybytestech.com\/en\/wp-json\/wp\/v2\/pages\/1529\/revisions"}],"predecessor-version":[{"id":1908,"href":"https:\/\/securitybytestech.com\/en\/wp-json\/wp\/v2\/pages\/1529\/revisions\/1908"}],"wp:attachment":[{"href":"https:\/\/securitybytestech.com\/en\/wp-json\/wp\/v2\/media?parent=1529"}],"curies":[{"name":"wp","href":"https:\/\/api.w.org\/{rel}","templated":true}]}}