{"id":1535,"date":"2022-07-09T20:13:38","date_gmt":"2022-07-09T20:13:38","guid":{"rendered":"https:\/\/securitybytestech.com\/?page_id=1535"},"modified":"2022-07-10T19:33:15","modified_gmt":"2022-07-10T19:33:15","slug":"ti-remotas","status":"publish","type":"page","link":"https:\/\/securitybytestech.com\/en\/remote-it\/","title":{"rendered":"Remote IT"},"content":{"rendered":"<div data-elementor-type=\"wp-page\" data-elementor-id=\"1535\" class=\"elementor elementor-1535\" data-elementor-post-type=\"page\">\n\t\t\t\t\t\t<section class=\"elementor-section elementor-top-section elementor-element elementor-element-f0b022a elementor-section-full_width elementor-section-height-default elementor-section-height-default\" data-id=\"f0b022a\" data-element_type=\"section\">\n\t\t\t\t\t\t<div class=\"elementor-container elementor-column-gap-no\">\n\t\t\t\t\t<div class=\"elementor-column elementor-col-50 elementor-top-column elementor-element elementor-element-1bcd7f0\" data-id=\"1bcd7f0\" data-element_type=\"column\">\n\t\t\t<div class=\"elementor-widget-wrap elementor-element-populated\">\n\t\t\t\t\t\t<div class=\"elementor-element elementor-element-ebe07a0 de_scroll_animation_no elementor-widget elementor-widget-heading\" data-id=\"ebe07a0\" data-element_type=\"widget\" data-widget_type=\"heading.default\">\n\t\t\t\t<div class=\"elementor-widget-container\">\n\t\t\t\t\t<h1 class=\"elementor-heading-title elementor-size-default\">Remote IT<\/h1>\t\t\t\t<\/div>\n\t\t\t\t<\/div>\n\t\t\t\t\t<\/div>\n\t\t<\/div>\n\t\t\t\t<div class=\"elementor-column elementor-col-50 elementor-top-column elementor-element elementor-element-7380b90 elementor-hidden-tablet elementor-hidden-phone\" data-id=\"7380b90\" data-element_type=\"column\" data-settings=\"{&quot;background_background&quot;:&quot;classic&quot;}\">\n\t\t\t<div class=\"elementor-widget-wrap\">\n\t\t\t\t\t\t\t<\/div>\n\t\t<\/div>\n\t\t\t\t\t<\/div>\n\t\t<\/section>\n\t\t\t\t<section class=\"elementor-section elementor-top-section elementor-element elementor-element-52e75784 elementor-section-full_width elementor-section-height-default elementor-section-height-default\" data-id=\"52e75784\" data-element_type=\"section\">\n\t\t\t\t\t\t<div class=\"elementor-container elementor-column-gap-no\">\n\t\t\t\t\t<div class=\"elementor-column elementor-col-50 elementor-top-column elementor-element elementor-element-77f80f58\" data-id=\"77f80f58\" data-element_type=\"column\">\n\t\t\t<div class=\"elementor-widget-wrap elementor-element-populated\">\n\t\t\t\t\t\t<div class=\"elementor-element elementor-element-491eb8d1 de_scroll_animation_no elementor-widget elementor-widget-image\" data-id=\"491eb8d1\" data-element_type=\"widget\" data-widget_type=\"image.default\">\n\t\t\t\t<div class=\"elementor-widget-container\">\n\t\t\t\t\t\t\t\t\t\t\t\t\t\t\t<img fetchpriority=\"high\" decoding=\"async\" width=\"800\" height=\"518\" src=\"https:\/\/securitybytestech.com\/wp-content\/uploads\/2022\/07\/handsome-young-man-using-laptop-1024x663.jpg\" class=\"attachment-large size-large wp-image-1884\" alt=\"Handsome young man using laptop\" srcset=\"https:\/\/securitybytestech.com\/wp-content\/uploads\/2022\/07\/handsome-young-man-using-laptop-1024x663.jpg 1024w, https:\/\/securitybytestech.com\/wp-content\/uploads\/2022\/07\/handsome-young-man-using-laptop-300x194.jpg 300w, https:\/\/securitybytestech.com\/wp-content\/uploads\/2022\/07\/handsome-young-man-using-laptop-768x497.jpg 768w, https:\/\/securitybytestech.com\/wp-content\/uploads\/2022\/07\/handsome-young-man-using-laptop-1536x994.jpg 1536w, https:\/\/securitybytestech.com\/wp-content\/uploads\/2022\/07\/handsome-young-man-using-laptop-18x12.jpg 18w, https:\/\/securitybytestech.com\/wp-content\/uploads\/2022\/07\/handsome-young-man-using-laptop.jpg 2000w\" sizes=\"(max-width: 800px) 100vw, 800px\" \/>\t\t\t\t\t\t\t\t\t\t\t\t\t\t\t<\/div>\n\t\t\t\t<\/div>\n\t\t\t\t\t<\/div>\n\t\t<\/div>\n\t\t\t\t<div class=\"elementor-column elementor-col-50 elementor-top-column elementor-element elementor-element-470ee086\" data-id=\"470ee086\" data-element_type=\"column\">\n\t\t\t<div class=\"elementor-widget-wrap elementor-element-populated\">\n\t\t\t\t\t\t<div class=\"elementor-element elementor-element-30875537 de_scroll_animation_no elementor-invisible elementor-widget elementor-widget-text-editor\" data-id=\"30875537\" data-element_type=\"widget\" data-settings=\"{&quot;_animation&quot;:&quot;fadeInUp&quot;}\" data-widget_type=\"text-editor.default\">\n\t\t\t\t<div class=\"elementor-widget-container\">\n\t\t\t\t\t\t\t\t\t<p>You do not have to leave your clients behind when you leave the office. There are several useful tools and ways available to assist you in your job, whether you are on the road or working outside of the office. Working from any location and at any time has become essential for many businesses in order to keep ahead of the competition.<\/p>\t\t\t\t\t\t\t\t<\/div>\n\t\t\t\t<\/div>\n\t\t\t\t<div class=\"elementor-element elementor-element-5219274 de_scroll_animation_no elementor-widget elementor-widget-heading\" data-id=\"5219274\" data-element_type=\"widget\" data-widget_type=\"heading.default\">\n\t\t\t\t<div class=\"elementor-widget-container\">\n\t\t\t\t\t<p class=\"elementor-heading-title elementor-size-default\">Get this solution now! <\/p>\t\t\t\t<\/div>\n\t\t\t\t<\/div>\n\t\t\t\t<div class=\"elementor-element elementor-element-dcc6e28 elementor-align-left elementor-mobile-align-justify de_scroll_animation_no elementor-invisible elementor-widget elementor-widget-button\" data-id=\"dcc6e28\" data-element_type=\"widget\" data-settings=\"{&quot;_animation&quot;:&quot;lightSpeedIn&quot;}\" data-widget_type=\"button.default\">\n\t\t\t\t<div class=\"elementor-widget-container\">\n\t\t\t\t\t\t\t\t\t<div class=\"elementor-button-wrapper\">\n\t\t\t\t\t<a class=\"elementor-button elementor-button-link elementor-size-md elementor-animation-grow\" href=\"https:\/\/securitybytestech.com\/en\/contact-us\/\">\n\t\t\t\t\t\t<span class=\"elementor-button-content-wrapper\">\n\t\t\t\t\t\t\t\t\t<span class=\"elementor-button-text\">Contact Us <\/span>\n\t\t\t\t\t<\/span>\n\t\t\t\t\t<\/a>\n\t\t\t\t<\/div>\n\t\t\t\t\t\t\t\t<\/div>\n\t\t\t\t<\/div>\n\t\t\t\t\t<\/div>\n\t\t<\/div>\n\t\t\t\t\t<\/div>\n\t\t<\/section>\n\t\t\t\t<section class=\"elementor-section elementor-top-section elementor-element elementor-element-b1f0805 elementor-section-full_width elementor-section-height-default elementor-section-height-default\" data-id=\"b1f0805\" data-element_type=\"section\">\n\t\t\t\t\t\t<div class=\"elementor-container elementor-column-gap-no\">\n\t\t\t\t\t<div class=\"elementor-column elementor-col-50 elementor-top-column elementor-element elementor-element-c7e242f\" data-id=\"c7e242f\" data-element_type=\"column\">\n\t\t\t<div class=\"elementor-widget-wrap elementor-element-populated\">\n\t\t\t\t\t\t<div class=\"elementor-element elementor-element-4c1d6d8 de_scroll_animation_no elementor-invisible elementor-widget elementor-widget-text-editor\" data-id=\"4c1d6d8\" data-element_type=\"widget\" data-settings=\"{&quot;_animation&quot;:&quot;fadeInUp&quot;}\" data-widget_type=\"text-editor.default\">\n\t\t\t\t<div class=\"elementor-widget-container\">\n\t\t\t\t\t\t\t\t\t<p><strong>Remote delivery of IT products and solutions<\/strong><\/p><p>There are various remote IT solutions available, and our advice on which would be best for your organization will differ depending on your needs and the size of your firm. We'd be happy to guide you through the many options and advise you on the best ones for you.<\/p><p><u>Cloud-based phone systems<\/u><\/p><p>You may skip your traditional phone line, phone provider, and related call costs by using a telephony service that sends your phone calls over the internet rather than a BT connection.<\/p><p><u>Virtual Private Network (Virtual Private Network)<\/u><\/p><p>VPNs, or virtual private networks, allow users to access to their company's network from anywhere with an internet connection, just as if they were in the office. All data is transferred through an encrypted connection, assuring your network's security.<\/p><p><u>Tablets and smartphones<\/u><\/p><p>You may set up your phone or tablet to receive emails, sync your calendar, and manage your contacts. We can help you choose the best devices for your needs, as well as guidance on appropriate programs and services that will allow you to work while on the road.<\/p><p><u>Computing in the cloud<\/u><\/p><p>Computing method in which all of your software and resources are hosted on the internet, including as email, Microsoft Office, and access to your company data. You may then access everything you require at any time and from any location, including mobile devices such as tablets.<\/p><p><u>Software for online productivity<\/u><\/p><p>With services such as iCloud, SkyDrive, Google Drive, and Dropbox, it is now easier than ever to host your files on the \"cloud\" and access them from anywhere on any device, with all of the newest updates synced.<\/p>\t\t\t\t\t\t\t\t<\/div>\n\t\t\t\t<\/div>\n\t\t\t\t<div class=\"elementor-element elementor-element-dd5aaa3 de_scroll_animation_no elementor-widget elementor-widget-heading\" data-id=\"dd5aaa3\" data-element_type=\"widget\" data-widget_type=\"heading.default\">\n\t\t\t\t<div class=\"elementor-widget-container\">\n\t\t\t\t\t<p class=\"elementor-heading-title elementor-size-default\">Get this solution now! <\/p>\t\t\t\t<\/div>\n\t\t\t\t<\/div>\n\t\t\t\t<div class=\"elementor-element elementor-element-c8b4c08 elementor-align-left elementor-mobile-align-justify de_scroll_animation_no elementor-invisible elementor-widget elementor-widget-button\" data-id=\"c8b4c08\" data-element_type=\"widget\" data-settings=\"{&quot;_animation&quot;:&quot;lightSpeedIn&quot;}\" data-widget_type=\"button.default\">\n\t\t\t\t<div class=\"elementor-widget-container\">\n\t\t\t\t\t\t\t\t\t<div class=\"elementor-button-wrapper\">\n\t\t\t\t\t<a class=\"elementor-button elementor-button-link elementor-size-md elementor-animation-grow\" href=\"https:\/\/securitybytestech.com\/en\/contact-us\/\">\n\t\t\t\t\t\t<span class=\"elementor-button-content-wrapper\">\n\t\t\t\t\t\t\t\t\t<span class=\"elementor-button-text\">Contact Us <\/span>\n\t\t\t\t\t<\/span>\n\t\t\t\t\t<\/a>\n\t\t\t\t<\/div>\n\t\t\t\t\t\t\t\t<\/div>\n\t\t\t\t<\/div>\n\t\t\t\t\t<\/div>\n\t\t<\/div>\n\t\t\t\t<div class=\"elementor-column elementor-col-50 elementor-top-column elementor-element elementor-element-f43794d\" data-id=\"f43794d\" data-element_type=\"column\">\n\t\t\t<div class=\"elementor-widget-wrap elementor-element-populated\">\n\t\t\t\t\t\t<div class=\"elementor-element elementor-element-4ffdaa1 de_scroll_animation_no elementor-widget elementor-widget-image\" data-id=\"4ffdaa1\" data-element_type=\"widget\" data-widget_type=\"image.default\">\n\t\t\t\t<div class=\"elementor-widget-container\">\n\t\t\t\t\t\t\t\t\t\t\t\t\t\t\t<img decoding=\"async\" width=\"800\" height=\"533\" src=\"https:\/\/securitybytestech.com\/wp-content\/uploads\/2022\/07\/employee-tired-after-hard-working-day-in-office-1024x682.jpg\" class=\"attachment-large size-large wp-image-1886\" alt=\"Employee tired after hard-working day in office\" srcset=\"https:\/\/securitybytestech.com\/wp-content\/uploads\/2022\/07\/employee-tired-after-hard-working-day-in-office-1024x682.jpg 1024w, https:\/\/securitybytestech.com\/wp-content\/uploads\/2022\/07\/employee-tired-after-hard-working-day-in-office-300x200.jpg 300w, https:\/\/securitybytestech.com\/wp-content\/uploads\/2022\/07\/employee-tired-after-hard-working-day-in-office-768x512.jpg 768w, https:\/\/securitybytestech.com\/wp-content\/uploads\/2022\/07\/employee-tired-after-hard-working-day-in-office-1536x1024.jpg 1536w, https:\/\/securitybytestech.com\/wp-content\/uploads\/2022\/07\/employee-tired-after-hard-working-day-in-office-18x12.jpg 18w, https:\/\/securitybytestech.com\/wp-content\/uploads\/2022\/07\/employee-tired-after-hard-working-day-in-office.jpg 2000w\" sizes=\"(max-width: 800px) 100vw, 800px\" \/>\t\t\t\t\t\t\t\t\t\t\t\t\t\t\t<\/div>\n\t\t\t\t<\/div>\n\t\t\t\t\t<\/div>\n\t\t<\/div>\n\t\t\t\t\t<\/div>\n\t\t<\/section>\n\t\t\t\t<\/div>","protected":false},"excerpt":{"rendered":"<p>TI Remotas No tiene que dejar atr\u00e1s a sus clientes cuando salga de la oficina. Hay varias herramientas \u00fatiles y formas disponibles para ayudarlo en su trabajo, ya sea que est\u00e9 de viaje o trabajando fuera de la oficina. Trabajar desde cualquier lugar y en cualquier momento se ha vuelto esencial para muchas empresas para [&hellip;]<\/p>","protected":false},"author":3,"featured_media":0,"parent":0,"menu_order":0,"comment_status":"closed","ping_status":"closed","template":"","meta":{"footnotes":""},"class_list":["post-1535","page","type-page","status-publish","hentry"],"_links":{"self":[{"href":"https:\/\/securitybytestech.com\/en\/wp-json\/wp\/v2\/pages\/1535","targetHints":{"allow":["GET"]}}],"collection":[{"href":"https:\/\/securitybytestech.com\/en\/wp-json\/wp\/v2\/pages"}],"about":[{"href":"https:\/\/securitybytestech.com\/en\/wp-json\/wp\/v2\/types\/page"}],"author":[{"embeddable":true,"href":"https:\/\/securitybytestech.com\/en\/wp-json\/wp\/v2\/users\/3"}],"replies":[{"embeddable":true,"href":"https:\/\/securitybytestech.com\/en\/wp-json\/wp\/v2\/comments?post=1535"}],"version-history":[{"count":13,"href":"https:\/\/securitybytestech.com\/en\/wp-json\/wp\/v2\/pages\/1535\/revisions"}],"predecessor-version":[{"id":1889,"href":"https:\/\/securitybytestech.com\/en\/wp-json\/wp\/v2\/pages\/1535\/revisions\/1889"}],"wp:attachment":[{"href":"https:\/\/securitybytestech.com\/en\/wp-json\/wp\/v2\/media?parent=1535"}],"curies":[{"name":"wp","href":"https:\/\/api.w.org\/{rel}","templated":true}]}}