{"id":575,"date":"2022-04-15T16:52:24","date_gmt":"2022-04-15T16:52:24","guid":{"rendered":"https:\/\/securitybytestech.com\/?page_id=575"},"modified":"2022-07-09T21:03:18","modified_gmt":"2022-07-09T21:03:18","slug":"desarrollo-de-software","status":"publish","type":"page","link":"https:\/\/securitybytestech.com\/en\/software-development\/","title":{"rendered":"Software Development"},"content":{"rendered":"<div data-elementor-type=\"wp-page\" data-elementor-id=\"575\" class=\"elementor elementor-575\" data-elementor-post-type=\"page\">\n\t\t\t\t\t\t<section class=\"elementor-section elementor-top-section elementor-element elementor-element-b05fdf0 elementor-section-full_width elementor-section-height-default elementor-section-height-default\" data-id=\"b05fdf0\" data-element_type=\"section\">\n\t\t\t\t\t\t<div class=\"elementor-container elementor-column-gap-no\">\n\t\t\t\t\t<div class=\"elementor-column elementor-col-50 elementor-top-column elementor-element elementor-element-92a3ca4\" data-id=\"92a3ca4\" data-element_type=\"column\">\n\t\t\t<div class=\"elementor-widget-wrap elementor-element-populated\">\n\t\t\t\t\t\t<div class=\"elementor-element elementor-element-1cfc1e7 de_scroll_animation_no elementor-widget elementor-widget-heading\" data-id=\"1cfc1e7\" data-element_type=\"widget\" data-widget_type=\"heading.default\">\n\t\t\t\t<div class=\"elementor-widget-container\">\n\t\t\t\t\t<h1 class=\"elementor-heading-title elementor-size-default\">Software Development\n\n\n<\/h1>\t\t\t\t<\/div>\n\t\t\t\t<\/div>\n\t\t\t\t\t<\/div>\n\t\t<\/div>\n\t\t\t\t<div class=\"elementor-column elementor-col-50 elementor-top-column elementor-element elementor-element-5029e31 elementor-hidden-tablet elementor-hidden-phone\" data-id=\"5029e31\" data-element_type=\"column\" data-settings=\"{&quot;background_background&quot;:&quot;classic&quot;}\">\n\t\t\t<div class=\"elementor-widget-wrap\">\n\t\t\t\t\t\t\t<\/div>\n\t\t<\/div>\n\t\t\t\t\t<\/div>\n\t\t<\/section>\n\t\t\t\t<section class=\"elementor-section elementor-top-section elementor-element elementor-element-74ac511f elementor-section-full_width elementor-section-height-default elementor-section-height-default\" data-id=\"74ac511f\" data-element_type=\"section\">\n\t\t\t\t\t\t<div class=\"elementor-container elementor-column-gap-no\">\n\t\t\t\t\t<div class=\"elementor-column elementor-col-50 elementor-top-column elementor-element elementor-element-2d23164f\" data-id=\"2d23164f\" data-element_type=\"column\">\n\t\t\t<div class=\"elementor-widget-wrap elementor-element-populated\">\n\t\t\t\t\t\t<div class=\"elementor-element elementor-element-67abd452 de_scroll_animation_no elementor-widget elementor-widget-image\" data-id=\"67abd452\" data-element_type=\"widget\" data-widget_type=\"image.default\">\n\t\t\t\t<div class=\"elementor-widget-container\">\n\t\t\t\t\t\t\t\t\t\t\t\t\t\t\t<img fetchpriority=\"high\" decoding=\"async\" width=\"800\" height=\"800\" src=\"https:\/\/securitybytestech.com\/wp-content\/uploads\/2022\/04\/shutterstock_1823892221-1024x1024.png\" class=\"attachment-large size-large wp-image-603\" alt=\"\" srcset=\"https:\/\/securitybytestech.com\/wp-content\/uploads\/2022\/04\/shutterstock_1823892221-1024x1024.png 1024w, https:\/\/securitybytestech.com\/wp-content\/uploads\/2022\/04\/shutterstock_1823892221-300x300.png 300w, https:\/\/securitybytestech.com\/wp-content\/uploads\/2022\/04\/shutterstock_1823892221-150x150.png 150w, https:\/\/securitybytestech.com\/wp-content\/uploads\/2022\/04\/shutterstock_1823892221-768x768.png 768w, https:\/\/securitybytestech.com\/wp-content\/uploads\/2022\/04\/shutterstock_1823892221-12x12.png 12w, https:\/\/securitybytestech.com\/wp-content\/uploads\/2022\/04\/shutterstock_1823892221.png 1200w\" sizes=\"(max-width: 800px) 100vw, 800px\" \/>\t\t\t\t\t\t\t\t\t\t\t\t\t\t\t<\/div>\n\t\t\t\t<\/div>\n\t\t\t\t<div class=\"elementor-element elementor-element-bf607f1 de_scroll_animation_no elementor-widget elementor-widget-image\" data-id=\"bf607f1\" data-element_type=\"widget\" data-widget_type=\"image.default\">\n\t\t\t\t<div class=\"elementor-widget-container\">\n\t\t\t\t\t\t\t\t\t\t\t\t\t\t\t<img decoding=\"async\" width=\"800\" height=\"800\" src=\"https:\/\/securitybytestech.com\/wp-content\/uploads\/2022\/04\/shutterstock_2104693190-1024x1024.png\" class=\"attachment-large size-large wp-image-607\" alt=\"\" srcset=\"https:\/\/securitybytestech.com\/wp-content\/uploads\/2022\/04\/shutterstock_2104693190-1024x1024.png 1024w, https:\/\/securitybytestech.com\/wp-content\/uploads\/2022\/04\/shutterstock_2104693190-300x300.png 300w, https:\/\/securitybytestech.com\/wp-content\/uploads\/2022\/04\/shutterstock_2104693190-150x150.png 150w, https:\/\/securitybytestech.com\/wp-content\/uploads\/2022\/04\/shutterstock_2104693190-768x768.png 768w, https:\/\/securitybytestech.com\/wp-content\/uploads\/2022\/04\/shutterstock_2104693190-12x12.png 12w, https:\/\/securitybytestech.com\/wp-content\/uploads\/2022\/04\/shutterstock_2104693190.png 1200w\" sizes=\"(max-width: 800px) 100vw, 800px\" \/>\t\t\t\t\t\t\t\t\t\t\t\t\t\t\t<\/div>\n\t\t\t\t<\/div>\n\t\t\t\t\t<\/div>\n\t\t<\/div>\n\t\t\t\t<div class=\"elementor-column elementor-col-50 elementor-top-column elementor-element elementor-element-5612730b\" data-id=\"5612730b\" data-element_type=\"column\">\n\t\t\t<div class=\"elementor-widget-wrap elementor-element-populated\">\n\t\t\t\t\t\t<div class=\"elementor-element elementor-element-8af1a13 de_scroll_animation_no elementor-invisible elementor-widget elementor-widget-text-editor\" data-id=\"8af1a13\" data-element_type=\"widget\" data-settings=\"{&quot;_animation&quot;:&quot;fadeInUp&quot;}\" data-widget_type=\"text-editor.default\">\n\t\t\t\t<div class=\"elementor-widget-container\">\n\t\t\t\t\t\t\t\t\t<p>Our flexible software development and testing contracts enable organizations to successfully complete their portfolio of strategic software projects, ensuring market expansion and dominance.<\/p><p>We have extensive experience building mobile applications for the Android and iOS platforms, as well as working with industry-leading mobile frameworks.<\/p><p><u>High-Performance Team<\/u><\/p><p>SST assembles a human resource team that is precisely matched to the type of project and technology to be used.<\/p><p>We have professionals in JAVA, JavaScript, HTML5, CSS 3, and sophisticated frameworks like as ZK, Angular, and Cordova.<\/p><p><u>Consultants with Expertise<\/u><\/p><p>Our senior specialists guide the work team by identifying essential areas of emphasis for achieving quantitative and qualitative advances in design, architecture, and software artifacts. Assistance is offered from the beginning to the end of the project.<\/p><p><u>Administration of Time<\/u><\/p><p>We guarantee that all deadlines will be reached. We use global methodologies such as PM BOK and SCRUM depending on the kind of project and contract.<\/p><p>Development of Mobile Applications<\/p><p>Our personnel and processes ensure that projects are completed on time and within budget. We provide the entire or a portion of the mobile project life cycle, which includes requirement gathering, app development, quality assurance (QA), external documentation, and promotional video.<\/p><p>Among the mobile applications available in our store are the following:<\/p><ul><li>Mobile Banking<\/li><li>CRM Sales Marketing<\/li><li>Calendar<\/li><li>Collections in Motion<\/li><li>In-store order taking<\/li><li>Trade-offs<\/li><li>Upkeep of telephone towers<\/li><\/ul><p>Making a Website<\/p><p>Our software factory follows CMMI guidelines and provides hands-on development for web and mobile applications. From requirement gathering through project management (SCRUM), quality control, and manual creation, BDG provides world-class service.<\/p><p>We have completed over 2,000 projects for banks, retail firms, telecommunications corporations, commercial and industrial enterprises, and others with our software development staff of over 125 individuals.<\/p><p>We work with Java, Microsoft.NET, Oracle, Ruby on Rails, Python, PHP, and other technologies. Our clientele throughout Central America, South America, and the Caribbean are our finest marketing card.<\/p><p>Delegate your software development projects to experts who use best practices like CMMI, SCRUM, and others.<\/p><p>We have SCRUM, ITIL, Microsoft, and Oracle certified engineers on staff and provide services such as:<\/p><ul><li>Obtaining Requisitions<\/li><li>Software Creation<\/li><li>Quality Inspection<\/li><li>Documentation Creation<\/li><\/ul><p>Methodologies of Adaptation<\/p><p>PMBOK and SCRUM are two popular project management methods that have been modified. Advanced languages and platforms for agile development paradigms include JAVA, Javascript, HTML 5\/CSS 3, and TIBCO Analytics.<\/p><p>Contracts for Time and Materials<\/p><p>The \"Time and Materials Contract\" model is suitable for intra-company initiatives and new businesses. Because he is in an unclear scenario and feels obliged to investigate and pivot, the consumer has no notion what the ultimate result will be.<\/p><p>Contracts with a Fixed Price<\/p><p>When the customer possesses thorough product documentation, the \"Contract of Price with Price Adjustment\" approach is ideal. It facilitates the creation of a waterfall development paradigm.<\/p><p>Extreme Effectiveness<\/p><p>Our theory and practice's success is built on a careful mix of: Synergy between the provider's and the client's equipment; expert mentorship from our senior consultants; and careful time management.<\/p>\t\t\t\t\t\t\t\t<\/div>\n\t\t\t\t<\/div>\n\t\t\t\t<div class=\"elementor-element elementor-element-7144a1c de_scroll_animation_no elementor-widget elementor-widget-heading\" data-id=\"7144a1c\" data-element_type=\"widget\" data-widget_type=\"heading.default\">\n\t\t\t\t<div class=\"elementor-widget-container\">\n\t\t\t\t\t<p class=\"elementor-heading-title elementor-size-default\">Get services now! <\/p>\t\t\t\t<\/div>\n\t\t\t\t<\/div>\n\t\t\t\t<div class=\"elementor-element elementor-element-850a4a3 elementor-align-left elementor-mobile-align-justify de_scroll_animation_no elementor-invisible elementor-widget elementor-widget-button\" data-id=\"850a4a3\" data-element_type=\"widget\" data-settings=\"{&quot;_animation&quot;:&quot;lightSpeedIn&quot;}\" data-widget_type=\"button.default\">\n\t\t\t\t<div class=\"elementor-widget-container\">\n\t\t\t\t\t\t\t\t\t<div class=\"elementor-button-wrapper\">\n\t\t\t\t\t<a class=\"elementor-button elementor-button-link elementor-size-md elementor-animation-grow\" href=\"https:\/\/securitybytestech.com\/en\/contact-us\/\">\n\t\t\t\t\t\t<span class=\"elementor-button-content-wrapper\">\n\t\t\t\t\t\t\t\t\t<span class=\"elementor-button-text\">Contact Us <\/span>\n\t\t\t\t\t<\/span>\n\t\t\t\t\t<\/a>\n\t\t\t\t<\/div>\n\t\t\t\t\t\t\t\t<\/div>\n\t\t\t\t<\/div>\n\t\t\t\t\t<\/div>\n\t\t<\/div>\n\t\t\t\t\t<\/div>\n\t\t<\/section>\n\t\t\t\t<section class=\"elementor-section elementor-top-section elementor-element elementor-element-50f7380 elementor-section-full_width elementor-section-height-default elementor-section-height-default\" data-id=\"50f7380\" data-element_type=\"section\">\n\t\t\t\t\t\t<div class=\"elementor-container elementor-column-gap-no\">\n\t\t\t\t\t<div class=\"elementor-column elementor-col-50 elementor-top-column elementor-element elementor-element-2346dedf\" data-id=\"2346dedf\" data-element_type=\"column\">\n\t\t\t<div class=\"elementor-widget-wrap elementor-element-populated\">\n\t\t\t\t\t\t<div class=\"elementor-element elementor-element-326abc7 de_scroll_animation_no elementor-widget elementor-widget-heading\" data-id=\"326abc7\" data-element_type=\"widget\" data-widget_type=\"heading.default\">\n\t\t\t\t<div class=\"elementor-widget-container\">\n\t\t\t\t\t<h2 class=\"elementor-heading-title elementor-size-default\">E-learning\n\n\n\n<\/h2>\t\t\t\t<\/div>\n\t\t\t\t<\/div>\n\t\t\t\t<div class=\"elementor-element elementor-element-8ee5840 de_scroll_animation_no elementor-invisible elementor-widget elementor-widget-text-editor\" data-id=\"8ee5840\" data-element_type=\"widget\" data-settings=\"{&quot;_animation&quot;:&quot;fadeInUp&quot;}\" data-widget_type=\"text-editor.default\">\n\t\t\t\t<div class=\"elementor-widget-container\">\n\t\t\t\t\t\t\t\t\t<p>Because training centers have limited space, Security Bytes Tech allows it to increase both its quality and its capacity to teach its staff without the need for further expenditures in furniture, apparatus, equipment, or trainers.<\/p><p>The following difficulties are included in the trainings:<\/p><ul><li>Products, rules, standards, and processes are always evolving.<\/li><li>New coworkers, work teams, and jobs, as well as job transitions.<\/li><li>Because of the geographical dispersion of work sites, logistical costs are substantial.<\/li><\/ul>\t\t\t\t\t\t\t\t<\/div>\n\t\t\t\t<\/div>\n\t\t\t\t<div class=\"elementor-element elementor-element-c9bd2a8 de_scroll_animation_no elementor-widget elementor-widget-heading\" data-id=\"c9bd2a8\" data-element_type=\"widget\" data-widget_type=\"heading.default\">\n\t\t\t\t<div class=\"elementor-widget-container\">\n\t\t\t\t\t<p class=\"elementor-heading-title elementor-size-default\">Get services now! <\/p>\t\t\t\t<\/div>\n\t\t\t\t<\/div>\n\t\t\t\t<div class=\"elementor-element elementor-element-78e57cd elementor-align-left elementor-mobile-align-justify de_scroll_animation_no elementor-invisible elementor-widget elementor-widget-button\" data-id=\"78e57cd\" data-element_type=\"widget\" data-settings=\"{&quot;_animation&quot;:&quot;lightSpeedIn&quot;}\" data-widget_type=\"button.default\">\n\t\t\t\t<div class=\"elementor-widget-container\">\n\t\t\t\t\t\t\t\t\t<div class=\"elementor-button-wrapper\">\n\t\t\t\t\t<a class=\"elementor-button elementor-button-link elementor-size-md elementor-animation-grow\" href=\"https:\/\/securitybytestech.com\/en\/contact-us\/\">\n\t\t\t\t\t\t<span class=\"elementor-button-content-wrapper\">\n\t\t\t\t\t\t\t\t\t<span class=\"elementor-button-text\">Contact Us <\/span>\n\t\t\t\t\t<\/span>\n\t\t\t\t\t<\/a>\n\t\t\t\t<\/div>\n\t\t\t\t\t\t\t\t<\/div>\n\t\t\t\t<\/div>\n\t\t\t\t\t<\/div>\n\t\t<\/div>\n\t\t\t\t<div class=\"elementor-column elementor-col-50 elementor-top-column elementor-element elementor-element-7f814ebe\" data-id=\"7f814ebe\" data-element_type=\"column\">\n\t\t\t<div class=\"elementor-widget-wrap elementor-element-populated\">\n\t\t\t\t\t\t<div class=\"elementor-element elementor-element-34def553 de_scroll_animation_no elementor-widget elementor-widget-image\" data-id=\"34def553\" data-element_type=\"widget\" data-widget_type=\"image.default\">\n\t\t\t\t<div class=\"elementor-widget-container\">\n\t\t\t\t\t\t\t\t\t\t\t\t\t\t\t<img decoding=\"async\" width=\"800\" height=\"800\" src=\"https:\/\/securitybytestech.com\/wp-content\/uploads\/2022\/04\/shutterstock_2017793237-1024x1024.png\" class=\"attachment-large size-large wp-image-617\" alt=\"\" srcset=\"https:\/\/securitybytestech.com\/wp-content\/uploads\/2022\/04\/shutterstock_2017793237-1024x1024.png 1024w, https:\/\/securitybytestech.com\/wp-content\/uploads\/2022\/04\/shutterstock_2017793237-300x300.png 300w, https:\/\/securitybytestech.com\/wp-content\/uploads\/2022\/04\/shutterstock_2017793237-150x150.png 150w, https:\/\/securitybytestech.com\/wp-content\/uploads\/2022\/04\/shutterstock_2017793237-768x768.png 768w, https:\/\/securitybytestech.com\/wp-content\/uploads\/2022\/04\/shutterstock_2017793237-12x12.png 12w, https:\/\/securitybytestech.com\/wp-content\/uploads\/2022\/04\/shutterstock_2017793237.png 1200w\" sizes=\"(max-width: 800px) 100vw, 800px\" \/>\t\t\t\t\t\t\t\t\t\t\t\t\t\t\t<\/div>\n\t\t\t\t<\/div>\n\t\t\t\t\t<\/div>\n\t\t<\/div>\n\t\t\t\t\t<\/div>\n\t\t<\/section>\n\t\t\t\t<\/div>","protected":false},"excerpt":{"rendered":"<p>Desarrollo de software Nuestros contratos flexibles de desarrollo y prueba de software permiten a las organizaciones completar con \u00e9xito su cartera de proyectos de software estrat\u00e9gicos, asegurando la expansi\u00f3n y el dominio del mercado. Tenemos una amplia experiencia en la creaci\u00f3n de aplicaciones m\u00f3viles para las plataformas Android e iOS, adem\u00e1s de trabajar con marcos [&hellip;]<\/p>","protected":false},"author":3,"featured_media":0,"parent":0,"menu_order":0,"comment_status":"closed","ping_status":"closed","template":"","meta":{"footnotes":""},"class_list":["post-575","page","type-page","status-publish","hentry"],"_links":{"self":[{"href":"https:\/\/securitybytestech.com\/en\/wp-json\/wp\/v2\/pages\/575","targetHints":{"allow":["GET"]}}],"collection":[{"href":"https:\/\/securitybytestech.com\/en\/wp-json\/wp\/v2\/pages"}],"about":[{"href":"https:\/\/securitybytestech.com\/en\/wp-json\/wp\/v2\/types\/page"}],"author":[{"embeddable":true,"href":"https:\/\/securitybytestech.com\/en\/wp-json\/wp\/v2\/users\/3"}],"replies":[{"embeddable":true,"href":"https:\/\/securitybytestech.com\/en\/wp-json\/wp\/v2\/comments?post=575"}],"version-history":[{"count":46,"href":"https:\/\/securitybytestech.com\/en\/wp-json\/wp\/v2\/pages\/575\/revisions"}],"predecessor-version":[{"id":1645,"href":"https:\/\/securitybytestech.com\/en\/wp-json\/wp\/v2\/pages\/575\/revisions\/1645"}],"wp:attachment":[{"href":"https:\/\/securitybytestech.com\/en\/wp-json\/wp\/v2\/media?parent=575"}],"curies":[{"name":"wp","href":"https:\/\/api.w.org\/{rel}","templated":true}]}}